{"id":185,"date":"2020-05-26T14:10:58","date_gmt":"2020-05-26T14:10:58","guid":{"rendered":"https:\/\/corequimicas.com.mx\/?page_id=185"},"modified":"2020-05-26T15:03:04","modified_gmt":"2020-05-26T15:03:04","slug":"quienes-somos","status":"publish","type":"page","link":"https:\/\/corequimicas.com.mx\/index.php\/quienes-somos\/","title":{"rendered":"\u00bfQui\u00e9nes somos?"},"content":{"rendered":"\t\t<div data-elementor-type=\"wp-page\" data-elementor-id=\"185\" class=\"elementor elementor-185\" data-elementor-settings=\"[]\">\n\t\t\t\t\t\t<div class=\"elementor-inner\">\n\t\t\t\t\t\t\t<div class=\"elementor-section-wrap\">\n\t\t\t\t\t\t\t<section class=\"elementor-section elementor-top-section elementor-element elementor-element-8764c16 elementor-section-stretched elementor-section-boxed elementor-section-height-default elementor-section-height-default\" data-id=\"8764c16\" data-element_type=\"section\" data-settings=\"{&quot;stretch_section&quot;:&quot;section-stretched&quot;,&quot;background_background&quot;:&quot;video&quot;}\">\n\t\t\t\t\t\t\t<div class=\"elementor-background-overlay\"><\/div>\n\t\t\t\t\t\t\t<div class=\"elementor-container elementor-column-gap-default\">\n\t\t\t\t\t\t\t<div class=\"elementor-row\">\n\t\t\t\t\t<div class=\"elementor-column elementor-col-100 elementor-top-column elementor-element elementor-element-40b137b\" data-id=\"40b137b\" data-element_type=\"column\">\n\t\t\t<div class=\"elementor-column-wrap elementor-element-populated\">\n\t\t\t\t\t\t\t<div class=\"elementor-widget-wrap\">\n\t\t\t\t\t\t<div class=\"elementor-element elementor-element-91e93ea elementor-widget elementor-widget-heading\" data-id=\"91e93ea\" data-element_type=\"widget\" data-widget_type=\"heading.default\">\n\t\t\t\t<div class=\"elementor-widget-container\">\n\t\t\t<h2 class=\"elementor-heading-title elementor-size-default\"><b>\u00bfQui\u00e9nes Somos?<\/b><\/h2>\t\t<\/div>\n\t\t\t\t<\/div>\n\t\t\t\t<div class=\"elementor-element elementor-element-6c71c7e elementor-widget elementor-widget-text-editor\" data-id=\"6c71c7e\" data-element_type=\"widget\" data-widget_type=\"text-editor.default\">\n\t\t\t\t<div class=\"elementor-widget-container\">\n\t\t\t\t\t<div class=\"elementor-text-editor elementor-clearfix\"><h5><b>Es para nosotros un placer presentar ante usted a la familia Core Qu\u00edmicas S.A, de C.V. la cual cuenta con m\u00e1s de 10 a\u00f1os de experiencia, dedicada a la venta y comercializaci\u00f3n de reactivos, equipos y consumibles para las diversas \u00e1reas de Laboratorios e Industrias; teniendo presencia en los sectores p\u00fablicos y privados. Core Qu\u00edmicas, se ha caracterizado por ofrecer productos innovadores, en \u00e1reas de Qu\u00edmica Cl\u00ednica, Coagulaci\u00f3n, Toma de muestra, Urianalisis, Microbiolog\u00eda Sanitaria, Intolerancia a los alimentos, Biolog\u00eda molecular, Bacteriolog\u00eda, Inmunolog\u00eda, Materiales y Consumibles para su Laboratorio.<\/b><\/h5><h5><b>Nuestros productos ofrecen resultados m\u00e1s r\u00e1pidos, confiables en beneficio para el cliente y su producci\u00f3n, tomando en cuenta el costo adecuado de venta del producto.<\/b><\/h5><div><b>\u00a0<\/b><\/div><div><h2>Misi\u00f3n<\/h2><h5>Proveer soluciones integrales y efectivas para el laboratorio de an\u00e1lisis cl\u00ednicos, industrial y de investigaci\u00f3n, que satisfagan las necesidades de nuestros clientes, gener\u00e1ndoles valor, a trav\u00e9s de la integraci\u00f3n de tecnolog\u00eda y recursos a sus Organizaciones.<\/h5><h2>Visi\u00f3n<\/h2><h5>Ser un aliado en el \u00e9xito de las Organizaciones, brind\u00e1ndoles la opci\u00f3n m\u00e1s confiable en soluciones de Laboratorio, a trav\u00e9s de la m\u00e1s alta calidad en el servicio personalizado.<br \/>Ser la opci\u00f3n preferente de nuestros clientes.<\/h5><div><h2 class=\"google-fonts-blocks\">POL\u00cdTICA DE CALIDAD<\/h2><h5>En Core Qu\u00edmicas asumimos el compromiso de atender a nuestros clientes internos y externos, ofreci\u00e9ndoles productos, servicios y tecnolog\u00eda adecuada a partir de sus necesidades; a trav\u00e9s del establecimiento y cumplimiento de est\u00e1ndares de calidad y servicio en el marco de un sistema de gesti\u00f3n basado en la norma internacional ISO, que contribuya a la operaci\u00f3n eficiente y la mejora continua de nuestros procesos.<\/h5><h5>Para lograr lo anterior, contamos con sistemas de trabajo integrados por personal comprometido, capacitado y guiado por valores compartidos, cuyo compromiso es brindar a nuestros clientes una oferta de valor agregado que supere sus expectativas; siendo esto el principal valor que contribuye al desarrollo de nuestra empresa.<\/h5><\/div><div>\u00a0<\/div><\/div><\/div>\n\t\t\t\t<\/div>\n\t\t\t\t<\/div>\n\t\t\t\t\t\t<\/div>\n\t\t\t\t\t<\/div>\n\t\t<\/div>\n\t\t\t\t\t\t\t\t<\/div>\n\t\t\t\t\t<\/div>\n\t\t<\/section>\n\t\t\t\t\t\t<\/div>\n\t\t\t\t\t\t<\/div>\n\t\t\t\t\t<\/div>\n\t\t","protected":false},"excerpt":{"rendered":"<p>\u00bfQui\u00e9nes Somos? Es para nosotros un placer presentar ante usted a la familia Core Qu\u00edmicas S.A, de C.V. la cual cuenta con m\u00e1s de 10 a\u00f1os de experiencia, dedicada a la venta y comercializaci\u00f3n de reactivos, equipos y consumibles para las diversas \u00e1reas de Laboratorios e Industrias; teniendo presencia en los sectores p\u00fablicos y privados. [&hellip;]<\/p>\n","protected":false},"author":1,"featured_media":0,"parent":0,"menu_order":0,"comment_status":"closed","ping_status":"closed","template":"","meta":[],"_links":{"self":[{"href":"https:\/\/corequimicas.com.mx\/index.php\/wp-json\/wp\/v2\/pages\/185"}],"collection":[{"href":"https:\/\/corequimicas.com.mx\/index.php\/wp-json\/wp\/v2\/pages"}],"about":[{"href":"https:\/\/corequimicas.com.mx\/index.php\/wp-json\/wp\/v2\/types\/page"}],"author":[{"embeddable":true,"href":"https:\/\/corequimicas.com.mx\/index.php\/wp-json\/wp\/v2\/users\/1"}],"replies":[{"embeddable":true,"href":"https:\/\/corequimicas.com.mx\/index.php\/wp-json\/wp\/v2\/comments?post=185"}],"version-history":[{"count":4,"href":"https:\/\/corequimicas.com.mx\/index.php\/wp-json\/wp\/v2\/pages\/185\/revisions"}],"predecessor-version":[{"id":192,"href":"https:\/\/corequimicas.com.mx\/index.php\/wp-json\/wp\/v2\/pages\/185\/revisions\/192"}],"wp:attachment":[{"href":"https:\/\/corequimicas.com.mx\/index.php\/wp-json\/wp\/v2\/media?parent=185"}],"curies":[{"name":"wp","href":"https:\/\/api.w.org\/{rel}","templated":true}]}}