{"id":207,"date":"2020-05-26T20:49:49","date_gmt":"2020-05-26T20:49:49","guid":{"rendered":"https:\/\/corequimicas.com.mx\/?page_id=207"},"modified":"2020-05-26T20:59:55","modified_gmt":"2020-05-26T20:59:55","slug":"quimica-clinica","status":"publish","type":"page","link":"https:\/\/corequimicas.com.mx\/index.php\/quimica-clinica\/","title":{"rendered":"Qu\u00edmica Cl\u00ednica"},"content":{"rendered":"\t\t<div data-elementor-type=\"wp-page\" data-elementor-id=\"207\" class=\"elementor elementor-207\" data-elementor-settings=\"[]\">\n\t\t\t\t\t\t<div class=\"elementor-inner\">\n\t\t\t\t\t\t\t<div class=\"elementor-section-wrap\">\n\t\t\t\t\t\t\t<section class=\"elementor-section elementor-top-section elementor-element elementor-element-0f0594d elementor-section-stretched elementor-section-boxed elementor-section-height-default elementor-section-height-default\" data-id=\"0f0594d\" data-element_type=\"section\" data-settings=\"{&quot;stretch_section&quot;:&quot;section-stretched&quot;,&quot;background_background&quot;:&quot;video&quot;}\">\n\t\t\t\t\t\t\t<div class=\"elementor-background-overlay\"><\/div>\n\t\t\t\t\t\t\t<div class=\"elementor-container elementor-column-gap-default\">\n\t\t\t\t\t\t\t<div class=\"elementor-row\">\n\t\t\t\t\t<div class=\"elementor-column elementor-col-100 elementor-top-column elementor-element elementor-element-b53cbea\" data-id=\"b53cbea\" data-element_type=\"column\">\n\t\t\t<div class=\"elementor-column-wrap elementor-element-populated\">\n\t\t\t\t\t\t\t<div class=\"elementor-widget-wrap\">\n\t\t\t\t\t\t<div class=\"elementor-element elementor-element-ba2f4a0 elementor-widget elementor-widget-text-editor\" data-id=\"ba2f4a0\" data-element_type=\"widget\" data-widget_type=\"text-editor.default\">\n\t\t\t\t<div class=\"elementor-widget-container\">\n\t\t\t\t\t<div class=\"elementor-text-editor elementor-clearfix\"><h5>La Qu\u00edmica Cl\u00ednica se ocupa del estudio de los aspectos qu\u00edmicos de la vida humana, con la aplicaci\u00f3n de los m\u00e9todos de laboratorio para el diagn\u00f3stico, el seguimiento, el control de tratamiento, la prevenci\u00f3n y la investigaci\u00f3n de la enfermedad. Los or\u00edgenes de esta especialidad datan de hace unos doscientos a\u00f1os, con una lenta evoluci\u00f3n durante el siglo pasado y la primera mitad del siglo XX. A partir de los a\u00f1os sesenta, sin embargo, ha experimentado grandes avances, no s\u00f3lo como consecuencia del empleo de t\u00e9cnicas anal\u00edticas de gran exactitud, precisi\u00f3n y sensibilidad, sino tambi\u00e9n como consecuencia de la profundizaci\u00f3n en el conocimiento de los aspectos moleculares de la enfermedad.<\/h5><\/div>\n\t\t\t\t<\/div>\n\t\t\t\t<\/div>\n\t\t\t\t\t\t<\/div>\n\t\t\t\t\t<\/div>\n\t\t<\/div>\n\t\t\t\t\t\t\t\t<\/div>\n\t\t\t\t\t<\/div>\n\t\t<\/section>\n\t\t\t\t\t\t<\/div>\n\t\t\t\t\t\t<\/div>\n\t\t\t\t\t<\/div>\n\t\t","protected":false},"excerpt":{"rendered":"<p>La Qu\u00edmica Cl\u00ednica se ocupa del estudio de los aspectos qu\u00edmicos de la vida humana, con la aplicaci\u00f3n de los m\u00e9todos de laboratorio para el diagn\u00f3stico, el seguimiento, el control de tratamiento, la prevenci\u00f3n y la investigaci\u00f3n de la enfermedad. Los or\u00edgenes de esta especialidad datan de hace unos doscientos a\u00f1os, con una lenta evoluci\u00f3n [&hellip;]<\/p>\n","protected":false},"author":1,"featured_media":0,"parent":0,"menu_order":0,"comment_status":"closed","ping_status":"closed","template":"","meta":[],"_links":{"self":[{"href":"https:\/\/corequimicas.com.mx\/index.php\/wp-json\/wp\/v2\/pages\/207"}],"collection":[{"href":"https:\/\/corequimicas.com.mx\/index.php\/wp-json\/wp\/v2\/pages"}],"about":[{"href":"https:\/\/corequimicas.com.mx\/index.php\/wp-json\/wp\/v2\/types\/page"}],"author":[{"embeddable":true,"href":"https:\/\/corequimicas.com.mx\/index.php\/wp-json\/wp\/v2\/users\/1"}],"replies":[{"embeddable":true,"href":"https:\/\/corequimicas.com.mx\/index.php\/wp-json\/wp\/v2\/comments?post=207"}],"version-history":[{"count":3,"href":"https:\/\/corequimicas.com.mx\/index.php\/wp-json\/wp\/v2\/pages\/207\/revisions"}],"predecessor-version":[{"id":211,"href":"https:\/\/corequimicas.com.mx\/index.php\/wp-json\/wp\/v2\/pages\/207\/revisions\/211"}],"wp:attachment":[{"href":"https:\/\/corequimicas.com.mx\/index.php\/wp-json\/wp\/v2\/media?parent=207"}],"curies":[{"name":"wp","href":"https:\/\/api.w.org\/{rel}","templated":true}]}}