{"id":405,"date":"2020-12-21T15:47:21","date_gmt":"2020-12-21T15:47:21","guid":{"rendered":"https:\/\/corequimicas.com.mx\/?page_id=405"},"modified":"2020-12-22T16:34:41","modified_gmt":"2020-12-22T16:34:41","slug":"placas-3m-petrifilm","status":"publish","type":"page","link":"https:\/\/corequimicas.com.mx\/index.php\/placas-3m-petrifilm\/","title":{"rendered":"Placas 3M \u2122 Petrifilm \u2122"},"content":{"rendered":"\t\t<div data-elementor-type=\"wp-page\" data-elementor-id=\"405\" class=\"elementor elementor-405\" data-elementor-settings=\"[]\">\n\t\t\t\t\t\t<div class=\"elementor-inner\">\n\t\t\t\t\t\t\t<div class=\"elementor-section-wrap\">\n\t\t\t\t\t\t\t<section class=\"elementor-section elementor-top-section elementor-element elementor-element-827614b elementor-section-content-middle elementor-section-full_width elementor-section-stretched elementor-section-height-default elementor-section-height-default\" data-id=\"827614b\" data-element_type=\"section\" data-settings=\"{&quot;background_background&quot;:&quot;classic&quot;,&quot;stretch_section&quot;:&quot;section-stretched&quot;}\">\n\t\t\t\t\t\t<div class=\"elementor-container elementor-column-gap-default\">\n\t\t\t\t\t\t\t<div class=\"elementor-row\">\n\t\t\t\t\t<div class=\"elementor-column elementor-col-100 elementor-top-column elementor-element elementor-element-3f355ea\" data-id=\"3f355ea\" data-element_type=\"column\">\n\t\t\t<div class=\"elementor-column-wrap elementor-element-populated\">\n\t\t\t\t\t\t\t<div class=\"elementor-widget-wrap\">\n\t\t\t\t\t\t<div class=\"elementor-element elementor-element-437df42c elementor-widget__width-inherit elementor-widget elementor-widget-heading\" data-id=\"437df42c\" data-element_type=\"widget\" data-widget_type=\"heading.default\">\n\t\t\t\t<div class=\"elementor-widget-container\">\n\t\t\t<h4 class=\"elementor-heading-title elementor-size-default\">Placas Standard y Aqua 3M \u2122 Petrifilm \u2122<\/h4>\t\t<\/div>\n\t\t\t\t<\/div>\n\t\t\t\t<div class=\"elementor-element elementor-element-3c21ab09 elementor-widget elementor-widget-text-editor\" data-id=\"3c21ab09\" data-element_type=\"widget\" data-widget_type=\"text-editor.default\">\n\t\t\t\t<div class=\"elementor-widget-container\">\n\t\t\t\t\t<div class=\"elementor-text-editor elementor-clearfix\"><p><span style=\"color: #ffffff;\"><b>El panorama mundial de seguridad alimentaria est\u00e1 cambiando continuamente. Con una creciente y cada vez m\u00e1s acelerada demanda, la necesidad de tener resultados confiables en el menor tiempo posible es crucial para competir en mercados globales.<br \/>Con m\u00e1s de tres d\u00e9cadas de experiencia a nivel mundial en la industria de alimentos y bebidas, 3M Food Safety le ofrece una l\u00ednea completa de productos para obtener resultados consistentes, r\u00e1pidos y confiables.<br \/>Lib\u00e9rese de la preparaci\u00f3n de agar. A diferencia de los m\u00e9todos tradicionales de agar, las Placas 3M\u2122 Petrifilm\u2122 est\u00e1n listas para usarse, no requieren preparaci\u00f3n.<\/b><\/span><\/p><\/div>\n\t\t\t\t<\/div>\n\t\t\t\t<\/div>\n\t\t\t\t\t\t<\/div>\n\t\t\t\t\t<\/div>\n\t\t<\/div>\n\t\t\t\t\t\t\t\t<\/div>\n\t\t\t\t\t<\/div>\n\t\t<\/section>\n\t\t\t\t<section class=\"elementor-section elementor-top-section elementor-element elementor-element-16765686 elementor-section-content-middle elementor-section-boxed elementor-section-height-default elementor-section-height-default\" data-id=\"16765686\" data-element_type=\"section\">\n\t\t\t\t\t\t<div class=\"elementor-container elementor-column-gap-no\">\n\t\t\t\t\t\t\t<div class=\"elementor-row\">\n\t\t\t\t\t<div class=\"elementor-column elementor-col-33 elementor-top-column elementor-element elementor-element-4f9cd748\" data-id=\"4f9cd748\" data-element_type=\"column\">\n\t\t\t<div class=\"elementor-column-wrap elementor-element-populated\">\n\t\t\t\t\t\t\t<div class=\"elementor-widget-wrap\">\n\t\t\t\t\t\t<div class=\"elementor-element elementor-element-300d74b3 elementor-vertical-align-middle elementor-position-top elementor-widget elementor-widget-image-box\" data-id=\"300d74b3\" data-element_type=\"widget\" data-widget_type=\"image-box.default\">\n\t\t\t\t<div class=\"elementor-widget-container\">\n\t\t\t<div class=\"elementor-image-box-wrapper\"><figure class=\"elementor-image-box-img\"><img width=\"300\" height=\"300\" src=\"https:\/\/corequimicas.com.mx\/wp-content\/uploads\/2020\/12\/Placas-Aerobios-2.jpg\" class=\"attachment-full size-full\" alt=\"\" loading=\"lazy\" srcset=\"https:\/\/corequimicas.com.mx\/wp-content\/uploads\/2020\/12\/Placas-Aerobios-2.jpg 300w, https:\/\/corequimicas.com.mx\/wp-content\/uploads\/2020\/12\/Placas-Aerobios-2-150x150.jpg 150w, https:\/\/corequimicas.com.mx\/wp-content\/uploads\/2020\/12\/Placas-Aerobios-2-100x100.jpg 100w\" sizes=\"(max-width: 300px) 100vw, 300px\" \/><\/figure><div class=\"elementor-image-box-content\"><h3 class=\"elementor-image-box-title\"><span style=\"box-sizing: inherit; font-weight: bolder; color: rgb(0, 0, 0); font-family: Arial, &quot;Helvetica Neue&quot;, Helvetica, sans-serif; font-size: 16px; font-variant-ligatures: none; letter-spacing: normal; text-align: left; white-space: normal;\">3M\u2122&nbsp; Petrifilm\u2122&nbsp; Placas&nbsp;&nbsp;<br>Aerobios<\/span><\/h3><\/div><\/div>\t\t<\/div>\n\t\t\t\t<\/div>\n\t\t\t\t\t\t<\/div>\n\t\t\t\t\t<\/div>\n\t\t<\/div>\n\t\t\t\t<div class=\"elementor-column elementor-col-33 elementor-top-column elementor-element elementor-element-4cdd12ff\" data-id=\"4cdd12ff\" data-element_type=\"column\">\n\t\t\t<div class=\"elementor-column-wrap elementor-element-populated\">\n\t\t\t\t\t\t\t<div class=\"elementor-widget-wrap\">\n\t\t\t\t\t\t<div class=\"elementor-element elementor-element-4325e774 elementor-vertical-align-middle elementor-position-top elementor-widget elementor-widget-image-box\" data-id=\"4325e774\" data-element_type=\"widget\" data-widget_type=\"image-box.default\">\n\t\t\t\t<div class=\"elementor-widget-container\">\n\t\t\t<div class=\"elementor-image-box-wrapper\"><figure class=\"elementor-image-box-img\"><img width=\"300\" height=\"300\" src=\"https:\/\/corequimicas.com.mx\/wp-content\/uploads\/2020\/12\/Placas-Aqua-Coliformes-3.jpg\" class=\"attachment-full size-full\" alt=\"\" loading=\"lazy\" srcset=\"https:\/\/corequimicas.com.mx\/wp-content\/uploads\/2020\/12\/Placas-Aqua-Coliformes-3.jpg 300w, https:\/\/corequimicas.com.mx\/wp-content\/uploads\/2020\/12\/Placas-Aqua-Coliformes-3-150x150.jpg 150w, https:\/\/corequimicas.com.mx\/wp-content\/uploads\/2020\/12\/Placas-Aqua-Coliformes-3-100x100.jpg 100w\" sizes=\"(max-width: 300px) 100vw, 300px\" \/><\/figure><div class=\"elementor-image-box-content\"><h3 class=\"elementor-image-box-title\"><span style=\"box-sizing: inherit; font-weight: bolder; color: rgb(0, 0, 0); font-family: Arial, &quot;Helvetica Neue&quot;, Helvetica, sans-serif; font-size: 16px; font-variant-ligatures: none; letter-spacing: normal; text-align: left; white-space: normal;\">3M\u2122 Petrifilm\u2122 Placas Aqua Coliformes<\/span><\/h3><\/div><\/div>\t\t<\/div>\n\t\t\t\t<\/div>\n\t\t\t\t\t\t<\/div>\n\t\t\t\t\t<\/div>\n\t\t<\/div>\n\t\t\t\t<div class=\"elementor-column elementor-col-33 elementor-top-column elementor-element elementor-element-29a4a92c\" data-id=\"29a4a92c\" data-element_type=\"column\">\n\t\t\t<div class=\"elementor-column-wrap elementor-element-populated\">\n\t\t\t\t\t\t\t<div class=\"elementor-widget-wrap\">\n\t\t\t\t\t\t<div class=\"elementor-element elementor-element-10adbf0 elementor-vertical-align-middle elementor-position-top elementor-widget elementor-widget-image-box\" data-id=\"10adbf0\" data-element_type=\"widget\" data-widget_type=\"image-box.default\">\n\t\t\t\t<div class=\"elementor-widget-container\">\n\t\t\t<div class=\"elementor-image-box-wrapper\"><figure class=\"elementor-image-box-img\"><img width=\"300\" height=\"300\" src=\"https:\/\/corequimicas.com.mx\/wp-content\/uploads\/2020\/12\/Placas-Aqua-Coliformes-2.jpg\" class=\"attachment-full size-full\" alt=\"\" loading=\"lazy\" srcset=\"https:\/\/corequimicas.com.mx\/wp-content\/uploads\/2020\/12\/Placas-Aqua-Coliformes-2.jpg 300w, https:\/\/corequimicas.com.mx\/wp-content\/uploads\/2020\/12\/Placas-Aqua-Coliformes-2-150x150.jpg 150w, https:\/\/corequimicas.com.mx\/wp-content\/uploads\/2020\/12\/Placas-Aqua-Coliformes-2-100x100.jpg 100w\" sizes=\"(max-width: 300px) 100vw, 300px\" \/><\/figure><div class=\"elementor-image-box-content\"><h3 class=\"elementor-image-box-title\"><span style=\"box-sizing: inherit; font-weight: bolder; color: rgb(0, 0, 0); font-family: Arial, &quot;Helvetica Neue&quot;, Helvetica, sans-serif; font-size: 16px; font-variant-ligatures: none; letter-spacing: normal; text-align: left; white-space: normal;\">3M\u2122 Petrifilm\u2122 Placas Aqua Heterotr\u00f3ficos<\/span><\/h3><\/div><\/div>\t\t<\/div>\n\t\t\t\t<\/div>\n\t\t\t\t\t\t<\/div>\n\t\t\t\t\t<\/div>\n\t\t<\/div>\n\t\t\t\t\t\t\t\t<\/div>\n\t\t\t\t\t<\/div>\n\t\t<\/section>\n\t\t\t\t<section class=\"elementor-section elementor-top-section elementor-element elementor-element-38451665 elementor-section-content-middle elementor-section-boxed elementor-section-height-default elementor-section-height-default\" data-id=\"38451665\" data-element_type=\"section\">\n\t\t\t\t\t\t<div class=\"elementor-container elementor-column-gap-no\">\n\t\t\t\t\t\t\t<div class=\"elementor-row\">\n\t\t\t\t\t<div class=\"elementor-column elementor-col-33 elementor-top-column elementor-element elementor-element-2557ff0b\" data-id=\"2557ff0b\" data-element_type=\"column\">\n\t\t\t<div class=\"elementor-column-wrap elementor-element-populated\">\n\t\t\t\t\t\t\t<div class=\"elementor-widget-wrap\">\n\t\t\t\t\t\t<div class=\"elementor-element elementor-element-69be51d7 elementor-vertical-align-middle elementor-position-top elementor-widget elementor-widget-image-box\" data-id=\"69be51d7\" data-element_type=\"widget\" data-widget_type=\"image-box.default\">\n\t\t\t\t<div class=\"elementor-widget-container\">\n\t\t\t<div class=\"elementor-image-box-wrapper\"><figure class=\"elementor-image-box-img\"><img width=\"300\" height=\"300\" src=\"https:\/\/corequimicas.com.mx\/wp-content\/uploads\/2020\/12\/Placas-Aqua-Hongos-y-Levaduras-3.jpg\" class=\"attachment-full size-full\" alt=\"\" loading=\"lazy\" srcset=\"https:\/\/corequimicas.com.mx\/wp-content\/uploads\/2020\/12\/Placas-Aqua-Hongos-y-Levaduras-3.jpg 300w, https:\/\/corequimicas.com.mx\/wp-content\/uploads\/2020\/12\/Placas-Aqua-Hongos-y-Levaduras-3-150x150.jpg 150w, https:\/\/corequimicas.com.mx\/wp-content\/uploads\/2020\/12\/Placas-Aqua-Hongos-y-Levaduras-3-100x100.jpg 100w\" sizes=\"(max-width: 300px) 100vw, 300px\" \/><\/figure><div class=\"elementor-image-box-content\"><h3 class=\"elementor-image-box-title\"><span style=\"box-sizing: inherit; font-weight: bolder; color: rgb(0, 0, 0); font-family: Arial, &quot;Helvetica Neue&quot;, Helvetica, sans-serif; font-size: 16px; font-variant-ligatures: none; letter-spacing: normal; text-align: left; white-space: normal;\">3M\u2122 Petrifilm\u2122 Placas Aqua Hongos y Levaduras<\/span><\/h3><\/div><\/div>\t\t<\/div>\n\t\t\t\t<\/div>\n\t\t\t\t\t\t<\/div>\n\t\t\t\t\t<\/div>\n\t\t<\/div>\n\t\t\t\t<div class=\"elementor-column elementor-col-33 elementor-top-column elementor-element elementor-element-3943f4d\" data-id=\"3943f4d\" data-element_type=\"column\">\n\t\t\t<div class=\"elementor-column-wrap elementor-element-populated\">\n\t\t\t\t\t\t\t<div class=\"elementor-widget-wrap\">\n\t\t\t\t\t\t<div class=\"elementor-element elementor-element-2db2c918 elementor-vertical-align-middle elementor-position-top elementor-widget elementor-widget-image-box\" data-id=\"2db2c918\" data-element_type=\"widget\" data-widget_type=\"image-box.default\">\n\t\t\t\t<div class=\"elementor-widget-container\">\n\t\t\t<div class=\"elementor-image-box-wrapper\"><figure class=\"elementor-image-box-img\"><img width=\"300\" height=\"300\" src=\"https:\/\/corequimicas.com.mx\/wp-content\/uploads\/2020\/12\/Placas-Coliformes-2.jpg\" class=\"attachment-full size-full\" alt=\"\" loading=\"lazy\" srcset=\"https:\/\/corequimicas.com.mx\/wp-content\/uploads\/2020\/12\/Placas-Coliformes-2.jpg 300w, https:\/\/corequimicas.com.mx\/wp-content\/uploads\/2020\/12\/Placas-Coliformes-2-150x150.jpg 150w, https:\/\/corequimicas.com.mx\/wp-content\/uploads\/2020\/12\/Placas-Coliformes-2-100x100.jpg 100w\" sizes=\"(max-width: 300px) 100vw, 300px\" \/><\/figure><div class=\"elementor-image-box-content\"><h3 class=\"elementor-image-box-title\"><span style=\"box-sizing: inherit; font-weight: bolder; color: rgb(0, 0, 0); font-family: Arial, &quot;Helvetica Neue&quot;, Helvetica, sans-serif; font-size: 16px; font-variant-ligatures: none; letter-spacing: normal; text-align: left; white-space: normal;\">3M\u2122&nbsp; Petrifilm\u2122&nbsp; Placas Coliformes<\/span><\/h3><\/div><\/div>\t\t<\/div>\n\t\t\t\t<\/div>\n\t\t\t\t\t\t<\/div>\n\t\t\t\t\t<\/div>\n\t\t<\/div>\n\t\t\t\t<div class=\"elementor-column elementor-col-33 elementor-top-column elementor-element elementor-element-59c71d9b\" data-id=\"59c71d9b\" data-element_type=\"column\">\n\t\t\t<div class=\"elementor-column-wrap elementor-element-populated\">\n\t\t\t\t\t\t\t<div class=\"elementor-widget-wrap\">\n\t\t\t\t\t\t<div class=\"elementor-element elementor-element-c090cfd elementor-vertical-align-middle elementor-position-top elementor-widget elementor-widget-image-box\" data-id=\"c090cfd\" data-element_type=\"widget\" data-widget_type=\"image-box.default\">\n\t\t\t\t<div class=\"elementor-widget-container\">\n\t\t\t<div class=\"elementor-image-box-wrapper\"><figure class=\"elementor-image-box-img\"><img width=\"225\" height=\"225\" src=\"https:\/\/corequimicas.com.mx\/wp-content\/uploads\/2020\/12\/Placas-E.-coli-Coliformes-1.jpg\" class=\"attachment-full size-full\" alt=\"\" loading=\"lazy\" srcset=\"https:\/\/corequimicas.com.mx\/wp-content\/uploads\/2020\/12\/Placas-E.-coli-Coliformes-1.jpg 225w, https:\/\/corequimicas.com.mx\/wp-content\/uploads\/2020\/12\/Placas-E.-coli-Coliformes-1-150x150.jpg 150w, https:\/\/corequimicas.com.mx\/wp-content\/uploads\/2020\/12\/Placas-E.-coli-Coliformes-1-100x100.jpg 100w\" sizes=\"(max-width: 225px) 100vw, 225px\" \/><\/figure><div class=\"elementor-image-box-content\"><h3 class=\"elementor-image-box-title\"><span style=\"box-sizing: inherit; font-weight: bolder; color: rgb(0, 0, 0); font-family: Arial, &quot;Helvetica Neue&quot;, Helvetica, sans-serif; font-size: 16px; font-variant-ligatures: none; letter-spacing: normal; text-align: left; white-space: normal;\"><span style=\"box-sizing: inherit; color: rgb(0, 0, 0);\">3M\u2122 Petrifilm\u2122 Placas E. coli \/ Coliformes<\/span><\/span><\/h3><\/div><\/div>\t\t<\/div>\n\t\t\t\t<\/div>\n\t\t\t\t\t\t<\/div>\n\t\t\t\t\t<\/div>\n\t\t<\/div>\n\t\t\t\t\t\t\t\t<\/div>\n\t\t\t\t\t<\/div>\n\t\t<\/section>\n\t\t\t\t<section class=\"elementor-section elementor-top-section elementor-element elementor-element-35379c1c elementor-section-content-middle elementor-section-boxed elementor-section-height-default elementor-section-height-default\" data-id=\"35379c1c\" data-element_type=\"section\">\n\t\t\t\t\t\t<div class=\"elementor-container elementor-column-gap-no\">\n\t\t\t\t\t\t\t<div class=\"elementor-row\">\n\t\t\t\t\t<div class=\"elementor-column elementor-col-33 elementor-top-column elementor-element elementor-element-2d48121c\" data-id=\"2d48121c\" data-element_type=\"column\">\n\t\t\t<div class=\"elementor-column-wrap elementor-element-populated\">\n\t\t\t\t\t\t\t<div class=\"elementor-widget-wrap\">\n\t\t\t\t\t\t<div class=\"elementor-element elementor-element-278604ed elementor-vertical-align-middle elementor-position-top elementor-widget elementor-widget-image-box\" data-id=\"278604ed\" data-element_type=\"widget\" data-widget_type=\"image-box.default\">\n\t\t\t\t<div class=\"elementor-widget-container\">\n\t\t\t<div class=\"elementor-image-box-wrapper\"><figure class=\"elementor-image-box-img\"><img width=\"300\" height=\"300\" src=\"https:\/\/corequimicas.com.mx\/wp-content\/uploads\/2020\/12\/Placas-Listeria-Ambiental-4.jpg\" class=\"attachment-full size-full\" alt=\"\" loading=\"lazy\" srcset=\"https:\/\/corequimicas.com.mx\/wp-content\/uploads\/2020\/12\/Placas-Listeria-Ambiental-4.jpg 300w, https:\/\/corequimicas.com.mx\/wp-content\/uploads\/2020\/12\/Placas-Listeria-Ambiental-4-150x150.jpg 150w, https:\/\/corequimicas.com.mx\/wp-content\/uploads\/2020\/12\/Placas-Listeria-Ambiental-4-100x100.jpg 100w\" sizes=\"(max-width: 300px) 100vw, 300px\" \/><\/figure><div class=\"elementor-image-box-content\"><h3 class=\"elementor-image-box-title\"><span style=\"box-sizing: inherit; font-weight: bolder; color: rgb(0, 0, 0); font-family: Arial, &quot;Helvetica Neue&quot;, Helvetica, sans-serif; font-size: 16px; font-variant-ligatures: none; letter-spacing: normal; text-align: left; white-space: normal;\">3M\u2122 Petrifilm\u2122 Placas Listeria Ambiental&nbsp;<\/span><\/h3><\/div><\/div>\t\t<\/div>\n\t\t\t\t<\/div>\n\t\t\t\t\t\t<\/div>\n\t\t\t\t\t<\/div>\n\t\t<\/div>\n\t\t\t\t<div class=\"elementor-column elementor-col-33 elementor-top-column elementor-element elementor-element-702dc2b\" data-id=\"702dc2b\" data-element_type=\"column\">\n\t\t\t<div class=\"elementor-column-wrap elementor-element-populated\">\n\t\t\t\t\t\t\t<div class=\"elementor-widget-wrap\">\n\t\t\t\t\t\t<div class=\"elementor-element elementor-element-6228457d elementor-vertical-align-middle elementor-position-top elementor-widget elementor-widget-image-box\" data-id=\"6228457d\" data-element_type=\"widget\" data-widget_type=\"image-box.default\">\n\t\t\t\t<div class=\"elementor-widget-container\">\n\t\t\t<div class=\"elementor-image-box-wrapper\"><figure class=\"elementor-image-box-img\"><img width=\"300\" height=\"300\" src=\"https:\/\/corequimicas.com.mx\/wp-content\/uploads\/2020\/12\/Placas-Coliformes-Alta-Sensibilidad2.jpg\" class=\"attachment-full size-full\" alt=\"\" loading=\"lazy\" srcset=\"https:\/\/corequimicas.com.mx\/wp-content\/uploads\/2020\/12\/Placas-Coliformes-Alta-Sensibilidad2.jpg 300w, https:\/\/corequimicas.com.mx\/wp-content\/uploads\/2020\/12\/Placas-Coliformes-Alta-Sensibilidad2-150x150.jpg 150w, https:\/\/corequimicas.com.mx\/wp-content\/uploads\/2020\/12\/Placas-Coliformes-Alta-Sensibilidad2-100x100.jpg 100w\" sizes=\"(max-width: 300px) 100vw, 300px\" \/><\/figure><div class=\"elementor-image-box-content\"><h3 class=\"elementor-image-box-title\"><span style=\"box-sizing: inherit; font-weight: bolder; color: rgb(0, 0, 0); font-family: Arial, &quot;Helvetica Neue&quot;, Helvetica, sans-serif; font-size: 16px; font-variant-ligatures: none; letter-spacing: normal; text-align: left; white-space: normal;\">3M\u2122 Petrifilm\u2122 Placas Coliformes Alta Sensibilidad<\/span><\/h3><\/div><\/div>\t\t<\/div>\n\t\t\t\t<\/div>\n\t\t\t\t\t\t<\/div>\n\t\t\t\t\t<\/div>\n\t\t<\/div>\n\t\t\t\t<div class=\"elementor-column elementor-col-33 elementor-top-column elementor-element elementor-element-237e5f78\" data-id=\"237e5f78\" data-element_type=\"column\">\n\t\t\t<div class=\"elementor-column-wrap elementor-element-populated\">\n\t\t\t\t\t\t\t<div class=\"elementor-widget-wrap\">\n\t\t\t\t\t\t<div class=\"elementor-element elementor-element-372523d2 elementor-vertical-align-middle elementor-position-top elementor-widget elementor-widget-image-box\" data-id=\"372523d2\" data-element_type=\"widget\" data-widget_type=\"image-box.default\">\n\t\t\t\t<div class=\"elementor-widget-container\">\n\t\t\t<div class=\"elementor-image-box-wrapper\"><figure class=\"elementor-image-box-img\"><img width=\"300\" height=\"300\" src=\"https:\/\/corequimicas.com.mx\/wp-content\/uploads\/2020\/12\/Placas-Bacterias-Acido-Lacticas3.jpg\" class=\"attachment-full size-full\" alt=\"\" loading=\"lazy\" srcset=\"https:\/\/corequimicas.com.mx\/wp-content\/uploads\/2020\/12\/Placas-Bacterias-Acido-Lacticas3.jpg 300w, https:\/\/corequimicas.com.mx\/wp-content\/uploads\/2020\/12\/Placas-Bacterias-Acido-Lacticas3-150x150.jpg 150w, https:\/\/corequimicas.com.mx\/wp-content\/uploads\/2020\/12\/Placas-Bacterias-Acido-Lacticas3-100x100.jpg 100w\" sizes=\"(max-width: 300px) 100vw, 300px\" \/><\/figure><div class=\"elementor-image-box-content\"><h3 class=\"elementor-image-box-title\"><span style=\"box-sizing: inherit; font-weight: bolder; color: rgb(0, 0, 0); font-family: Arial, &quot;Helvetica Neue&quot;, Helvetica, sans-serif; font-size: 16px; font-variant-ligatures: none; letter-spacing: normal; text-align: left; white-space: normal;\">3M\u2122 Petrifilm\u2122 Placas Bacterias \u00c1cido L\u00e1cticas<\/span><\/h3><\/div><\/div>\t\t<\/div>\n\t\t\t\t<\/div>\n\t\t\t\t\t\t<\/div>\n\t\t\t\t\t<\/div>\n\t\t<\/div>\n\t\t\t\t\t\t\t\t<\/div>\n\t\t\t\t\t<\/div>\n\t\t<\/section>\n\t\t\t\t<section class=\"elementor-section elementor-top-section elementor-element elementor-element-17a09b08 elementor-section-content-middle elementor-section-boxed elementor-section-height-default elementor-section-height-default\" data-id=\"17a09b08\" data-element_type=\"section\">\n\t\t\t\t\t\t<div class=\"elementor-container elementor-column-gap-no\">\n\t\t\t\t\t\t\t<div class=\"elementor-row\">\n\t\t\t\t\t<div class=\"elementor-column elementor-col-33 elementor-top-column elementor-element elementor-element-5fd410e3\" data-id=\"5fd410e3\" data-element_type=\"column\">\n\t\t\t<div class=\"elementor-column-wrap elementor-element-populated\">\n\t\t\t\t\t\t\t<div class=\"elementor-widget-wrap\">\n\t\t\t\t\t\t<div class=\"elementor-element elementor-element-2aab944b elementor-vertical-align-middle elementor-position-top elementor-widget elementor-widget-image-box\" data-id=\"2aab944b\" data-element_type=\"widget\" data-widget_type=\"image-box.default\">\n\t\t\t\t<div class=\"elementor-widget-container\">\n\t\t\t<div class=\"elementor-image-box-wrapper\"><figure class=\"elementor-image-box-img\"><img width=\"300\" height=\"300\" src=\"https:\/\/corequimicas.com.mx\/wp-content\/uploads\/2020\/12\/Placas-Hongos-y-Levaduras2.jpg\" class=\"attachment-full size-full\" alt=\"\" loading=\"lazy\" srcset=\"https:\/\/corequimicas.com.mx\/wp-content\/uploads\/2020\/12\/Placas-Hongos-y-Levaduras2.jpg 300w, https:\/\/corequimicas.com.mx\/wp-content\/uploads\/2020\/12\/Placas-Hongos-y-Levaduras2-150x150.jpg 150w, https:\/\/corequimicas.com.mx\/wp-content\/uploads\/2020\/12\/Placas-Hongos-y-Levaduras2-100x100.jpg 100w\" sizes=\"(max-width: 300px) 100vw, 300px\" \/><\/figure><div class=\"elementor-image-box-content\"><h3 class=\"elementor-image-box-title\"><span style=\"box-sizing: inherit; font-weight: bolder; color: rgb(0, 0, 0); font-family: Arial, &quot;Helvetica Neue&quot;, Helvetica, sans-serif; font-size: 16px; font-variant-ligatures: none; letter-spacing: normal; text-align: left; white-space: normal;\">3M\u2122 Petrifilm\u2122 Placas Hongos y Levaduras<\/span><\/h3><\/div><\/div>\t\t<\/div>\n\t\t\t\t<\/div>\n\t\t\t\t\t\t<\/div>\n\t\t\t\t\t<\/div>\n\t\t<\/div>\n\t\t\t\t<div class=\"elementor-column elementor-col-33 elementor-top-column elementor-element elementor-element-790fa0da\" data-id=\"790fa0da\" data-element_type=\"column\">\n\t\t\t<div class=\"elementor-column-wrap\">\n\t\t\t\t\t\t\t<div class=\"elementor-widget-wrap\">\n\t\t\t\t\t\t\t\t<\/div>\n\t\t\t\t\t<\/div>\n\t\t<\/div>\n\t\t\t\t<div class=\"elementor-column elementor-col-33 elementor-top-column elementor-element elementor-element-564a7056\" data-id=\"564a7056\" data-element_type=\"column\">\n\t\t\t<div class=\"elementor-column-wrap\">\n\t\t\t\t\t\t\t<div class=\"elementor-widget-wrap\">\n\t\t\t\t\t\t\t\t<\/div>\n\t\t\t\t\t<\/div>\n\t\t<\/div>\n\t\t\t\t\t\t\t\t<\/div>\n\t\t\t\t\t<\/div>\n\t\t<\/section>\n\t\t\t\t\t\t<\/div>\n\t\t\t\t\t\t<\/div>\n\t\t\t\t\t<\/div>\n\t\t","protected":false},"excerpt":{"rendered":"<p>Placas Standard y Aqua 3M \u2122 Petrifilm \u2122 El panorama mundial de seguridad alimentaria est\u00e1 cambiando continuamente. Con una creciente y cada vez m\u00e1s acelerada demanda, la necesidad de tener resultados confiables en el menor tiempo posible es crucial para competir en mercados globales.Con m\u00e1s de tres d\u00e9cadas de experiencia a nivel mundial en la [&hellip;]<\/p>\n","protected":false},"author":1,"featured_media":0,"parent":0,"menu_order":0,"comment_status":"closed","ping_status":"closed","template":"","meta":[],"_links":{"self":[{"href":"https:\/\/corequimicas.com.mx\/index.php\/wp-json\/wp\/v2\/pages\/405"}],"collection":[{"href":"https:\/\/corequimicas.com.mx\/index.php\/wp-json\/wp\/v2\/pages"}],"about":[{"href":"https:\/\/corequimicas.com.mx\/index.php\/wp-json\/wp\/v2\/types\/page"}],"author":[{"embeddable":true,"href":"https:\/\/corequimicas.com.mx\/index.php\/wp-json\/wp\/v2\/users\/1"}],"replies":[{"embeddable":true,"href":"https:\/\/corequimicas.com.mx\/index.php\/wp-json\/wp\/v2\/comments?post=405"}],"version-history":[{"count":16,"href":"https:\/\/corequimicas.com.mx\/index.php\/wp-json\/wp\/v2\/pages\/405\/revisions"}],"predecessor-version":[{"id":447,"href":"https:\/\/corequimicas.com.mx\/index.php\/wp-json\/wp\/v2\/pages\/405\/revisions\/447"}],"wp:attachment":[{"href":"https:\/\/corequimicas.com.mx\/index.php\/wp-json\/wp\/v2\/media?parent=405"}],"curies":[{"name":"wp","href":"https:\/\/api.w.org\/{rel}","templated":true}]}}