{"id":206,"date":"2020-05-26T20:41:54","date_gmt":"2020-05-26T20:41:54","guid":{"rendered":"https:\/\/corequimicas.com.mx\/?post_type=product&#038;p=206"},"modified":"2023-07-09T18:14:34","modified_gmt":"2023-07-09T18:14:34","slug":"ac1-labona-check","status":"publish","type":"product","link":"https:\/\/corequimicas.com.mx\/index.php\/producto\/ac1-labona-check\/","title":{"rendered":"Ac1 Labona Check"},"content":{"rendered":"<hr \/>\n<p>Pantalla t\u00e1ctil del interfaz (3.5 pulgadas)<br \/>\nTiempo total del an\u00e1lisis: Menos de 3 minutos<br \/>\nTiempo de la lectura: 7 segundos<br \/>\nM\u00e9todo de lectura: R\u00e9flectance \u00f3ptico<br \/>\nMemoria: 300 resultados<br \/>\nUnidad: % o mmol\/mol<br \/>\nCondiciones de operaci\u00f3n: Temp.: 15 ~ 35 t)\/ Humi.: 15~el 75%<br \/>\nImpresi\u00f3n:\u00a0termal directa<br \/>\nDimensiones: 178x 195 x 75 (mm)<br \/>\nPeso: 730 g (sin el adaptador)<\/p>\n<hr \/>\n<p>&nbsp;<\/p>\n","protected":false},"excerpt":{"rendered":"<p><span style=\"color: #000000;\"><strong><span class=\"j-title-breadcrumb\">Labona Check A1c-Ceragem<\/span><\/strong><\/span><\/p>\n<hr \/>\n<p>Analizador Labonacheck A1c\u00a0para la determinaci\u00f3n de HbA1c con\u00a0tan solo 5\u00b5l\u00a0de sangre se obtienen resultados en 7 segundos. Pantalla touch-screen, parlante, r\u00e1pido, rentable, autocalibrable.<\/p>\n<hr \/>\n<p>&nbsp;<\/p>\n","protected":false},"featured_media":204,"comment_status":"open","ping_status":"closed","template":"","meta":[],"_links":{"self":[{"href":"https:\/\/corequimicas.com.mx\/index.php\/wp-json\/wp\/v2\/product\/206"}],"collection":[{"href":"https:\/\/corequimicas.com.mx\/index.php\/wp-json\/wp\/v2\/product"}],"about":[{"href":"https:\/\/corequimicas.com.mx\/index.php\/wp-json\/wp\/v2\/types\/product"}],"replies":[{"embeddable":true,"href":"https:\/\/corequimicas.com.mx\/index.php\/wp-json\/wp\/v2\/comments?post=206"}],"wp:featuredmedia":[{"embeddable":true,"href":"https:\/\/corequimicas.com.mx\/index.php\/wp-json\/wp\/v2\/media\/204"}],"wp:attachment":[{"href":"https:\/\/corequimicas.com.mx\/index.php\/wp-json\/wp\/v2\/media?parent=206"}],"curies":[{"name":"wp","href":"https:\/\/api.w.org\/{rel}","templated":true}]}}