{"id":229,"date":"2020-07-29T16:07:47","date_gmt":"2020-07-29T16:07:47","guid":{"rendered":"https:\/\/corequimicas.com.mx\/?post_type=product&#038;p=229"},"modified":"2020-07-29T16:22:03","modified_gmt":"2020-07-29T16:22:03","slug":"ba-88a","status":"publish","type":"product","link":"https:\/\/corequimicas.com.mx\/index.php\/producto\/ba-88a\/","title":{"rendered":"BA-88A-Mindray"},"content":{"rendered":"<hr \/>\n<p><span style=\"color: #000000;\">*Pantalla t\u00e1ctil TFT de 7,0\u201d y teclado emergente<\/span><br \/>\n<span style=\"color: #000000;\">\u00b7\u00a0Dos modos de prueba: cubeta de flujo o cubeta<\/span><br \/>\n<span style=\"color: #000000;\">\u00b7\u00a0Admite tests bicrom\u00e1ticos para m\u00e9todos de punto final, de tiempo fijo y de cin\u00e9tica<\/span><br \/>\n<span style=\"color: #000000;\">\u00b7\u00a0Teclado externo o rat\u00f3n por USB<\/span><br \/>\n<span style=\"color: #000000;\">\u00b7\u00a0Interfaz intuitiva y software de funcionamiento en varios idiomas<\/span><br \/>\n<span style=\"color: #000000;\">\u00b7\u00a0Impresora t\u00e9rmica incorporada<\/span><\/p>\n<hr \/>\n<p>&nbsp;<\/p>\n","protected":false},"excerpt":{"rendered":"<h5><\/h5>\n<hr \/>\n<h6><strong><sub>Analizador qu\u00edmico semiautom\u00e1tico con gran pantalla t\u00e1ctil y software de funcionamiento intuitivo.<\/sub><\/strong><\/h6>\n<hr \/>\n<p>&nbsp;<\/p>\n","protected":false},"featured_media":230,"comment_status":"open","ping_status":"closed","template":"","meta":[],"_links":{"self":[{"href":"https:\/\/corequimicas.com.mx\/index.php\/wp-json\/wp\/v2\/product\/229"}],"collection":[{"href":"https:\/\/corequimicas.com.mx\/index.php\/wp-json\/wp\/v2\/product"}],"about":[{"href":"https:\/\/corequimicas.com.mx\/index.php\/wp-json\/wp\/v2\/types\/product"}],"replies":[{"embeddable":true,"href":"https:\/\/corequimicas.com.mx\/index.php\/wp-json\/wp\/v2\/comments?post=229"}],"wp:featuredmedia":[{"embeddable":true,"href":"https:\/\/corequimicas.com.mx\/index.php\/wp-json\/wp\/v2\/media\/230"}],"wp:attachment":[{"href":"https:\/\/corequimicas.com.mx\/index.php\/wp-json\/wp\/v2\/media?parent=229"}],"curies":[{"name":"wp","href":"https:\/\/api.w.org\/{rel}","templated":true}]}}