{"id":232,"date":"2020-07-29T16:32:05","date_gmt":"2020-07-29T16:32:05","guid":{"rendered":"https:\/\/corequimicas.com.mx\/?post_type=product&#038;p=232"},"modified":"2021-02-04T15:25:25","modified_gmt":"2021-02-04T15:25:25","slug":"bs-240-mindray","status":"publish","type":"product","link":"https:\/\/corequimicas.com.mx\/index.php\/producto\/bs-240-mindray\/","title":{"rendered":"BS-240-Mindray"},"content":{"rendered":"<hr \/>\n<h6><span style=\"color: #000000;\"><strong>Compacto:<\/strong><\/span><\/h6>\n<p>Uno de los analizadores qu\u00edmicos 200 T\/H m\u00e1s peque\u00f1os del mercado, que permite obtener el m\u00e1ximo ahorro de espacio:<\/p>\n<div class=\"wp-block-image\">\n<figure class=\"aligncenter\"><img class=\"wp-image-343 aligncenter\" src=\"https:\/\/www.dqi.com.mx\/wp-content\/uploads\/2019\/03\/BS_img2.png\" sizes=\"(max-width: 592px) 100vw, 592px\" srcset=\"https:\/\/www.dqi.com.mx\/wp-content\/uploads\/2019\/03\/BS_img2.png 592w, https:\/\/www.dqi.com.mx\/wp-content\/uploads\/2019\/03\/BS_img2-300x198.png 300w\" alt=\"\" \/><\/figure>\n<\/div>\n<p>Gran capacidad para 80 posiciones de reactivos y 40 posiciones de muestras expandibles a 80.<\/p>\n<div class=\"wp-block-image\">\n<figure class=\"aligncenter\"><img class=\"wp-image-345 aligncenter\" src=\"https:\/\/www.dqi.com.mx\/wp-content\/uploads\/2019\/03\/BS_img3.png\" sizes=\"(max-width: 587px) 100vw, 587px\" srcset=\"https:\/\/www.dqi.com.mx\/wp-content\/uploads\/2019\/03\/BS_img3.png 587w, https:\/\/www.dqi.com.mx\/wp-content\/uploads\/2019\/03\/BS_img3-300x232.png 300w\" alt=\"\" \/><\/figure>\n<\/div>\n<h2>Utilidad:<\/h2>\n<p>Gu\u00eda de mantenimiento paso a paso para un manejo f\u00e1cil. Sistema de auto limpieza mejorado que asegura bajo carryover y bajo consumo de agua.<\/p>\n<div class=\"wp-block-image\">\n<figure class=\"aligncenter\"><img class=\"wp-image-347 aligncenter\" src=\"https:\/\/www.dqi.com.mx\/wp-content\/uploads\/2019\/03\/BS_img4.png\" sizes=\"(max-width: 587px) 100vw, 587px\" srcset=\"https:\/\/www.dqi.com.mx\/wp-content\/uploads\/2019\/03\/BS_img4.png 587w, https:\/\/www.dqi.com.mx\/wp-content\/uploads\/2019\/03\/BS_img4-300x232.png 300w\" alt=\"\" \/><\/figure>\n<\/div>\n<h2>Tecnolog\u00eda mejorada:<\/h2>\n<p>Tecnolog\u00eda de muestreo inteligente que permite una preparaci\u00f3n de hemolisaci\u00f3n autom\u00e1tica para la prueba HbA1C. La operaci\u00f3n libre de pre-tratamiento garantiza una alta productividad.<\/p>\n<div class=\"wp-block-image\">\n<figure class=\"aligncenter\"><img class=\"wp-image-348 aligncenter\" src=\"https:\/\/www.dqi.com.mx\/wp-content\/uploads\/2019\/03\/BS_img5.png\" sizes=\"(max-width: 587px) 100vw, 587px\" srcset=\"https:\/\/www.dqi.com.mx\/wp-content\/uploads\/2019\/03\/BS_img5.png 587w, https:\/\/www.dqi.com.mx\/wp-content\/uploads\/2019\/03\/BS_img5-300x232.png 300w\" alt=\"\" \/><\/figure>\n<\/div>\n<h2>Eficiente:<\/h2>\n<p>Un m\u00ednimo de 100 \u03bcl de volumen de reacci\u00f3n para ahorro de reactivos.<\/p>\n<div class=\"wp-block-image\">\n<figure class=\"aligncenter\"><img class=\"wp-image-349 aligncenter\" src=\"https:\/\/www.dqi.com.mx\/wp-content\/uploads\/2019\/03\/BS_img6-1.png\" sizes=\"(max-width: 587px) 100vw, 587px\" srcset=\"https:\/\/www.dqi.com.mx\/wp-content\/uploads\/2019\/03\/BS_img6-1.png 587w, https:\/\/www.dqi.com.mx\/wp-content\/uploads\/2019\/03\/BS_img6-1-300x232.png 300w\" alt=\"\" \/><\/figure>\n<hr \/>\n<p>&nbsp;<\/p>\n<\/div>\n","protected":false},"excerpt":{"rendered":"<hr \/>\n<h6>El BS-240 es un analizador qu\u00edmico cl\u00ednico \u201cCUTE\u201d y multifuncional de sobremesa en laboratorio con una velocidad de 200 T\/H. Aunque tiene un tama\u00f1o compacto, ha conseguido una multitud de funciones avanzadas nunca antes encontradas en productos similares del mercado, lo que permite que este producto sea una soluci\u00f3n qu\u00edmica \u00f3ptima para laboratorios peque\u00f1os y un instrumento de respaldo para laboratorios de media y alta nivel.<\/h6>\n<hr \/>\n<p>&nbsp;<\/p>\n","protected":false},"featured_media":233,"comment_status":"open","ping_status":"closed","template":"","meta":[],"_links":{"self":[{"href":"https:\/\/corequimicas.com.mx\/index.php\/wp-json\/wp\/v2\/product\/232"}],"collection":[{"href":"https:\/\/corequimicas.com.mx\/index.php\/wp-json\/wp\/v2\/product"}],"about":[{"href":"https:\/\/corequimicas.com.mx\/index.php\/wp-json\/wp\/v2\/types\/product"}],"replies":[{"embeddable":true,"href":"https:\/\/corequimicas.com.mx\/index.php\/wp-json\/wp\/v2\/comments?post=232"}],"wp:featuredmedia":[{"embeddable":true,"href":"https:\/\/corequimicas.com.mx\/index.php\/wp-json\/wp\/v2\/media\/233"}],"wp:attachment":[{"href":"https:\/\/corequimicas.com.mx\/index.php\/wp-json\/wp\/v2\/media?parent=232"}],"curies":[{"name":"wp","href":"https:\/\/api.w.org\/{rel}","templated":true}]}}