{"id":242,"date":"2020-11-26T17:15:30","date_gmt":"2020-11-26T17:15:30","guid":{"rendered":"https:\/\/corequimicas.com.mx\/?post_type=product&#038;p=242"},"modified":"2020-11-26T17:27:51","modified_gmt":"2020-11-26T17:27:51","slug":"bs-120-mindray","status":"publish","type":"product","link":"https:\/\/corequimicas.com.mx\/index.php\/producto\/bs-120-mindray\/","title":{"rendered":"BS-120-Mindray"},"content":{"rendered":"<hr \/>\n<h2>Descripci\u00f3n<\/h2>\n<p><span style=\"color: #000000;\">\u00b7\u00a0Refrigeraci\u00f3n durante 24 horas para las bandejas de reactivos<\/span><br \/>\n<span style=\"color: #000000;\">\u00b7\u00a0Bandeja flexible para muestras\/reactivos<\/span><br \/>\n<span style=\"color: #000000;\">\u00b7\u00a0Agitador para mezclas independiente<\/span><br \/>\n<span style=\"color: #000000;\">\u00b7\u00a0Software robusto e intuitivo<\/span><br \/>\n<span style=\"color: #000000;\">\u00b7\u00a0Mejor rentabilidad<\/span><br \/>\n<span style=\"color: #000000;\">\u00b7\u00a0Prediluci\u00f3n y postdiluci\u00f3n para muestras<\/span><br \/>\n<span style=\"color: #000000;\">\u00b7\u00a0Interfaz LIS bidireccional<\/span><\/p>\n<hr \/>\n<p>&nbsp;<\/p>\n","protected":false},"excerpt":{"rendered":"<hr \/>\n<p><span style=\"color: #000000;\"><strong>Analizador qu\u00edmico cl\u00ednico de sobremesa, aut\u00f3nomo y de acceso aleatorio que ofrece 100 tests por hora<\/strong><\/span><\/p>\n<h3 class=\"has-large-font-size\"><sub>Usuarios t\u00edpicos<\/sub><\/h3>\n<p><span style=\"color: #000000;\">Laboratorios de peque\u00f1o tama\u00f1o (uso como instrumento principal); laboratorios de mediano tama\u00f1o (uso como instrumento de respaldo)Caracter\u00edsticas\u00b7\u00a0100 tests por hora, hasta 300 tests por hora con ISE (K, Na, Cl, Li)<\/span><\/p>\n<hr \/>\n<p>&nbsp;<\/p>\n","protected":false},"featured_media":244,"comment_status":"open","ping_status":"closed","template":"","meta":[],"_links":{"self":[{"href":"https:\/\/corequimicas.com.mx\/index.php\/wp-json\/wp\/v2\/product\/242"}],"collection":[{"href":"https:\/\/corequimicas.com.mx\/index.php\/wp-json\/wp\/v2\/product"}],"about":[{"href":"https:\/\/corequimicas.com.mx\/index.php\/wp-json\/wp\/v2\/types\/product"}],"replies":[{"embeddable":true,"href":"https:\/\/corequimicas.com.mx\/index.php\/wp-json\/wp\/v2\/comments?post=242"}],"wp:featuredmedia":[{"embeddable":true,"href":"https:\/\/corequimicas.com.mx\/index.php\/wp-json\/wp\/v2\/media\/244"}],"wp:attachment":[{"href":"https:\/\/corequimicas.com.mx\/index.php\/wp-json\/wp\/v2\/media?parent=242"}],"curies":[{"name":"wp","href":"https:\/\/api.w.org\/{rel}","templated":true}]}}