{"id":261,"date":"2020-11-27T15:14:14","date_gmt":"2020-11-27T15:14:14","guid":{"rendered":"https:\/\/corequimicas.com.mx\/?post_type=product&#038;p=261"},"modified":"2020-11-27T15:18:52","modified_gmt":"2020-11-27T15:18:52","slug":"bs-230-mindray","status":"publish","type":"product","link":"https:\/\/corequimicas.com.mx\/index.php\/producto\/bs-230-mindray\/","title":{"rendered":"BS-230-Mindray"},"content":{"rendered":"<hr \/>\n<p>&nbsp;<\/p>\n<div>\n<h2 id=\"2d1bb553-e821-790f-fb5b-9a11d3d9accb\" class=\" \">Caracter\u00edsticas<\/h2>\n<\/div>\n<p><sub><img loading=\"lazy\" id=\"71acfc04-55e6-6aed-399a-9e0c91881c52\" class=\" contenteditable aligncenter\" src=\"https:\/\/res.mindray.com\/image\/20161207\/20161207120309_7523.jpg\" alt=\"\" width=\"1100\" height=\"554\" \/>\u00a0<\/sub><sub><img id=\"4914750a-6cc7-16fc-9396-61e8b42396a7\" class=\"contenteditable aligncenter\" src=\"https:\/\/res.mindray.com\/image\/20161207\/20161207120323_6207.jpg\" \/><\/sub><\/p>\n<hr \/>\n<p>&nbsp;<\/p>\n","protected":false},"excerpt":{"rendered":"<hr \/>\n<p><span style=\"color: #000000;\">El BS-230 es un analizador qu\u00edmico cl\u00ednico multifuncional de sobremesa con un rendimiento de 200 pruebas por hora. A pesar de su tama\u00f1o compacto, ha conseguido una multitud de funciones avanzadas nunca antes encontradas en un producto similar del mercado, lo que convierte a este producto en una soluci\u00f3n qu\u00edmica \u00f3ptima para laboratorios peque\u00f1os y una herramienta de apoyo para laboratorios de gama media y alta.<\/span><\/p>\n<hr \/>\n<p>&nbsp;<\/p>\n","protected":false},"featured_media":262,"comment_status":"open","ping_status":"closed","template":"","meta":[],"_links":{"self":[{"href":"https:\/\/corequimicas.com.mx\/index.php\/wp-json\/wp\/v2\/product\/261"}],"collection":[{"href":"https:\/\/corequimicas.com.mx\/index.php\/wp-json\/wp\/v2\/product"}],"about":[{"href":"https:\/\/corequimicas.com.mx\/index.php\/wp-json\/wp\/v2\/types\/product"}],"replies":[{"embeddable":true,"href":"https:\/\/corequimicas.com.mx\/index.php\/wp-json\/wp\/v2\/comments?post=261"}],"wp:featuredmedia":[{"embeddable":true,"href":"https:\/\/corequimicas.com.mx\/index.php\/wp-json\/wp\/v2\/media\/262"}],"wp:attachment":[{"href":"https:\/\/corequimicas.com.mx\/index.php\/wp-json\/wp\/v2\/media?parent=261"}],"curies":[{"name":"wp","href":"https:\/\/api.w.org\/{rel}","templated":true}]}}