{"id":263,"date":"2020-11-27T15:29:26","date_gmt":"2020-11-27T15:29:26","guid":{"rendered":"https:\/\/corequimicas.com.mx\/?post_type=product&#038;p=263"},"modified":"2020-11-27T15:36:16","modified_gmt":"2020-11-27T15:36:16","slug":"bs-360e-mindray","status":"publish","type":"product","link":"https:\/\/corequimicas.com.mx\/index.php\/producto\/bs-360e-mindray\/","title":{"rendered":"BS-360E-Mindray"},"content":{"rendered":"<hr \/>\n<p><span style=\"color: #000000;\">Velocidad de 360 pruebas fotom\u00e9tricas por hora.<\/span><\/p>\n<div class=\"wp-block-image\">\n<figure class=\"aligncenter\"><img loading=\"lazy\" class=\"wp-image-366 aligncenter\" src=\"https:\/\/www.dqi.com.mx\/wp-content\/uploads\/2019\/03\/20170904104318_4426.jpg\" sizes=\"(max-width: 500px) 100vw, 500px\" srcset=\"https:\/\/www.dqi.com.mx\/wp-content\/uploads\/2019\/03\/20170904104318_4426.jpg 500w, https:\/\/www.dqi.com.mx\/wp-content\/uploads\/2019\/03\/20170904104318_4426-300x200.jpg 300w\" alt=\"\" width=\"500\" height=\"334\" \/><\/figure>\n<\/div>\n<p><span style=\"color: #000000;\">Capacidad amplia y flexible de hasta 100 posiciones de muestras o reactivos<\/span><\/p>\n<div class=\"wp-block-image\">\n<figure class=\"aligncenter\"><img loading=\"lazy\" class=\"wp-image-367 aligncenter\" src=\"https:\/\/www.dqi.com.mx\/wp-content\/uploads\/2019\/03\/20170904104326_8664.jpg\" sizes=\"(max-width: 500px) 100vw, 500px\" srcset=\"https:\/\/www.dqi.com.mx\/wp-content\/uploads\/2019\/03\/20170904104326_8664.jpg 500w, https:\/\/www.dqi.com.mx\/wp-content\/uploads\/2019\/03\/20170904104326_8664-300x200.jpg 300w\" alt=\"\" width=\"500\" height=\"334\" \/><\/figure>\n<\/div>\n<p><span style=\"color: #000000;\">Eficiencia de costo l\u00edder en la industria de 100 ul de volumen m\u00ednimo de reacci\u00f3n<\/span><\/p>\n<div class=\"wp-block-image\">\n<figure class=\"aligncenter\"><img loading=\"lazy\" class=\"wp-image-368 aligncenter\" src=\"https:\/\/www.dqi.com.mx\/wp-content\/uploads\/2019\/03\/20170904104336_2419.jpg\" sizes=\"(max-width: 500px) 100vw, 500px\" srcset=\"https:\/\/www.dqi.com.mx\/wp-content\/uploads\/2019\/03\/20170904104336_2419.jpg 500w, https:\/\/www.dqi.com.mx\/wp-content\/uploads\/2019\/03\/20170904104336_2419-300x200.jpg 300w\" alt=\"\" width=\"500\" height=\"334\" \/><\/figure>\n<\/div>\n<p><span style=\"color: #000000;\">La tecnolog\u00eda de muestreo inteligente de HbA1c permite la hem\u00f3lisis de a bordo para las pruebas de HbA1c<\/span><\/p>\n<div class=\"wp-block-image\">\n<figure class=\"aligncenter\"><img loading=\"lazy\" class=\"wp-image-369 aligncenter\" src=\"https:\/\/www.dqi.com.mx\/wp-content\/uploads\/2019\/03\/20170904104354_0101.jpg\" sizes=\"(max-width: 300px) 100vw, 300px\" srcset=\"https:\/\/www.dqi.com.mx\/wp-content\/uploads\/2019\/03\/20170904104354_0101.jpg 300w, https:\/\/www.dqi.com.mx\/wp-content\/uploads\/2019\/03\/20170904104354_0101-200x300.jpg 200w\" alt=\"\" width=\"300\" height=\"449\" \/><\/figure>\n<hr \/>\n<p>&nbsp;<\/p>\n<\/div>\n","protected":false},"excerpt":{"rendered":"<hr \/>\n<p><span style=\"color: #000000;\">El BS-360E es el nuevo analizador qu\u00edmico modelo para laboratorio con un menor tama\u00f1o, una funcionalidad robusta, dise\u00f1os f\u00e1ciles de usar y un prolongado tiempo de funcionamiento.<\/span><\/p>\n<hr \/>\n<p>&nbsp;<\/p>\n","protected":false},"featured_media":264,"comment_status":"open","ping_status":"closed","template":"","meta":[],"_links":{"self":[{"href":"https:\/\/corequimicas.com.mx\/index.php\/wp-json\/wp\/v2\/product\/263"}],"collection":[{"href":"https:\/\/corequimicas.com.mx\/index.php\/wp-json\/wp\/v2\/product"}],"about":[{"href":"https:\/\/corequimicas.com.mx\/index.php\/wp-json\/wp\/v2\/types\/product"}],"replies":[{"embeddable":true,"href":"https:\/\/corequimicas.com.mx\/index.php\/wp-json\/wp\/v2\/comments?post=263"}],"wp:featuredmedia":[{"embeddable":true,"href":"https:\/\/corequimicas.com.mx\/index.php\/wp-json\/wp\/v2\/media\/264"}],"wp:attachment":[{"href":"https:\/\/corequimicas.com.mx\/index.php\/wp-json\/wp\/v2\/media?parent=263"}],"curies":[{"name":"wp","href":"https:\/\/api.w.org\/{rel}","templated":true}]}}