{"id":268,"date":"2020-11-27T15:49:50","date_gmt":"2020-11-27T15:49:50","guid":{"rendered":"https:\/\/corequimicas.com.mx\/?post_type=product&#038;p=268"},"modified":"2020-11-27T15:49:52","modified_gmt":"2020-11-27T15:49:52","slug":"cm-250-wienier-lab","status":"publish","type":"product","link":"https:\/\/corequimicas.com.mx\/index.php\/producto\/cm-250-wienier-lab\/","title":{"rendered":"CM 250-Wienier lab"},"content":{"rendered":"<hr \/>\n<p><strong>CARACTER\u00cdSTICAS T\u00c9CNICAS\u00a0<\/strong><\/p>\n<p><span style=\"color: #000000;\"><strong>Velocidad de Operaci\u00f3n:\u00a0<\/strong><\/span><\/p>\n<ul>\n<li><span style=\"color: #000000;\">Hasta 230 Test\/hora<\/span><\/li>\n<\/ul>\n<p><span style=\"color: #000000;\"><strong>Muestras:<\/strong><\/span><\/p>\n<ul>\n<li><span style=\"color: #000000;\">48 posiciones disponibles<\/span><\/li>\n<li><span style=\"color: #000000;\">Posibilidad de utilizar tubos primarios o copas de muestra.<\/span><\/li>\n<li><span style=\"color: #000000;\">Volumen de muestra: 2 \u2013 100 \u03bcL<\/span><\/li>\n<li><span style=\"color: #000000;\">Carga continua<\/span><\/li>\n<li><span style=\"color: #000000;\">Lector de c\u00f3digo de barras (opcional)<\/span><\/li>\n<\/ul>\n<p><span style=\"color: #000000;\"><strong>Reactivos:\u00a0<\/strong><\/span><\/p>\n<ul>\n<li><span style=\"color: #000000;\">48 posiciones disponibles<\/span><\/li>\n<li><span style=\"color: #000000;\">Refrigerada por efecto Peltier hasta 12\u00b0C debajo de T.A.<\/span><\/li>\n<li><span style=\"color: #000000;\">Viales de 20, 30 y 50 mL<\/span><\/li>\n<li><span style=\"color: #000000;\">Volumen de reactivo programable:<\/span><br \/>\n<span style=\"color: #000000;\">\u2013 Reactivo: 1: 0 \u2013 700 \u03bcL<\/span><br \/>\n<span style=\"color: #000000;\">\u2013 Reactivo: 2: 0 \u2013 450 \u03bcL\u200b<\/span><\/li>\n<li><span style=\"color: #000000;\">Volumen t\u00edpico de reactivo\u200b<\/span><\/li>\n<\/ul>\n<p><span style=\"color: #000000;\"><strong>Sistema de pipeteo:\u00a0<\/strong><\/span><\/p>\n<ul>\n<li><span style=\"color: #000000;\">Brazo de reactivos termostatizado<\/span><\/li>\n<li><span style=\"color: #000000;\">Sensor capacitivo de nivel l\u00edquido<\/span><\/li>\n<li><span style=\"color: #000000;\">Sensor de choque<\/span><\/li>\n<li><span style=\"color: #000000;\">Sistema de lavado interno y externo de la aguja\u200b<\/span><\/li>\n<li><span style=\"color: #000000;\">Sistema dilutor de v\u00e1lvula<\/span><\/li>\n<\/ul>\n<p><span style=\"color: #000000;\"><strong>Bandeja de reacci\u00f3n:<\/strong><\/span><\/p>\n<ul>\n<li><span style=\"color: #000000;\">80 cubetas de 0,6 cm de paso de luz<\/span><\/li>\n<li><span style=\"color: #000000;\">Incubaci\u00f3n por aire pre calentado (30\u00b0C y 37\u00b0C)<\/span><\/li>\n<\/ul>\n<p><span style=\"color: #000000;\"><strong>Unidad de lavado:<\/strong><\/span><\/p>\n<ul>\n<li><span style=\"color: #000000;\">Lavador autom\u00e1tico de cubetas de 5 pasos con secado<\/span><\/li>\n<li><span style=\"color: #000000;\">Consumo de agua: menos de 1 L\/h<\/span><\/li>\n<\/ul>\n<p><span style=\"color: #000000;\"><strong>Sistema \u00f3ptico:<\/strong><\/span><\/p>\n<ul>\n<li><span style=\"color: #000000;\">Fot\u00f3metro doble haz\u200b\u200b<\/span><\/li>\n<li><span style=\"color: #000000;\">Filtros de interferencia: 340, 405, 505, 550, 570, 590, 650,\u00a0700 y 767 nm<\/span><\/li>\n<li><span style=\"color: #000000;\">Ancho de banda: 10 nm<\/span><\/li>\n<li><span style=\"color: #000000;\">Rango fotom\u00e9trico: -0,1 \u2013 3,5\u00a0Abs.\u00a0\u200b\u200b(normalizado\u00a0a 1\u00a0cm de camino \u00f3ptico)<\/span><\/li>\n<li><span style=\"color: #000000;\">L\u00e1mpara Hal\u00f3gena 6V \u2013 20W<\/span><\/li>\n<\/ul>\n<p><span style=\"color: #000000;\"><strong>Modo de an\u00e1lisis:\u00a0<\/strong><\/span><\/p>\n<ul>\n<li><span style=\"color: #000000;\">Punto final con blanco de muestra o con blanco de reactivo\u200b<\/span><\/li>\n<li><span style=\"color: #000000;\">Cin\u00e9tica de uno y dos puntos<\/span><\/li>\n<li><span style=\"color: #000000;\">Turbidimetr\u00eda<\/span><\/li>\n<li><span style=\"color: #000000;\">Factor, est\u00e1ndar o curva de calibraci\u00f3n<\/span><\/li>\n<li><span style=\"color: #000000;\">Rutina, urgencias, perfiles\u200b<\/span><\/li>\n<li><span style=\"color: #000000;\">\u200bDiluci\u00f3n autom\u00e1tica de muestras patol\u00f3gicas o por consumo de sustrato<\/span><\/li>\n<li><span style=\"color: #000000;\">Pre-diluci\u00f3n de muestras en caso de que el m\u00e9todo lo requiera<\/span><\/li>\n<li><span style=\"color: #000000;\">Control de calidad: gr\u00e1ficos de Levy-Jennings, Reglas de Westgard<\/span><\/li>\n<\/ul>\n<p><span style=\"color: #000000;\"><strong><br \/>\nManejo de datos:<\/strong><\/span><\/p>\n<ul>\n<li><span style=\"color: #000000;\">PC e impresora externa<\/span><\/li>\n<li><span style=\"color: #000000;\">Importaci\u00f3n \/ exportaci\u00f3n de datos, m\u00e9todos y resultados<\/span><\/li>\n<li><span style=\"color: #000000;\">Software compatible con Windows 10 (64 bits)<\/span><\/li>\n<li><span style=\"color: #000000;\">Backup autom\u00e1tico<\/span><\/li>\n<li><span style=\"color: #000000;\">Dos puertos USB disponibles<\/span><\/li>\n<\/ul>\n<p><span style=\"color: #000000;\"><strong>Comunicaci\u00f3n:<\/strong><\/span><\/p>\n<ul>\n<li><span style=\"color: #000000;\">\u200bComunicaci\u00f3n est\u00e1ndar con puerto serie de acuerdo a protocolo ASTM 1394<\/span><\/li>\n<\/ul>\n<p><span style=\"color: #000000;\"><strong><br \/>\nRequerimientos de instalaci\u00f3n:<\/strong><\/span><\/p>\n<ul>\n<li><span style=\"color: #000000;\">Alimentaci\u00f3n: 85 a 240 VAC, 43\/65 Hz, 400 VA con ajuste autom\u00e1tico\u200b<\/span><\/li>\n<li><span style=\"color: #000000;\">Ambiente: temperatura 15-35\u00b0C, humedad raelativa &lt; 80%, presi\u00f3n 750 \u2013 1060 hPa.<\/span><\/li>\n<\/ul>\n<p><span style=\"color: #000000;\"><strong>Dimensiones:<\/strong><\/span><\/p>\n<ul>\n<li><span style=\"color: #000000;\">Ancho 85 cm, alto 48\u00a0cm, profundidad 58\u00a0cm\u200b<\/span><\/li>\n<\/ul>\n<p><span style=\"color: #000000;\"><strong>Peso:<\/strong><\/span><\/p>\n<ul>\n<li><span style=\"color: #000000;\">Peso\u00a0bruto: 94 Kg.<\/span><\/li>\n<li><span style=\"color: #000000;\">Peso neto:\u00a059 Kg.<\/span><\/li>\n<\/ul>\n<p><span style=\"color: #000000;\"><strong><br \/>\nCertificaciones:<\/strong><\/span><\/p>\n<ul>\n<li><span style=\"color: #000000;\">ISO 13485:2016, CE, ANMAT 3266\/13<\/span><\/li>\n<li><span style=\"color: #000000;\">EMC: 61326-2-6-2006<\/span><\/li>\n<li><span style=\"color: #000000;\">ES: 61010-2-101:2002\u200b<\/span><\/li>\n<\/ul>\n<hr \/>\n<p>&nbsp;<\/p>\n","protected":false},"excerpt":{"rendered":"<hr \/>\n<p><span style=\"color: #000000;\"><strong>CM250 es un analizador cl\u00ednico random access de \u00faltima generaci\u00f3n, que trabaja con un software integralmente desarrollado para Windows XP\u00ae<\/strong><\/span><\/p>\n<hr \/>\n<p>&nbsp;<\/p>\n","protected":false},"featured_media":269,"comment_status":"open","ping_status":"closed","template":"","meta":[],"_links":{"self":[{"href":"https:\/\/corequimicas.com.mx\/index.php\/wp-json\/wp\/v2\/product\/268"}],"collection":[{"href":"https:\/\/corequimicas.com.mx\/index.php\/wp-json\/wp\/v2\/product"}],"about":[{"href":"https:\/\/corequimicas.com.mx\/index.php\/wp-json\/wp\/v2\/types\/product"}],"replies":[{"embeddable":true,"href":"https:\/\/corequimicas.com.mx\/index.php\/wp-json\/wp\/v2\/comments?post=268"}],"wp:featuredmedia":[{"embeddable":true,"href":"https:\/\/corequimicas.com.mx\/index.php\/wp-json\/wp\/v2\/media\/269"}],"wp:attachment":[{"href":"https:\/\/corequimicas.com.mx\/index.php\/wp-json\/wp\/v2\/media?parent=268"}],"curies":[{"name":"wp","href":"https:\/\/api.w.org\/{rel}","templated":true}]}}