{"id":281,"date":"2020-11-30T16:07:20","date_gmt":"2020-11-30T16:07:20","guid":{"rendered":"https:\/\/corequimicas.com.mx\/?post_type=product&#038;p=281"},"modified":"2020-11-30T16:07:24","modified_gmt":"2020-11-30T16:07:24","slug":"inmulite-2000","status":"publish","type":"product","link":"https:\/\/corequimicas.com.mx\/index.php\/producto\/inmulite-2000\/","title":{"rendered":"INMULITE 2000"},"content":{"rendered":"<hr \/>\n<ul class=\"list list--bullet list--link margin-bottom-1\" data-type=\"USP\" data-ste-component=\"usp-list\">\n<li class=\"list__item list__item--no-link\">Rendimiento de hasta 200 pruebas \/ hora.<\/li>\n<li class=\"list__item list__item--no-link\">Protocolos de diluci\u00f3n autom\u00e1tica definidos por el usuario.<\/li>\n<li class=\"list__item list__item--no-link\">Cinco horas de tiempo de viaje utilizable<\/li>\n<li class=\"list__item list__item--no-link\">Ensayos de tercera generaci\u00f3n para una excelente sensibilidad.<\/li>\n<li class=\"list__item list__item--no-link\">Men\u00fa completo de m\u00e1s de 100 * ensayos<\/li>\n<li class=\"list__item list__item--no-link\">Automatizado f\u00e1cilmente a trav\u00e9s de VersaCell \u2122 u otros sistemas de automatizaci\u00f3n ADVIA<\/li>\n<\/ul>\n<hr \/>\n<p>&nbsp;<\/p>\n","protected":false},"excerpt":{"rendered":"<hr \/>\n<p>El\u00a0sistema de inmunoensayo\u00a0IMMULITE\u00a0<sup>\u00ae<\/sup>\u00a02000 ha sido dise\u00f1ado espec\u00edficamente para una eficiencia y consolidaci\u00f3n \u00f3ptimas en laboratorios de mediano y alto volumen.\u00a0El software intuitivo IMMULITE 2000 y la interfaz gr\u00e1fica de usuario ofrecen una gesti\u00f3n de informaci\u00f3n optimizada, desde pedidos de pruebas remotas hasta an\u00e1lisis sofisticados de resultados.<\/p>\n<hr \/>\n<p>&nbsp;<\/p>\n","protected":false},"featured_media":282,"comment_status":"open","ping_status":"closed","template":"","meta":[],"_links":{"self":[{"href":"https:\/\/corequimicas.com.mx\/index.php\/wp-json\/wp\/v2\/product\/281"}],"collection":[{"href":"https:\/\/corequimicas.com.mx\/index.php\/wp-json\/wp\/v2\/product"}],"about":[{"href":"https:\/\/corequimicas.com.mx\/index.php\/wp-json\/wp\/v2\/types\/product"}],"replies":[{"embeddable":true,"href":"https:\/\/corequimicas.com.mx\/index.php\/wp-json\/wp\/v2\/comments?post=281"}],"wp:featuredmedia":[{"embeddable":true,"href":"https:\/\/corequimicas.com.mx\/index.php\/wp-json\/wp\/v2\/media\/282"}],"wp:attachment":[{"href":"https:\/\/corequimicas.com.mx\/index.php\/wp-json\/wp\/v2\/media?parent=281"}],"curies":[{"name":"wp","href":"https:\/\/api.w.org\/{rel}","templated":true}]}}