{"id":283,"date":"2020-11-30T16:12:11","date_gmt":"2020-11-30T16:12:11","guid":{"rendered":"https:\/\/corequimicas.com.mx\/?post_type=product&#038;p=283"},"modified":"2020-11-30T16:15:13","modified_gmt":"2020-11-30T16:15:13","slug":"mini-vidas","status":"publish","type":"product","link":"https:\/\/corequimicas.com.mx\/index.php\/producto\/mini-vidas\/","title":{"rendered":"Mini VIDAS\u00ae"},"content":{"rendered":"<hr \/>\n<h3>Informaci\u00f3n del equipo<\/h3>\n<ul class=\"bullet_blue\">\n<li>Unidad anal\u00edtica: 2 secciones con 6 posiciones cada una.<\/li>\n<li>Pantalla digital.<\/li>\n<\/ul>\n<h3><strong>Especificaciones t\u00e9cnicas<\/strong><\/h3>\n<p><strong>Peso:<\/strong>\u00a040 kg<\/p>\n<p><strong>Requisitos el\u00e9ctricos:<\/strong><\/p>\n<table class=\"alternate\" border=\"1\" cellpadding=\"10\">\n<tbody>\n<tr>\n<td><strong>Voltaje<\/strong><\/td>\n<td>100-240 VAC<\/td>\n<\/tr>\n<tr class=\"even\">\n<td><strong>Consumo el\u00e9ctrico<\/strong><\/td>\n<td>1.5 \u2013 0.8 A<\/td>\n<\/tr>\n<tr>\n<td><strong>Frecuencia<\/strong><\/td>\n<td>50-60Hz<\/td>\n<\/tr>\n<tr class=\"even\">\n<td><strong>Potencia<\/strong><\/td>\n<td>150 vatios<\/td>\n<\/tr>\n<tr>\n<td><strong>Emisi\u00f3n de calor<\/strong><\/td>\n<td>aproximadamente\u00a0512 Btu\/hr<\/td>\n<\/tr>\n<\/tbody>\n<\/table>\n<p>&nbsp;<\/p>\n<p><strong>\u00c1rea anal\u00edtica<\/strong><\/p>\n<ul class=\"bullet_blue\">\n<li>2 secciones independientes con 6 posiciones<\/li>\n<li>Procesado simult\u00e1neo de distintos par\u00e1metros<\/li>\n<li>Identificaci\u00f3n de c\u00f3digo de barras automatizada<\/li>\n<\/ul>\n<p><img loading=\"lazy\" class=\"media-image alignleft\" src=\"https:\/\/www.biomerieux.es\/sites\/subsidiary_es\/files\/styles\/large\/public\/gs3h2089.jpg\" alt=\"\" width=\"300\" height=\"208\" \/>\u00a0<img loading=\"lazy\" class=\"media-image alignleft\" src=\"https:\/\/www.biomerieux.es\/sites\/subsidiary_es\/files\/styles\/large\/public\/vidas6968retouchee.jpg\" alt=\"\" width=\"300\" height=\"231\" \/>\u00a0<img loading=\"lazy\" class=\"media-image alignleft\" src=\"https:\/\/www.biomerieux.es\/sites\/subsidiary_es\/files\/styles\/large\/public\/vidas-22-12-04-025.jpg\" alt=\"\" width=\"300\" height=\"254\" \/><\/p>\n<p>&nbsp;<\/p>\n<p>&nbsp;<\/p>\n<p>&nbsp;<\/p>\n<p>&nbsp;<\/p>\n<p>&nbsp;<\/p>\n<p>&nbsp;<\/p>\n<p>&nbsp;<\/p>\n<p>&nbsp;<\/p>\n<hr \/>\n<p>&nbsp;<\/p>\n","protected":false},"excerpt":{"rendered":"<hr \/>\n<p><em><strong>Sistema autom\u00e1tico multiparam\u00e9trico de inmunoan\u00e1lisis<\/strong><\/em><\/p>\n<p>mini VIDAS<sup>\u00ae<\/sup>\u00a0es un sistema de inmunoensayo\u00a0<strong>compacto<\/strong>\u00a0basado en los principios de la tecnolog\u00eda ELFA (Combinaci\u00f3n del m\u00e9todo ELISA con una lectura final por fluorescencia).<\/p>\n<hr \/>\n<p>&nbsp;<\/p>\n","protected":false},"featured_media":284,"comment_status":"open","ping_status":"closed","template":"","meta":[],"_links":{"self":[{"href":"https:\/\/corequimicas.com.mx\/index.php\/wp-json\/wp\/v2\/product\/283"}],"collection":[{"href":"https:\/\/corequimicas.com.mx\/index.php\/wp-json\/wp\/v2\/product"}],"about":[{"href":"https:\/\/corequimicas.com.mx\/index.php\/wp-json\/wp\/v2\/types\/product"}],"replies":[{"embeddable":true,"href":"https:\/\/corequimicas.com.mx\/index.php\/wp-json\/wp\/v2\/comments?post=283"}],"wp:featuredmedia":[{"embeddable":true,"href":"https:\/\/corequimicas.com.mx\/index.php\/wp-json\/wp\/v2\/media\/284"}],"wp:attachment":[{"href":"https:\/\/corequimicas.com.mx\/index.php\/wp-json\/wp\/v2\/media?parent=283"}],"curies":[{"name":"wp","href":"https:\/\/api.w.org\/{rel}","templated":true}]}}