{"id":290,"date":"2020-11-30T16:31:50","date_gmt":"2020-11-30T16:31:50","guid":{"rendered":"https:\/\/corequimicas.com.mx\/?post_type=product&#038;p=290"},"modified":"2020-11-30T16:31:53","modified_gmt":"2020-11-30T16:31:53","slug":"snibe-maglumi-1000","status":"publish","type":"product","link":"https:\/\/corequimicas.com.mx\/index.php\/producto\/snibe-maglumi-1000\/","title":{"rendered":"Snibe Maglumi 1000"},"content":{"rendered":"<hr \/>\n<ul>\n<li>Productividad: Hasta 120 pruebas por hora.<\/li>\n<li>Carga continua de muestras y reactivos<\/li>\n<li>Capacidad de muestras a bordo: Hasta 144<\/li>\n<li>Posiciones para reactivo: 15<\/li>\n<li>Tiempo para primer resultado: 17 minutos<\/li>\n<\/ul>\n<p><b>Cliente Objetivo:<\/b><\/p>\n<ul>\n<li>Laboratorios medianos<\/li>\n<\/ul>\n<p><b>Volumen de pruebas por d\u00eda:<\/b><\/p>\n<ul>\n<li>De 40 a 80 pruebas diarias<\/li>\n<li>De 5 a 10 par\u00e1metros<\/li>\n<\/ul>\n<hr \/>\n<p>&nbsp;<\/p>\n","protected":false},"excerpt":{"rendered":"<hr \/>\n<p>Analizador autom\u00e1tico de inmunolog\u00eda por\u00a0 quimioluminiscensia. Permite analizar simult\u00e1neamente hasta 40 muestras empleando 9 reactivos distintos, con una velocidad de proceso de 180 an\u00e1lisis por hora. El sistema controla la gesti\u00f3n de reactivos en todo momento.<\/p>\n<hr \/>\n<p>&nbsp;<\/p>\n","protected":false},"featured_media":291,"comment_status":"open","ping_status":"closed","template":"","meta":[],"_links":{"self":[{"href":"https:\/\/corequimicas.com.mx\/index.php\/wp-json\/wp\/v2\/product\/290"}],"collection":[{"href":"https:\/\/corequimicas.com.mx\/index.php\/wp-json\/wp\/v2\/product"}],"about":[{"href":"https:\/\/corequimicas.com.mx\/index.php\/wp-json\/wp\/v2\/types\/product"}],"replies":[{"embeddable":true,"href":"https:\/\/corequimicas.com.mx\/index.php\/wp-json\/wp\/v2\/comments?post=290"}],"wp:featuredmedia":[{"embeddable":true,"href":"https:\/\/corequimicas.com.mx\/index.php\/wp-json\/wp\/v2\/media\/291"}],"wp:attachment":[{"href":"https:\/\/corequimicas.com.mx\/index.php\/wp-json\/wp\/v2\/media?parent=290"}],"curies":[{"name":"wp","href":"https:\/\/api.w.org\/{rel}","templated":true}]}}