{"id":292,"date":"2020-11-30T16:37:55","date_gmt":"2020-11-30T16:37:55","guid":{"rendered":"https:\/\/corequimicas.com.mx\/?post_type=product&#038;p=292"},"modified":"2020-11-30T16:37:59","modified_gmt":"2020-11-30T16:37:59","slug":"snibe-maglumi-2000","status":"publish","type":"product","link":"https:\/\/corequimicas.com.mx\/index.php\/producto\/snibe-maglumi-2000\/","title":{"rendered":"Snibe Maglumi 2000"},"content":{"rendered":"<hr \/>\n<ul>\n<li class=\"p1\">Sistema de radiofrecuencia para lectura de reactivos.<\/li>\n<li class=\"p1\">Carga continua de muestras y reactivos con refrigeraci\u00f3n a bordo.<\/li>\n<li>Sistema de pipeteo con dos agujas que minimizan el carry-over.<\/li>\n<li class=\"p1\">Amplio panel de reactivos con calibradores y controles incluidos.<\/li>\n<li>Opciones de auto-diluci\u00f3n y ensayos reflex.<\/li>\n<li>Lector de c\u00f3digo de barras para muestras.<\/li>\n<li class=\"p1\">Conexi\u00f3n LIS.<\/li>\n<\/ul>\n<hr \/>\n<p>&nbsp;<\/p>\n","protected":false},"excerpt":{"rendered":"<hr \/>\n<p>Analizador autom\u00e1tico de inmunolog\u00eda por quimioluminiscencia. Permite analizar simult\u00e1neamente hasta 144 muestras empleando 25 reactivos distintos, con una velocidad de proceso de 180 an\u00e1lisis por hora. Lector de c\u00f3digo de barras para muestras.<\/p>\n<hr \/>\n<p>&nbsp;<\/p>\n","protected":false},"featured_media":293,"comment_status":"open","ping_status":"closed","template":"","meta":[],"_links":{"self":[{"href":"https:\/\/corequimicas.com.mx\/index.php\/wp-json\/wp\/v2\/product\/292"}],"collection":[{"href":"https:\/\/corequimicas.com.mx\/index.php\/wp-json\/wp\/v2\/product"}],"about":[{"href":"https:\/\/corequimicas.com.mx\/index.php\/wp-json\/wp\/v2\/types\/product"}],"replies":[{"embeddable":true,"href":"https:\/\/corequimicas.com.mx\/index.php\/wp-json\/wp\/v2\/comments?post=292"}],"wp:featuredmedia":[{"embeddable":true,"href":"https:\/\/corequimicas.com.mx\/index.php\/wp-json\/wp\/v2\/media\/293"}],"wp:attachment":[{"href":"https:\/\/corequimicas.com.mx\/index.php\/wp-json\/wp\/v2\/media?parent=292"}],"curies":[{"name":"wp","href":"https:\/\/api.w.org\/{rel}","templated":true}]}}