{"id":304,"date":"2020-11-30T18:18:29","date_gmt":"2020-11-30T18:18:29","guid":{"rendered":"https:\/\/corequimicas.com.mx\/?post_type=product&#038;p=304"},"modified":"2021-11-25T05:15:51","modified_gmt":"2021-11-25T05:15:51","slug":"adaptador-luer-bd-vacutainer","status":"publish","type":"product","link":"https:\/\/corequimicas.com.mx\/index.php\/producto\/adaptador-luer-bd-vacutainer\/","title":{"rendered":"Adaptador Luer BD Vacutainer\u00ae"},"content":{"rendered":"<hr \/>\n<p>Adaptador Luer para extracciones m\u00faltiples<\/p>\n<p>Caja de 100 unidades<\/p>\n<p>El Adaptador Luer Vacutainer\u2122 est\u00e1 dise\u00f1ado para conectarse al sistema libre de aguja InterLink\u2122, con cat\u00e9teres intravenosos ya instalados en la vena del paciente y con agujas hipod\u00e9rmicas para extracci\u00f3n de sangre venosa con tubos de extracci\u00f3n por vac\u00edo Vacutainer\u2122.<\/p>\n<p>El adaptador luer est\u00e1 fabricado de poliestireno.<\/p>\n<p>Por la parte de su rosca, dispone de una c\u00e1nula con v\u00e1lvula para toma m\u00faltiple.<\/p>\n<p>El envase protector de tipo HARDPAK\u2122, de color azul, es de polipropileno, y cubre la porci\u00f3n luer del adaptador. La parte de la aguja est\u00e1 cubierta por un capuch\u00f3n de aguja precintado con una etiqueta de identificaci\u00f3n del producto.<\/p>\n<p>El capuch\u00f3n de la aguja es de polietileno.<\/p>\n<p>Este envase protector asegura la esterilidad del producto antes de usarlo.<\/p>\n<p>La etiqueta dispone de un precinto de seguridad que evidencia que el producto no ha sido abierto anteriormente.<\/p>\n<p>Despu\u00e9s del uso, el adaptador deber\u00e1 desecharse en un contenedor de objetos punzantes.<\/p>\n<p>Libre de l\u00e1tex.<\/p>\n<hr \/>\n<p>&nbsp;<\/p>\n","protected":false},"excerpt":{"rendered":"<hr \/>\n<p>Accesorio para la toma de muestra al vac\u00edo con sistema BD Vacutainer\u00ae. Adaptador para extraer muestras de sangre desde cat\u00e9teres intravenosos (llave de tres pasos y v\u00e1lvulas antireflujo). Material de pl\u00e1stico Poliestireno. Protecci\u00f3n distal de aguja con Polietileno. Producto esterilizado con \u00f3xido de etileno, libre de l\u00e1tex. Con envase protector que asegura la esterilidad del producto antes de usarlo.<\/p>\n<hr \/>\n<p>&nbsp;<\/p>\n","protected":false},"featured_media":305,"comment_status":"open","ping_status":"closed","template":"","meta":[],"_links":{"self":[{"href":"https:\/\/corequimicas.com.mx\/index.php\/wp-json\/wp\/v2\/product\/304"}],"collection":[{"href":"https:\/\/corequimicas.com.mx\/index.php\/wp-json\/wp\/v2\/product"}],"about":[{"href":"https:\/\/corequimicas.com.mx\/index.php\/wp-json\/wp\/v2\/types\/product"}],"replies":[{"embeddable":true,"href":"https:\/\/corequimicas.com.mx\/index.php\/wp-json\/wp\/v2\/comments?post=304"}],"wp:featuredmedia":[{"embeddable":true,"href":"https:\/\/corequimicas.com.mx\/index.php\/wp-json\/wp\/v2\/media\/305"}],"wp:attachment":[{"href":"https:\/\/corequimicas.com.mx\/index.php\/wp-json\/wp\/v2\/media?parent=304"}],"curies":[{"name":"wp","href":"https:\/\/api.w.org\/{rel}","templated":true}]}}