{"id":306,"date":"2020-12-01T15:30:58","date_gmt":"2020-12-01T15:30:58","guid":{"rendered":"https:\/\/corequimicas.com.mx\/?post_type=product&#038;p=306"},"modified":"2020-12-01T15:31:03","modified_gmt":"2020-12-01T15:31:03","slug":"aguja-bd-vacutainer-eclipse","status":"publish","type":"product","link":"https:\/\/corequimicas.com.mx\/index.php\/producto\/aguja-bd-vacutainer-eclipse\/","title":{"rendered":"Aguja BD Vacutainer\u00ae Eclipse\u2122"},"content":{"rendered":"<hr \/>\n<ul>\n<li>Ayuda a mejorar la seguridad, reducir la exposici\u00f3n y maximizar el cumplimiento de las normas de OSHA (Occupational Safety and Health Administration) y recomendaciones de la OMS (Organizaci\u00f3n Mundial de la Salud).<\/li>\n<li>Brinda protecci\u00f3n inmediata al trabajador despu\u00e9s de la punci\u00f3n. Es un hecho que el 61%de las heridas suceden al cabo de algunos segundos luego de que el dispositivo se remueve de la vena del paciente.<sup>(2)<\/sup><\/li>\n<li>Minimiza el riesgo de una punci\u00f3n accidental gracias a la activaci\u00f3n\u00a0<em>inmediata\u00a0<\/em>delmecanismo de seguridad\u00a0con una sola mano.<\/li>\n<\/ul>\n<p>El mayor riesgo de lesi\u00f3n proviene de agujas huecas contaminadas usadas en la recolecci\u00f3n de sangre.\u00a0A ellas se atribuyen el 63% de las punciones accidentales.<em><strong>Un\u00a0dispositivo\u00a0de\u00a0seguridad\u00a0integrado\u00a0a\u00a0la\u00a0aguja\u00a0puede\u00a0reducir\u00a0el riesgo.<\/strong><\/em><\/p>\n<hr \/>\n<p>&nbsp;<\/p>\n","protected":false},"excerpt":{"rendered":"<hr \/>\n<ul>\n<li>El biselado\u00a0BD PrecisionGlide\u2122\u00a0disminuye el dolor\u00a0del paciente al momento de la punci\u00f3n, debido a que realiza una apertura de tejido y no un corte o\u00a0desgarre.<\/li>\n<li>No requiere cambio en la t\u00e9cnica de recolecci\u00f3n. El dispositivo de seguridad cierra de forma permanente, reduciendo significativamente el riesgo de punciones accidentales. El dispositivo de seguridad forma parte de la aguja y no se puede retirar, cumpliendo con las recomendaciones de OSHA\u00a0<em>(<\/em>Occupational Safety and Health Administration<em>)\u00a0<\/em>para el uso de dispositivos de seguridad.<\/li>\n<li>Facilita la activaci\u00f3n del dispositivo de seguridad con una sola mano sin necesidad de presionar sobre una superficie para activarlo, cumpliendo con los lineamientos de\u00a0 FDA(Food and Drug Administration) y OSHA (Occupational Safety and Health Administration<em>)<\/em>para el uso de dispositivos de seguridad<em>.<\/em><\/li>\n<\/ul>\n<hr \/>\n<p>&nbsp;<\/p>\n","protected":false},"featured_media":307,"comment_status":"open","ping_status":"closed","template":"","meta":[],"_links":{"self":[{"href":"https:\/\/corequimicas.com.mx\/index.php\/wp-json\/wp\/v2\/product\/306"}],"collection":[{"href":"https:\/\/corequimicas.com.mx\/index.php\/wp-json\/wp\/v2\/product"}],"about":[{"href":"https:\/\/corequimicas.com.mx\/index.php\/wp-json\/wp\/v2\/types\/product"}],"replies":[{"embeddable":true,"href":"https:\/\/corequimicas.com.mx\/index.php\/wp-json\/wp\/v2\/comments?post=306"}],"wp:featuredmedia":[{"embeddable":true,"href":"https:\/\/corequimicas.com.mx\/index.php\/wp-json\/wp\/v2\/media\/307"}],"wp:attachment":[{"href":"https:\/\/corequimicas.com.mx\/index.php\/wp-json\/wp\/v2\/media?parent=306"}],"curies":[{"name":"wp","href":"https:\/\/api.w.org\/{rel}","templated":true}]}}