{"id":308,"date":"2020-12-01T15:34:24","date_gmt":"2020-12-01T15:34:24","guid":{"rendered":"https:\/\/corequimicas.com.mx\/?post_type=product&#038;p=308"},"modified":"2020-12-01T15:34:27","modified_gmt":"2020-12-01T15:34:27","slug":"bd-microtainer-map","status":"publish","type":"product","link":"https:\/\/corequimicas.com.mx\/index.php\/producto\/bd-microtainer-map\/","title":{"rendered":"BD Microtainer\u00ae MAP"},"content":{"rendered":"<hr \/>\n<div class=\"item\">\n<p>Apertura de rosca, para quitar el tap\u00f3n con m\u00e1s facilidad al momento de hacer la recolecci\u00f3n de muestra.<\/p>\n<\/div>\n<hr \/>\n<div class=\"item\">\n<p>Cierre a presi\u00f3n que garantiza un transporte seguro y libre de fugas.<\/p>\n<\/div>\n<hr \/>\n<div class=\"item\">\n<p>Tres l\u00edneas indicadoras de llenado, 250, 375 y 500\u00b5L, claramente visibles, para garantizar un volumen de recolecci\u00f3n correcto.<\/p>\n<\/div>\n<hr \/>\n<div class=\"item\">\n<p>Etiqueta est\u00e1ndar en tama\u00f1o completo con un indicador V-Notch\u2122 que proporciona una gu\u00eda visual para la correcta colocaci\u00f3n de las etiquetas secundarias.<\/p>\n<\/div>\n<hr \/>\n<div class=\"item\">\n<p>Tap\u00f3n perforable para toma directa por el instrumento de diagn\u00f3stico.<\/p>\n<\/div>\n<hr \/>\n<div class=\"item\">\n<p>Tubo de una sola pieza de 13x75mm con recolector integrado.<\/p>\n<\/div>\n<hr \/>\n<div class=\"item\">\n<p>N\u00famero de inversiones indicado en la etiqueta del tubo (8x)<\/p>\n<\/div>\n<hr \/>\n<div class=\"item\">\n<p>Anticoagulante EDTAK2 1.0mg, volumen 250-500 \u00b5L.<\/p>\n<hr \/>\n<p>&nbsp;<\/p>\n<\/div>\n","protected":false},"excerpt":{"rendered":"<hr \/>\n<p>El tubo BD MAP Microtainer\u00ae est\u00e1 dise\u00f1ado para mejorar el tiempo de respuesta, seguridad y exactitud de la muestra de sangre capilar y las pruebas en pacientes con volumen limitado de sangre, tales como lactantes, ni\u00f1os, pacientes de oncolog\u00eda y los ancianos.<br \/>\nDebido a la falta de compatibilidad con los instrumentos de pruebas automatizadas, combinado con un mayor riesgo de errores de identificaci\u00f3n del paciente, bajo volumen de muestra de sangre capilar ha tenido hist\u00f3ricamente el riesgo de tiempo de respuesta resultado de la prueba m\u00e1s larga, as\u00ed como el diagn\u00f3stico y el tratamiento inadecuado.<br \/>\nEl tubo BD MAPA Microtainer\u00ae es el primer sistema de recolecci\u00f3n de bajo volumen para ofrecer tanto est\u00e1ndar, de tama\u00f1o completo las etiquetas de identificaci\u00f3n del paciente, as\u00ed como la compatibilidad oferta de instrumentos con instrumentos de hematolog\u00eda m\u00e1s automatizados. Debido a su dise\u00f1o, pendiente de patente, el BD Microtainer\u00ae MAPA microtubos para el proceso automatizado puede funcionar en modo automatizado con el volumen sangu\u00edneo m\u00e1s peque\u00f1o.<\/p>\n<hr \/>\n<p>&nbsp;<\/p>\n","protected":false},"featured_media":309,"comment_status":"open","ping_status":"closed","template":"","meta":[],"_links":{"self":[{"href":"https:\/\/corequimicas.com.mx\/index.php\/wp-json\/wp\/v2\/product\/308"}],"collection":[{"href":"https:\/\/corequimicas.com.mx\/index.php\/wp-json\/wp\/v2\/product"}],"about":[{"href":"https:\/\/corequimicas.com.mx\/index.php\/wp-json\/wp\/v2\/types\/product"}],"replies":[{"embeddable":true,"href":"https:\/\/corequimicas.com.mx\/index.php\/wp-json\/wp\/v2\/comments?post=308"}],"wp:featuredmedia":[{"embeddable":true,"href":"https:\/\/corequimicas.com.mx\/index.php\/wp-json\/wp\/v2\/media\/309"}],"wp:attachment":[{"href":"https:\/\/corequimicas.com.mx\/index.php\/wp-json\/wp\/v2\/media?parent=308"}],"curies":[{"name":"wp","href":"https:\/\/api.w.org\/{rel}","templated":true}]}}