{"id":310,"date":"2020-12-01T15:37:52","date_gmt":"2020-12-01T15:37:52","guid":{"rendered":"https:\/\/corequimicas.com.mx\/?post_type=product&#038;p=310"},"modified":"2020-12-01T15:39:44","modified_gmt":"2020-12-01T15:39:44","slug":"equipo-alado-bd-vacutainer-push-button","status":"publish","type":"product","link":"https:\/\/corequimicas.com.mx\/index.php\/producto\/equipo-alado-bd-vacutainer-push-button\/","title":{"rendered":"BD Vacutainer\u00ae Push Button"},"content":{"rendered":"<hr \/>\n<ul>\n<li>Ayuda a mejorar la seguridad, reducir la exposici\u00f3n y maximizar el cumplimiento de las normas de OSHA (Occupational Safety and Health Administration) y recomendaciones de la OMS (Organizaci\u00f3n Mundial de la Salud).<\/li>\n<li>Brinda protecci\u00f3n inmediata al trabajador despu\u00e9s de la punci\u00f3n. Es un hecho que el 61% de las heridas suceden al cabo de algunos segundos luego de que el dispositivo se remueve de la vena del paciente.<sup>(3)\u00a0<\/sup><\/li>\n<li>Minimiza el riesgo de una punci\u00f3n accidental gracias a la activaci\u00f3n\u00a0<em>inmediata<\/em>\u00a0del mecanismo de seguridad con una sola mano.<\/li>\n<\/ul>\n<p>El mayor riesgo de lesi\u00f3n proviene de agujas huecas contaminadas, usadas en la recolecci\u00f3n de sangre.\u00a0A ellas se atribuyen el 63%\u00a0 de las punciones accidentales.<em><strong>Un dispositivo de seguridad integrado a la aguja puede reducir el riesgo .<\/strong><\/em><\/p>\n<hr \/>\n<p>&nbsp;<\/p>\n","protected":false},"excerpt":{"rendered":"<hr \/>\n<ul>\n<li>Disminuye el dolor del paciente al momento\u00a0de la punci\u00f3n, debido a que realiza una apertura de tejido y no un corte y\/o desgarre.<em><sup>(1)<\/sup><\/em><\/li>\n<li>Ayuda a guardar la integridad de las venas delgadas y dif\u00edciles.<\/li>\n<li>Gracias a su dise\u00f1o alado, facilita el manejo de la aguja al momento de realizar la punci\u00f3n disminuyendo el contacto con el paciente.<\/li>\n<li>Se activa\u00a0con una sola mano previniendo heridas\u00a0y contagio del\u00a0flebotomista por punciones accidentales, cumpliendo con los lineamientos de\u00a0FDA (Food and Drug Administration) y OSHA (Occupational Safety and Health Administration) para el uso de dispositivos de seguridad.<\/li>\n<li>El dispositivo de seguridad forma parte de la aguja alada y no se puede retirar, cumpliendo con las recomendaciones de OSHA (Occupational Safety and Health Administration) para el uso de dispositivos de seguridad.<\/li>\n<li>El mecanismo de seguridad de bot\u00f3n de retracci\u00f3n autom\u00e1tico lo ayuda instant\u00e1neamente a protegerse de punciones accidentales.<\/li>\n<li>La activaci\u00f3n del mecanismo de seguridad\u00a0con una\u00a0sola mano permite continuar con la atenci\u00f3n al paciente.<\/li>\n<\/ul>\n<hr \/>\n<p>&nbsp;<\/p>\n","protected":false},"featured_media":311,"comment_status":"open","ping_status":"closed","template":"","meta":[],"_links":{"self":[{"href":"https:\/\/corequimicas.com.mx\/index.php\/wp-json\/wp\/v2\/product\/310"}],"collection":[{"href":"https:\/\/corequimicas.com.mx\/index.php\/wp-json\/wp\/v2\/product"}],"about":[{"href":"https:\/\/corequimicas.com.mx\/index.php\/wp-json\/wp\/v2\/types\/product"}],"replies":[{"embeddable":true,"href":"https:\/\/corequimicas.com.mx\/index.php\/wp-json\/wp\/v2\/comments?post=310"}],"wp:featuredmedia":[{"embeddable":true,"href":"https:\/\/corequimicas.com.mx\/index.php\/wp-json\/wp\/v2\/media\/311"}],"wp:attachment":[{"href":"https:\/\/corequimicas.com.mx\/index.php\/wp-json\/wp\/v2\/media?parent=310"}],"curies":[{"name":"wp","href":"https:\/\/api.w.org\/{rel}","templated":true}]}}