{"id":313,"date":"2020-12-01T15:48:13","date_gmt":"2020-12-01T15:48:13","guid":{"rendered":"https:\/\/corequimicas.com.mx\/?post_type=product&#038;p=313"},"modified":"2020-12-01T15:48:17","modified_gmt":"2020-12-01T15:48:17","slug":"bd-vacutainer-safety-lok","status":"publish","type":"product","link":"https:\/\/corequimicas.com.mx\/index.php\/producto\/bd-vacutainer-safety-lok\/","title":{"rendered":"BD Vacutainer\u00ae Safety-Lok\u2122"},"content":{"rendered":"<hr \/>\n<ul>\n<li>Ayuda a mejorar la seguridad, reducir la exposici\u00f3n y maximizar el cumplimiento de las normas de OSHA (Occupational Safety and Health Administration) y recomendaciones de la OMS (Organizaci\u00f3n Mundial de la Salud).<\/li>\n<li>Brinda protecci\u00f3n inmediata al trabajador despu\u00e9s de la punci\u00f3n. Es un hecho que el 61% de las heridas suceden al cabo de algunos segundos luego de que el dispositivo se remueve de la vena del paciente.<sup>(2)<\/sup><\/li>\n<\/ul>\n<p>El mayor riesgo de lesi\u00f3n proviene de agujas huecas contaminadas usadas en la recolecci\u00f3n de sangre, a ellas se atribuyen el 63%de las punciones accidentales.<\/p>\n<hr \/>\n<p>&nbsp;<\/p>\n","protected":false},"excerpt":{"rendered":"<hr \/>\n<ul>\n<li>Ayuda a guardar la integridad de las venas delgadas y dif\u00edciles.<\/li>\n<li>Facilita el manejo de la aguja al momento de realizar la punci\u00f3n, disminuyendo el contacto con el paciente.<\/li>\n<li>Proporciona protecci\u00f3n a las venas dif\u00edciles, adem\u00e1s de permitir que la manipulaci\u00f3n del sistema sea flexible\u00a0principalmente en los sitios de dif\u00edc\u00edl acceso.<\/li>\n<li>Permite\u00a0 confirmar la localizaci\u00f3n de la vena a trav\u00e9s del cuerpo transl\u00facido.<\/li>\n<li>Se activa\u00a0con una\u00a0sola mano previniendo heridas\u00a0y contagio del\u00a0flebotomista por punciones accidentales, adem\u00e1s de cumplir con los\u00a0lineamientos de\u00a0 FDA (Food and Drug Administration) y OSHA (Occupational Safety and Health Administration<em>)\u00a0<\/em>para el uso de dispositivos de seguridad<em>.<\/em><\/li>\n<li>El dispositivo de seguridad forma parte de la aguja alada y no se puede retirar, cumpliendo con las recomendaciones de OSHA\u00a0<em>(<\/em>Occupational Safety and Health Administration) para el uso de dispositivos de seguridad.<\/li>\n<\/ul>\n<hr \/>\n<p>&nbsp;<\/p>\n","protected":false},"featured_media":314,"comment_status":"open","ping_status":"closed","template":"","meta":[],"_links":{"self":[{"href":"https:\/\/corequimicas.com.mx\/index.php\/wp-json\/wp\/v2\/product\/313"}],"collection":[{"href":"https:\/\/corequimicas.com.mx\/index.php\/wp-json\/wp\/v2\/product"}],"about":[{"href":"https:\/\/corequimicas.com.mx\/index.php\/wp-json\/wp\/v2\/types\/product"}],"replies":[{"embeddable":true,"href":"https:\/\/corequimicas.com.mx\/index.php\/wp-json\/wp\/v2\/comments?post=313"}],"wp:featuredmedia":[{"embeddable":true,"href":"https:\/\/corequimicas.com.mx\/index.php\/wp-json\/wp\/v2\/media\/314"}],"wp:attachment":[{"href":"https:\/\/corequimicas.com.mx\/index.php\/wp-json\/wp\/v2\/media?parent=313"}],"curies":[{"name":"wp","href":"https:\/\/api.w.org\/{rel}","templated":true}]}}