{"id":315,"date":"2020-12-01T15:58:25","date_gmt":"2020-12-01T15:58:25","guid":{"rendered":"https:\/\/corequimicas.com.mx\/?post_type=product&#038;p=315"},"modified":"2022-12-31T09:34:00","modified_gmt":"2022-12-31T09:34:00","slug":"jeringa-para-gases-arteriales-bd-preset","status":"publish","type":"product","link":"https:\/\/corequimicas.com.mx\/index.php\/producto\/jeringa-para-gases-arteriales-bd-preset\/","title":{"rendered":"Jeringa para gases arteriales BD Preset \u2122"},"content":{"rendered":"<p>&nbsp;<\/p>\n<hr \/>\n<p><strong><em>Tiempo de respuesta\u00a0corto<\/em><\/strong>. Lista para su uso, la jeringa pre-heparinizada mejora el flujo de trabajo y potencialmente reduce las recolecciones innecesarias.<\/p>\n<ul>\n<li>Contiene heparina de litio balanceada con calcio aplicado por aspersi\u00f3n lo que disminuye el riesgo de diluci\u00f3n y alteraci\u00f3n de la muestra.<\/li>\n<li>Este tipo de jeringa permite obtener la cantidad precisa para pacientes pedi\u00e1tricos o casos especiales de muestras de menor volumen.<\/li>\n<li>El dise\u00f1o del \u00e9mbolo de baja resistencia permite un llenado predeterminado asi como tambi\u00e9n realizar una aspiraci\u00f3n manual.<\/li>\n<li>Con cierre luer-slip (disponible en las jeringas de 1ml) que permite un cierre herm\u00e9tico que impide el intercambio de gases con el medio ambiente\u00a0as\u00ed como fugas de la muestra.<\/li>\n<\/ul>\n<hr \/>\n<p>&nbsp;<\/p>\n","protected":false},"excerpt":{"rendered":"<hr \/>\n<p><strong><em>Muestra de\u00a0mejor calidad<\/em><\/strong>. Previene la coagulaci\u00f3n\u00a0de la muestra y contribuye a\u00a0la disminuci\u00f3n de errores preanal\u00edticos al estandarizar el procedimiento de recolecci\u00f3n.<\/p>\n<hr \/>\n<p>&nbsp;<\/p>\n","protected":false},"featured_media":316,"comment_status":"open","ping_status":"closed","template":"","meta":[],"_links":{"self":[{"href":"https:\/\/corequimicas.com.mx\/index.php\/wp-json\/wp\/v2\/product\/315"}],"collection":[{"href":"https:\/\/corequimicas.com.mx\/index.php\/wp-json\/wp\/v2\/product"}],"about":[{"href":"https:\/\/corequimicas.com.mx\/index.php\/wp-json\/wp\/v2\/types\/product"}],"replies":[{"embeddable":true,"href":"https:\/\/corequimicas.com.mx\/index.php\/wp-json\/wp\/v2\/comments?post=315"}],"wp:featuredmedia":[{"embeddable":true,"href":"https:\/\/corequimicas.com.mx\/index.php\/wp-json\/wp\/v2\/media\/316"}],"wp:attachment":[{"href":"https:\/\/corequimicas.com.mx\/index.php\/wp-json\/wp\/v2\/media?parent=315"}],"curies":[{"name":"wp","href":"https:\/\/api.w.org\/{rel}","templated":true}]}}