{"id":317,"date":"2020-12-01T16:08:26","date_gmt":"2020-12-01T16:08:26","guid":{"rendered":"https:\/\/corequimicas.com.mx\/?post_type=product&#038;p=317"},"modified":"2026-05-01T11:00:08","modified_gmt":"2026-05-01T11:00:08","slug":"lanceta-bd-microtainer-contact-activated","status":"publish","type":"product","link":"https:\/\/corequimicas.com.mx\/index.php\/producto\/lanceta-bd-microtainer-contact-activated\/","title":{"rendered":"Lanceta BD Microtainer\u00ae Contact-Activated"},"content":{"rendered":"<hr \/>\n<ul>\n<li class=\"firstItem\">Mejora la comodidad del usuario<\/li>\n<li>Tiene un dise\u00f1o ergon\u00f3mico para un agarre c\u00f3modo.<\/li>\n<li>Es m\u00e1s f\u00e1cil de sostener durante la punci\u00f3n.<\/li>\n<li>Proporciona mayor confianza al manipular el producto.<\/li>\n<li class=\"lastItem\">Minimiza el deslizamiento que puede ocurrir durante la activaci\u00f3n del producto.<\/li>\n<\/ul>\n<p><b>Se activa\u00a0<\/b>al contactar<\/p>\n<ul>\n<li class=\"firstItem\">Se activa solo cuando se coloca y presiona contra la piel<\/li>\n<li>Facilita una profundidad de punci\u00f3n constante para un muestreo m\u00e1s f\u00e1cil<\/li>\n<li class=\"lastItem\">Minimiza la posibilidad de activaci\u00f3n del dispositivo cuando no est\u00e1 en contacto con la piel.<\/li>\n<\/ul>\n<p><b>Mejora la\u00a0<\/b>precisi\u00f3n de la punci\u00f3n<\/p>\n<ul>\n<li class=\"firstItem\">Cubre solo un \u00e1rea peque\u00f1a en el punto de contacto, lo que mejora la visibilidad del sitio de punci\u00f3n deseado<\/li>\n<li class=\"lastItem\">Proporciona una mayor precisi\u00f3n en el posicionamiento de la lanceta al realizar la punci\u00f3n.<\/li>\n<\/ul>\n<p><strong>Simplifica<\/strong>\u00a0el procedimiento<\/p>\n<ul>\n<li class=\"firstItem\">El procedimiento intuitivo reduce el tiempo de entrenamiento.<\/li>\n<li>Lancet se activa en un paso<\/li>\n<li class=\"lastItem\">La profundidad de la punci\u00f3n es independiente de la t\u00e9cnica del m\u00e9dico.<\/li>\n<\/ul>\n<p><strong>Promueve la<\/strong>\u00a0seguridad del cl\u00ednico y del paciente<\/p>\n<ul>\n<li class=\"firstItem\">La activaci\u00f3n en un solo paso promueve la seguridad con punciones r\u00e1pidas, precisas y consistentes<\/li>\n<li>El dise\u00f1o evita que el producto se reutilice, lo que reduce la posibilidad de contaminaci\u00f3n del paciente, el m\u00e9dico o la muestra.<\/li>\n<li class=\"lastItem\">La retracci\u00f3n autom\u00e1tica de la lanceta en el dispositivo minimiza la posibilidad de lesiones.<\/li>\n<\/ul>\n<hr \/>\n<p>&nbsp;<\/p>\n","protected":false},"excerpt":{"rendered":"<hr \/>\n<ul>\n<li>Se activa solo cuando se coloca y presiona contra la piel, lo que facilita una profundidad de punci\u00f3n constante para facilitar el muestreo<\/li>\n<li>El procedimiento intuitivo reduce el tiempo de entrenamiento y el dise\u00f1o evita que el producto se reutilice<\/li>\n<\/ul>\n<ul>\n<li>Mejora la comodidad del usuario con un dise\u00f1o ergon\u00f3mico para un agarre m\u00e1s c\u00f3modo.<\/li>\n<li>Cubre solo un \u00e1rea peque\u00f1a en el punto de contacto, lo que mejora la visibilidad del sitio de punci\u00f3n deseado.<\/li>\n<\/ul>\n<hr \/>\n<p>&nbsp;<\/p>\n","protected":false},"featured_media":318,"comment_status":"open","ping_status":"closed","template":"","meta":[],"_links":{"self":[{"href":"https:\/\/corequimicas.com.mx\/index.php\/wp-json\/wp\/v2\/product\/317"}],"collection":[{"href":"https:\/\/corequimicas.com.mx\/index.php\/wp-json\/wp\/v2\/product"}],"about":[{"href":"https:\/\/corequimicas.com.mx\/index.php\/wp-json\/wp\/v2\/types\/product"}],"replies":[{"embeddable":true,"href":"https:\/\/corequimicas.com.mx\/index.php\/wp-json\/wp\/v2\/comments?post=317"}],"wp:featuredmedia":[{"embeddable":true,"href":"https:\/\/corequimicas.com.mx\/index.php\/wp-json\/wp\/v2\/media\/318"}],"wp:attachment":[{"href":"https:\/\/corequimicas.com.mx\/index.php\/wp-json\/wp\/v2\/media?parent=317"}],"curies":[{"name":"wp","href":"https:\/\/api.w.org\/{rel}","templated":true}]}}