{"id":319,"date":"2020-12-01T16:12:29","date_gmt":"2020-12-01T16:12:29","guid":{"rendered":"https:\/\/corequimicas.com.mx\/?post_type=product&#038;p=319"},"modified":"2023-02-26T07:18:01","modified_gmt":"2023-02-26T07:18:01","slug":"lanceta-bd-microtainer-quikheel","status":"publish","type":"product","link":"https:\/\/corequimicas.com.mx\/index.php\/producto\/lanceta-bd-microtainer-quikheel\/","title":{"rendered":"Lanceta BD Microtainer\u00ae Quikheel\u2122"},"content":{"rendered":"<hr \/>\n<p><strong>Dimensiones disponibles:<\/strong><\/p>\n<ul>\n<li>Lanceta color rosa:\u00a0 0.85 mm de profundidad 1.75 mm de corte (Para punciones en\u00a0tal\u00f3n de\u00a0bebes prematuros con peso menor a 1.5 Kg.)<\/li>\n<li>Lanceta color verde:\u00a0 1.0 mm de profundidad 2.5 mm de corte (Para bebes nacidos a t\u00e9rmino)<\/li>\n<\/ul>\n<p><strong>Esterilidad<\/strong><\/p>\n<ul>\n<li>Todas las lancetas BD Microtainer\u00ae Quikheel \u2122son est\u00e9riles y de un solo uso.<\/li>\n<li>El protector de la lanceta cubre todo el estilete que penetra en la piel del paciente, garantizando la esterilidad del dispositivo.<\/li>\n<li>Empaquetado de manera individual.<\/li>\n<li>El bot\u00f3n de activaci\u00f3n se mantiene retra\u00eddo una vez que ha sido utilizado lo que garantiza que no ser\u00e1 reutilizada.<\/li>\n<\/ul>\n<p><strong>\u00a0<\/strong><strong>Est\u00e1ndares y normatividad<\/strong><\/p>\n<p>Est\u00e1ndares Internacionales de Laboratorio Cl\u00ednico (CLSI, por sus siglas en ingl\u00e9s) menciona que en\u00a0 infantes peque\u00f1os o prematuros\u00a0el hueso del tal\u00f3n (calc\u00e1neo) no debe encontrarse a m\u00e1s de 2 mm y los capilares se encuentran a menos de 3 mm por debajo de la piel. La lanceta Quikheel\u2122\u00a0 cubre esas dimensiones de profundidad para evitar da\u00f1os al paciente y garantizar gotas gruesas de sangre.<\/p>\n<hr \/>\n<p>&nbsp;<\/p>\n","protected":false},"excerpt":{"rendered":"<hr \/>\n<p>Lanceta Autom\u00e1tica<\/p>\n<p><strong>Dise\u00f1ada para la obtenci\u00f3n segura\u00a0<\/strong><strong>de muestras de punci\u00f3n de piel en tal\u00f3n.<\/strong><\/p>\n<p><strong>Beneficios<\/strong><\/p>\n<ul>\n<li><strong>Comodidad y facilidad de uso<\/strong>. Dise\u00f1o innovador contorneado para un agarre firme y estable durante la activaci\u00f3n, brindando mayor seguridad. La superficie bajo el logo de\u00a0BD Microtainer\u00ae Quikheel\u2122 proporciona una ventana de visibilidad del sitio de incisi\u00f3n, reduciendo punciones innecesarias.<\/li>\n<li><strong>Precisi\u00f3n.<\/strong>\u00a0La activaci\u00f3n instant\u00e1nea proporciona una r\u00e1pida incisi\u00f3n controlada en profundidad y longitud, lo que asegura un flujo en la cantidad de sangre deseada.<\/li>\n<li><strong>Seguridad y confort.<\/strong>\u00a0Hoja extra fina de acero quir\u00fargico que favorece el corte pendular ofreciendo una incisi\u00f3n m\u00e1s limpia y mejor, haciendo que el corte sea pr\u00e1cticamente indoloro. La retracci\u00f3n autom\u00e1tica y permanente de la navaja reduce la posibilidad de lesiones y elimina su reutilizaci\u00f3n.<\/li>\n<li><strong>C\u00f3digo de\u00a0color.<\/strong> Permite seleccionar la profundidad de incisi\u00f3n adecuada protegiendo de lesiones innecesarias al paciente.<\/li>\n<\/ul>\n<hr \/>\n<p>&nbsp;<\/p>\n","protected":false},"featured_media":320,"comment_status":"open","ping_status":"closed","template":"","meta":[],"_links":{"self":[{"href":"https:\/\/corequimicas.com.mx\/index.php\/wp-json\/wp\/v2\/product\/319"}],"collection":[{"href":"https:\/\/corequimicas.com.mx\/index.php\/wp-json\/wp\/v2\/product"}],"about":[{"href":"https:\/\/corequimicas.com.mx\/index.php\/wp-json\/wp\/v2\/types\/product"}],"replies":[{"embeddable":true,"href":"https:\/\/corequimicas.com.mx\/index.php\/wp-json\/wp\/v2\/comments?post=319"}],"wp:featuredmedia":[{"embeddable":true,"href":"https:\/\/corequimicas.com.mx\/index.php\/wp-json\/wp\/v2\/media\/320"}],"wp:attachment":[{"href":"https:\/\/corequimicas.com.mx\/index.php\/wp-json\/wp\/v2\/media?parent=319"}],"curies":[{"name":"wp","href":"https:\/\/api.w.org\/{rel}","templated":true}]}}