{"id":321,"date":"2020-12-01T16:16:12","date_gmt":"2020-12-01T16:16:12","guid":{"rendered":"https:\/\/corequimicas.com.mx\/?post_type=product&#038;p=321"},"modified":"2020-12-01T16:16:23","modified_gmt":"2020-12-01T16:16:23","slug":"recolector-bd-vacutainer-ambar-para-orina-de-24-h-3l","status":"publish","type":"product","link":"https:\/\/corequimicas.com.mx\/index.php\/producto\/recolector-bd-vacutainer-ambar-para-orina-de-24-h-3l\/","title":{"rendered":"Recolector BD Vacutainer\u00ae \u00e1mbar para orina de 24 h\/3L"},"content":{"rendered":"<hr \/>\n<hr \/>\n<p>&nbsp;<\/p>\n","protected":false},"excerpt":{"rendered":"<hr \/>\n<p>El sistema BD Vacutainer\u00ae\u00a0de recolecci\u00f3n y transporte de orina\u00a0ofrece una amplia gama de productos desarrollados para satisfacer las necesidades diarias relacionadas con el an\u00e1lisis de orina. Est\u00e1 dise\u00f1ado para proporcionar resultados precisos para el\u00a0 paciente, conservando adecuadamente las muestras, disminuyendo el riesgo de exposici\u00f3n a sustancias potencialmente infecciosas para los trabajadores de la salud.<\/p>\n<ul>\n<li>Contenedor de tapa herm\u00e9tica que ayuda a reducir el riesgo de fugas y contaminaci\u00f3n de la muestra, adem\u00e1s de ser inerte para los metabolitos de la orina.<\/li>\n<li>Color \u00e1mbar que permite mantener la integridad de los metabolitos sensibles a la luz.<\/li>\n<li>Garantiza la seguridad del trabajador de la salud ya que evita el contacto con la muestra durante el trasvase, evita derrames y exposici\u00f3n a muestras de orina potencialmente contaminadas.<\/li>\n<\/ul>\n<hr \/>\n<p>&nbsp;<\/p>\n","protected":false},"featured_media":322,"comment_status":"open","ping_status":"closed","template":"","meta":[],"_links":{"self":[{"href":"https:\/\/corequimicas.com.mx\/index.php\/wp-json\/wp\/v2\/product\/321"}],"collection":[{"href":"https:\/\/corequimicas.com.mx\/index.php\/wp-json\/wp\/v2\/product"}],"about":[{"href":"https:\/\/corequimicas.com.mx\/index.php\/wp-json\/wp\/v2\/types\/product"}],"replies":[{"embeddable":true,"href":"https:\/\/corequimicas.com.mx\/index.php\/wp-json\/wp\/v2\/comments?post=321"}],"wp:featuredmedia":[{"embeddable":true,"href":"https:\/\/corequimicas.com.mx\/index.php\/wp-json\/wp\/v2\/media\/322"}],"wp:attachment":[{"href":"https:\/\/corequimicas.com.mx\/index.php\/wp-json\/wp\/v2\/media?parent=321"}],"curies":[{"name":"wp","href":"https:\/\/api.w.org\/{rel}","templated":true}]}}