{"id":323,"date":"2020-12-01T16:19:35","date_gmt":"2020-12-01T16:19:35","guid":{"rendered":"https:\/\/corequimicas.com.mx\/?post_type=product&#038;p=323"},"modified":"2020-12-01T16:19:47","modified_gmt":"2020-12-01T16:19:47","slug":"tubo-bd-vacutainer-plastico-para-suero","status":"publish","type":"product","link":"https:\/\/corequimicas.com.mx\/index.php\/producto\/tubo-bd-vacutainer-plastico-para-suero\/","title":{"rendered":"Tubo BD Vacutainer Pl\u00e1stico para Suero"},"content":{"rendered":"<hr \/>\n<hr \/>\n<p>&nbsp;<\/p>\n","protected":false},"excerpt":{"rendered":"<hr \/>\n<p>Los tubos BD Vacutainer\u00ae de pl\u00e1stico para suero con recubrimiento de silicio se utilizan para las determinaciones de suero en la qu\u00edmica. Las muestras procesadas en estos tubos tambi\u00e9n se pueden utilizar las pruebas de rutina en bancos de sangre, inmunohematolog\u00eda y para las pruebas de diagn\u00f3stico de enfermedades infecciosas.<\/p>\n<p>Las caracter\u00edsticas de desempe\u00f1o de estos tubos no han sido establecidas para las pruebas de enfermedades infecciosas en general; por lo tanto, los usuarios deber\u00e1n validar el uso de estos tubos para sus combinaciones espec\u00edficas en el sistema instrumento-ensayo \/reactivo y para las condiciones de almacenamiento de muestras.<\/p>\n<hr \/>\n<p>&nbsp;<\/p>\n","protected":false},"featured_media":324,"comment_status":"open","ping_status":"closed","template":"","meta":[],"_links":{"self":[{"href":"https:\/\/corequimicas.com.mx\/index.php\/wp-json\/wp\/v2\/product\/323"}],"collection":[{"href":"https:\/\/corequimicas.com.mx\/index.php\/wp-json\/wp\/v2\/product"}],"about":[{"href":"https:\/\/corequimicas.com.mx\/index.php\/wp-json\/wp\/v2\/types\/product"}],"replies":[{"embeddable":true,"href":"https:\/\/corequimicas.com.mx\/index.php\/wp-json\/wp\/v2\/comments?post=323"}],"wp:featuredmedia":[{"embeddable":true,"href":"https:\/\/corequimicas.com.mx\/index.php\/wp-json\/wp\/v2\/media\/324"}],"wp:attachment":[{"href":"https:\/\/corequimicas.com.mx\/index.php\/wp-json\/wp\/v2\/media?parent=323"}],"curies":[{"name":"wp","href":"https:\/\/api.w.org\/{rel}","templated":true}]}}