{"id":325,"date":"2020-12-01T16:22:48","date_gmt":"2020-12-01T16:22:48","guid":{"rendered":"https:\/\/corequimicas.com.mx\/?post_type=product&#038;p=325"},"modified":"2024-11-01T21:26:33","modified_gmt":"2024-11-01T21:26:33","slug":"tubo-con-gel-separador-sst-ii","status":"publish","type":"product","link":"https:\/\/corequimicas.com.mx\/index.php\/producto\/tubo-con-gel-separador-sst-ii\/","title":{"rendered":"Tubo con Gel Separador SST II"},"content":{"rendered":"","protected":false},"excerpt":{"rendered":"<hr \/>\n<ul>\n<li>Tubo para extracci\u00f3n de sangre al vac\u00edo con sistema BD Vacutainer\u00ae.<\/li>\n<li>Con gel separador y activador de la coagulaci\u00f3n.<\/li>\n<li>El gel act\u00faa como una barrera f\u00edsica que mantiene separado permanentemente el suero del co\u00e1gulo.<\/li>\n<li>Material de pl\u00e1stico est\u00e9ril de Politereftalato de etileno (PET) y paredes internas siliconizadas.<\/li>\n<li>Producto esterilizado con cobalto 10-3 SAL (Nivel de aseguramiento de esterilidad) y libre de l\u00e1tex.<\/li>\n<li>Tap\u00f3n de seguridad BD Hemogard\u2122 (Color: Amarillo)<\/li>\n<li>Medidas est\u00e1ndar de los tubos compatibles con todos los equipos automatizados.<\/li>\n<li>Almacenamiento entre 4-25\u00b0C.<\/li>\n<\/ul>\n<hr \/>\n<p>&nbsp;<\/p>\n","protected":false},"featured_media":326,"comment_status":"open","ping_status":"closed","template":"","meta":[],"_links":{"self":[{"href":"https:\/\/corequimicas.com.mx\/index.php\/wp-json\/wp\/v2\/product\/325"}],"collection":[{"href":"https:\/\/corequimicas.com.mx\/index.php\/wp-json\/wp\/v2\/product"}],"about":[{"href":"https:\/\/corequimicas.com.mx\/index.php\/wp-json\/wp\/v2\/types\/product"}],"replies":[{"embeddable":true,"href":"https:\/\/corequimicas.com.mx\/index.php\/wp-json\/wp\/v2\/comments?post=325"}],"wp:featuredmedia":[{"embeddable":true,"href":"https:\/\/corequimicas.com.mx\/index.php\/wp-json\/wp\/v2\/media\/326"}],"wp:attachment":[{"href":"https:\/\/corequimicas.com.mx\/index.php\/wp-json\/wp\/v2\/media?parent=325"}],"curies":[{"name":"wp","href":"https:\/\/api.w.org\/{rel}","templated":true}]}}