{"id":331,"date":"2020-12-01T16:55:40","date_gmt":"2020-12-01T16:55:40","guid":{"rendered":"https:\/\/corequimicas.com.mx\/?post_type=product&#038;p=331"},"modified":"2020-12-01T16:55:43","modified_gmt":"2020-12-01T16:55:43","slug":"tubos-bd-vacutainer-con-citrato-de-sodio","status":"publish","type":"product","link":"https:\/\/corequimicas.com.mx\/index.php\/producto\/tubos-bd-vacutainer-con-citrato-de-sodio\/","title":{"rendered":"Tubos BD Vacutainer\u00ae con Citrato de Sodio"},"content":{"rendered":"","protected":false},"excerpt":{"rendered":"<hr \/>\n<ul>\n<li>Contienen citrato de sodio l\u00edquido 0.109 \u00f3 0.105 M, com\u00fanmente descritos como citrato 3.2% , ambos para determinaciones de coagulaci\u00f3n.<\/li>\n<li>El citrato de sodio al 3.2% ha sido usado en varios estudios<sup>(1)<\/sup>\u00a0de elaboraci\u00f3n de calibradores internacionales de referencia, es por eso que los tubos BD Vacutainer\u00ae contienen este tipo de anticoagulante.<\/li>\n<li>Los tubos BD Vacutainer\u00ae con citrato de sodio 3.2% son \u00fatiles para obtener valores de INR (International Normalized Ratio por sus siglas en ingl\u00e9s)\u00a0m\u00e1s confiables comparados con los tubos de citrato de sodio 3.8%, ya que estos \u00faltimos presentan valores altos de INR en muestras de pacientes que reciben terapia oral de anticoagulantes<sup>(1)<\/sup>.<\/li>\n<li>El tama\u00f1o de los tubos permite su uso como tubo primario, evitando la transferencia a contenedores secundarios para el an\u00e1lisis y con esto reduce los riesgos de contacto con las muestras.<\/li>\n<li>Los tubos de pl\u00e1stico BD Vacutainer\u00ae con citrato de sodio 3.2% tienen una l\u00ednea indicadora de volumen m\u00ednimo de drenado marcada en el cuerpo del tubo, esto ayuda a minimizar errores en la relaci\u00f3n anticoagulante muestra de 1:9.<\/li>\n<\/ul>\n<hr \/>\n<p>&nbsp;<\/p>\n","protected":false},"featured_media":332,"comment_status":"open","ping_status":"closed","template":"","meta":[],"_links":{"self":[{"href":"https:\/\/corequimicas.com.mx\/index.php\/wp-json\/wp\/v2\/product\/331"}],"collection":[{"href":"https:\/\/corequimicas.com.mx\/index.php\/wp-json\/wp\/v2\/product"}],"about":[{"href":"https:\/\/corequimicas.com.mx\/index.php\/wp-json\/wp\/v2\/types\/product"}],"replies":[{"embeddable":true,"href":"https:\/\/corequimicas.com.mx\/index.php\/wp-json\/wp\/v2\/comments?post=331"}],"wp:featuredmedia":[{"embeddable":true,"href":"https:\/\/corequimicas.com.mx\/index.php\/wp-json\/wp\/v2\/media\/332"}],"wp:attachment":[{"href":"https:\/\/corequimicas.com.mx\/index.php\/wp-json\/wp\/v2\/media?parent=331"}],"curies":[{"name":"wp","href":"https:\/\/api.w.org\/{rel}","templated":true}]}}