{"id":342,"date":"2020-12-01T17:20:53","date_gmt":"2020-12-01T17:20:53","guid":{"rendered":"https:\/\/corequimicas.com.mx\/?post_type=product&#038;p=342"},"modified":"2020-12-01T17:20:59","modified_gmt":"2020-12-01T17:20:59","slug":"bc-3000-plus-mindray","status":"publish","type":"product","link":"https:\/\/corequimicas.com.mx\/index.php\/producto\/bc-3000-plus-mindray\/","title":{"rendered":"BC-3000 Plus-Mindray"},"content":{"rendered":"<hr \/>\n<p>Diferencia la poblaci\u00f3n leucocitaria en tres grupos.<br \/>\n19 par\u00e1metros + 3 histogramas.<br \/>\n2 Modos de conteo: Sangre completa o prediluida.<br \/>\nCapacidad: 60 muestras\/hora.<br \/>\nAutom\u00e1ticamente diluye, lisa, enjuaga y se desatasca.<br \/>\nAlmacena hasta 35,000 resultados incluyendo histogramas.<br \/>\nM\u00e9todo de an\u00e1lisis de HGB libre de cianuro.<br \/>\nImpresora t\u00e9rmica y opci\u00f3n para impresora externa.<br \/>\nLector de c\u00f3digo de barras opcional.<br \/>\nAmplia pantalla LCD a color.<\/p>\n<hr \/>\n<p>&nbsp;<\/p>\n","protected":false},"excerpt":{"rendered":"<hr \/>\n<p>BC-3000Plus es un analizador pensado para los laboratorios comunes que dan prioridad a unos resultados de calidad. Equipado con una gran pantalla LCD en color, impresora t\u00e9rmica incorporada y una enorme capacidad de almacenamiento, nuestro intuitivo analizador de hematolog\u00eda ofrece la comodidad y la precisi\u00f3n del laboratorio de referencia directamente en su centro, ofreciendo el m\u00e1ximo valor con unos costes de ejecuci\u00f3n reducidos.<\/p>\n<hr \/>\n<p>&nbsp;<\/p>\n","protected":false},"featured_media":343,"comment_status":"open","ping_status":"closed","template":"","meta":[],"_links":{"self":[{"href":"https:\/\/corequimicas.com.mx\/index.php\/wp-json\/wp\/v2\/product\/342"}],"collection":[{"href":"https:\/\/corequimicas.com.mx\/index.php\/wp-json\/wp\/v2\/product"}],"about":[{"href":"https:\/\/corequimicas.com.mx\/index.php\/wp-json\/wp\/v2\/types\/product"}],"replies":[{"embeddable":true,"href":"https:\/\/corequimicas.com.mx\/index.php\/wp-json\/wp\/v2\/comments?post=342"}],"wp:featuredmedia":[{"embeddable":true,"href":"https:\/\/corequimicas.com.mx\/index.php\/wp-json\/wp\/v2\/media\/343"}],"wp:attachment":[{"href":"https:\/\/corequimicas.com.mx\/index.php\/wp-json\/wp\/v2\/media?parent=342"}],"curies":[{"name":"wp","href":"https:\/\/api.w.org\/{rel}","templated":true}]}}