{"id":346,"date":"2020-12-01T17:28:13","date_gmt":"2020-12-01T17:28:13","guid":{"rendered":"https:\/\/corequimicas.com.mx\/?post_type=product&#038;p=346"},"modified":"2020-12-01T17:28:16","modified_gmt":"2020-12-01T17:28:16","slug":"bc-3600-mindray","status":"publish","type":"product","link":"https:\/\/corequimicas.com.mx\/index.php\/producto\/bc-3600-mindray\/","title":{"rendered":"BC-3600-Mindray"},"content":{"rendered":"<hr \/>\n<p>\u00b7 Hemograma +f\u00f3rmula leucocitaria de 3 poblaciones , 21 par\u00e1metros +3 histogramas<br \/>\n\u00b7 Rendimiento: 60 muestras por hora<br \/>\n\u00b7 Sistema de manejo intuitivo con pantalla t\u00e1ctil TFT<br \/>\n\u00b7 Rendimiento mejorado con tecnolog\u00eda contrastada<br \/>\n\u00b7 Muestreo con vial abierto o cerrado opcional<br \/>\n\u00b7 Almacenamiento de 40 000 resultados con histogramas<br \/>\n\u00b7 Calibradores y reactivos, control de calidad original.<\/p>\n<hr \/>\n<p>&nbsp;<\/p>\n","protected":false},"excerpt":{"rendered":"<hr \/>\n<p>En la actualidad, los laboratorios se enfrentan a innumerables retos como presupuestos limitados, aumento de los requisitos de calidad y productos fiables, falta de profesionales con experiencia, etc. Comprendemos las necesidades espec\u00edficas de los usuarios finales y por ello nos hemos basado en ellas para fabricar nuestra nueva soluci\u00f3n BC-3600. Completa y con un sistema de manejo intuitivo, c\u00f3moda interfaz de comunicaci\u00f3n de datos, excelente rendimiento, BC-3600 es una soluci\u00f3n para laboratorios y cl\u00ednicas de tama\u00f1o medio.<\/p>\n<hr \/>\n<p>&nbsp;<\/p>\n","protected":false},"featured_media":347,"comment_status":"open","ping_status":"closed","template":"","meta":[],"_links":{"self":[{"href":"https:\/\/corequimicas.com.mx\/index.php\/wp-json\/wp\/v2\/product\/346"}],"collection":[{"href":"https:\/\/corequimicas.com.mx\/index.php\/wp-json\/wp\/v2\/product"}],"about":[{"href":"https:\/\/corequimicas.com.mx\/index.php\/wp-json\/wp\/v2\/types\/product"}],"replies":[{"embeddable":true,"href":"https:\/\/corequimicas.com.mx\/index.php\/wp-json\/wp\/v2\/comments?post=346"}],"wp:featuredmedia":[{"embeddable":true,"href":"https:\/\/corequimicas.com.mx\/index.php\/wp-json\/wp\/v2\/media\/347"}],"wp:attachment":[{"href":"https:\/\/corequimicas.com.mx\/index.php\/wp-json\/wp\/v2\/media?parent=346"}],"curies":[{"name":"wp","href":"https:\/\/api.w.org\/{rel}","templated":true}]}}