{"id":349,"date":"2020-12-08T14:39:34","date_gmt":"2020-12-08T14:39:34","guid":{"rendered":"https:\/\/corequimicas.com.mx\/?post_type=product&#038;p=349"},"modified":"2020-12-08T14:39:37","modified_gmt":"2020-12-08T14:39:37","slug":"bc-5300-mindray","status":"publish","type":"product","link":"https:\/\/corequimicas.com.mx\/index.php\/producto\/bc-5300-mindray\/","title":{"rendered":"BC-5300-Mindray"},"content":{"rendered":"<hr \/>\n<div>\n<p id=\"539bd23f-e9fa-66ba-2cb8-9eedde6898ec\" class=\" \"><strong>Diferencial de dispersi\u00f3n l\u00e1ser que garantiza una excelente precisi\u00f3n<\/strong><\/p>\n<div id=\"cecd7cd7-c4ea-fc72-02f9-9b924ea94593\" class=\"list ad \">\n<div>\u00b7 Dispersi\u00f3n de l\u00e1ser semiconductor para la diferenciaci\u00f3n de los gl\u00f3bulos blancos seg\u00fan su tama\u00f1o y la complejidad de los gr\u00e1nulos<\/div>\n<div>\u00b7 El algoritmo de cl\u00faster patentado permite separar los grupos de c\u00e9lulas con una gran precisi\u00f3n<\/div>\n<div>\u00b7 La intuitiva informaci\u00f3n de marcaci\u00f3n ayuda a detectar las muestras an\u00f3malas<\/div>\n<div><\/div>\n<\/div>\n<\/div>\n<div>\n<p id=\"265de51b-dba3-1b77-26cc-80c05ec2ed77\" class=\" \"><strong>Para obtener un informe de cinco poblaciones, s\u00f3lo se necesitan 20 ul de sangre y 1 min<\/strong><\/p>\n<div id=\"7b128645-8bd5-5386-bc74-c1efd2c3cd84\" class=\"list ad \">\n<div>\u00b7 Admite muestras de sangre completa y de sangre capilar en vial abierto<\/div>\n<div>\u00b7 Muestreo de sangre con 20 ul para tests CBC+DIFF y con 15 ul para tests CBC<\/div>\n<div>\u00b7 Rendimiento de hasta 60 muestras por hora<\/div>\n<div>\u00b7 Consumo reducido de reactivos<\/div>\n<div><\/div>\n<\/div>\n<\/div>\n<div>\n<p id=\"73ed6f97-2689-64fa-91b1-52a51d1dd9e6\" class=\" \"><strong>Software intuitivo para la operaci\u00f3n y el mantenimiento sencillo<\/strong><\/p>\n<div id=\"a11f1b5a-423f-3b3c-812c-6e373ef0842f\" class=\"list ad \">\n<div>\u00b7 Par\u00e1metros de personalizaci\u00f3n del intervalo de referencia, de los estilos de informe y del programa de limpieza autom\u00e1tica<\/div>\n<div>\u00b7 Monitorizaci\u00f3n CC d\u00eda a d\u00eda<\/div>\n<div>\u00b7 Conexi\u00f3n LIS bidireccional<\/div>\n<div>\n<hr \/>\n<\/div>\n<\/div>\n<\/div>\n","protected":false},"excerpt":{"rendered":"<hr \/>\n<p><span style=\"color: #000000;\">El nuevo analizador autom\u00e1tico para hematolog\u00eda BC-5300 es un sistema de sobremesa que combina tecnolog\u00edas de vanguardia para proporcionar unos resultados de hematolog\u00eda fiables y precisos por s\u00f3lo 20 ul de sangre.El software para Windows tambi\u00e9n proporciona muchas funciones avanzadas para mejorar la eficiencia del laboratorio. BC-5300 no requiere ning\u00fan mantenimiento y est\u00e1 equipado con un sistema autom\u00e1tico de limpieza pensado para que el uso diario sea lo m\u00e1s sencillo posible.<\/span><\/p>\n<hr \/>\n<p>&nbsp;<\/p>\n","protected":false},"featured_media":350,"comment_status":"open","ping_status":"closed","template":"","meta":[],"_links":{"self":[{"href":"https:\/\/corequimicas.com.mx\/index.php\/wp-json\/wp\/v2\/product\/349"}],"collection":[{"href":"https:\/\/corequimicas.com.mx\/index.php\/wp-json\/wp\/v2\/product"}],"about":[{"href":"https:\/\/corequimicas.com.mx\/index.php\/wp-json\/wp\/v2\/types\/product"}],"replies":[{"embeddable":true,"href":"https:\/\/corequimicas.com.mx\/index.php\/wp-json\/wp\/v2\/comments?post=349"}],"wp:featuredmedia":[{"embeddable":true,"href":"https:\/\/corequimicas.com.mx\/index.php\/wp-json\/wp\/v2\/media\/350"}],"wp:attachment":[{"href":"https:\/\/corequimicas.com.mx\/index.php\/wp-json\/wp\/v2\/media?parent=349"}],"curies":[{"name":"wp","href":"https:\/\/api.w.org\/{rel}","templated":true}]}}