{"id":351,"date":"2020-12-08T14:44:46","date_gmt":"2020-12-08T14:44:46","guid":{"rendered":"https:\/\/corequimicas.com.mx\/?post_type=product&#038;p=351"},"modified":"2026-04-29T02:00:52","modified_gmt":"2026-04-29T02:00:52","slug":"bc-5380-mindray","status":"publish","type":"product","link":"https:\/\/corequimicas.com.mx\/index.php\/producto\/bc-5380-mindray\/","title":{"rendered":"BC-5380-Mindray"},"content":{"rendered":"<hr \/>\n<div>\n<p id=\"370cf177-2178-2073-daad-0ea6f7724bc9\" class=\" \"><strong>Diferencial de dispersi\u00f3n l\u00e1ser que garantiza una excelente precisi\u00f3n<\/strong><\/p>\n<div id=\"658d4a83-434e-aba9-969d-2b9e35dcf4b4\" class=\"list ad \">\n<div>\u00b7 Dispersi\u00f3n de l\u00e1ser semiconductor para la diferenciaci\u00f3n de los gl\u00f3bulos blancos seg\u00fan su tama\u00f1o y la complejidad de los gr\u00e1nulos<\/div>\n<div>\u00b7 El algoritmo de cl\u00faster patentado permite separar los grupos de c\u00e9lulas con una gran precisi\u00f3n<\/div>\n<div>\u00b7 La intuitiva informaci\u00f3n de marcaci\u00f3n ayuda a detectar las muestras an\u00f3malas<\/div>\n<div><\/div>\n<\/div>\n<\/div>\n<div>\n<p id=\"4994a62f-2ca3-372b-2bb3-1d160ac50361\" class=\" \"><strong>Muestreo automatizado y vers\u00e1til<\/strong><\/p>\n<div id=\"002c0405-9de7-1204-076f-6d1954f4f26d\" class=\"list ad \">\n<div>\u00b7 El cargador autom\u00e1tico de 30 tubos permite una carga continua<br \/>\n\u00b7\u00a0Compartimento de tubo cerrado independiente para muestras STAT y capilares<\/div>\n<div>\u00b7 Admite tubos microtainer seleccionados<\/div>\n<div><\/div>\n<\/div>\n<\/div>\n<div>\n<p id=\"35459663-0759-f442-b297-a44282da6d10\" class=\" \"><strong>Para obtener un informe de cinco poblaciones, s\u00f3lo se necesitan 20 ul de sangre y 1 min<\/strong><\/p>\n<div id=\"6f536a9f-927d-f2ab-7918-469faead3fcb\" class=\"list ad \">\n<div>\u00b7 Admite muestras de sangre completa y de sangre capilar<\/div>\n<div>\u00b7 Muestreo de sangre de 20 ul para tests CBC+DIFF y de 15 ul para tests CBC<\/div>\n<div>\u00b7 Rendimiento de hasta 60 muestras por hora<\/div>\n<div>\u00b7 Consumo econ\u00f3mico de reactivos<\/div>\n<div><\/div>\n<\/div>\n<\/div>\n<div>\n<p id=\"a55508b6-9819-8572-4d75-ba70f73006f0\" class=\" \"><strong>Software intuitivo para la operaci\u00f3n y el mantenimiento sencillo<\/strong><\/p>\n<div id=\"090f8718-53ee-ebd6-06b8-1e04c42200e0\" class=\"list ad \">\n<div>\u00b7 Par\u00e1metros de personalizaci\u00f3n del intervalo de referencia, de los estilos de informe y del programa de limpieza autom\u00e1tica<\/div>\n<div>\u00b7 Monitorizaci\u00f3n CC d\u00eda a d\u00eda<\/div>\n<div>\u00b7 Conexi\u00f3n LIS bidireccional.<\/div>\n<div>\n<hr \/>\n<\/div>\n<\/div>\n<\/div>\n","protected":false},"excerpt":{"rendered":"<hr \/>\n<p><span style=\"color: #000000;\">Mediante tres t\u00e9cnicas est\u00e1ndar, el nuevo analizador autom\u00e1tico para hematolog\u00eda BC-5380 puede proporcionar unos tests r\u00e1pidos y fiables a partir de s\u00f3lo 20 ul de sangre. Para ahorrar tiempo y aumentar la automatizaci\u00f3n de las revisiones, cuenta con un cargador autom\u00e1tico que aloja 30 tubos al mismo tiempo y ofrece un rendimiento de 60 muestras por hora. Con el conocido software para Windows, puede realizar los tests habituales, gestionar los resultados de los pacientes, definir la limpieza autom\u00e1tica y realizar la conexi\u00f3n con un servidor LIS de un modo sencillo. El BC-5380 es la opci\u00f3n ideal para agilizar el flujo de trabajo diario.<\/span><\/p>\n<hr \/>\n<p>&nbsp;<\/p>\n","protected":false},"featured_media":352,"comment_status":"open","ping_status":"closed","template":"","meta":[],"_links":{"self":[{"href":"https:\/\/corequimicas.com.mx\/index.php\/wp-json\/wp\/v2\/product\/351"}],"collection":[{"href":"https:\/\/corequimicas.com.mx\/index.php\/wp-json\/wp\/v2\/product"}],"about":[{"href":"https:\/\/corequimicas.com.mx\/index.php\/wp-json\/wp\/v2\/types\/product"}],"replies":[{"embeddable":true,"href":"https:\/\/corequimicas.com.mx\/index.php\/wp-json\/wp\/v2\/comments?post=351"}],"wp:featuredmedia":[{"embeddable":true,"href":"https:\/\/corequimicas.com.mx\/index.php\/wp-json\/wp\/v2\/media\/352"}],"wp:attachment":[{"href":"https:\/\/corequimicas.com.mx\/index.php\/wp-json\/wp\/v2\/media?parent=351"}],"curies":[{"name":"wp","href":"https:\/\/api.w.org\/{rel}","templated":true}]}}