{"id":353,"date":"2020-12-08T15:11:52","date_gmt":"2020-12-08T15:11:52","guid":{"rendered":"https:\/\/corequimicas.com.mx\/?post_type=product&#038;p=353"},"modified":"2020-12-08T15:11:54","modified_gmt":"2020-12-08T15:11:54","slug":"bc-5800-mindray","status":"publish","type":"product","link":"https:\/\/corequimicas.com.mx\/index.php\/producto\/bc-5800-mindray\/","title":{"rendered":"BC-5800-Mindray"},"content":{"rendered":"<hr \/>\n<div>\n<p id=\"f805ff2f-6ce9-8923-bd10-51a592fff6b8\" class=\" \"><strong>Diferencial de dispersi\u00f3n l\u00e1ser que garantiza una excelente precisi\u00f3n<\/strong><\/p>\n<div id=\"7626832c-f3c9-15a6-9ea2-9a4832044d68\" class=\"list ad \">\n<div>\u00b7 Dispersi\u00f3n de l\u00e1ser semiconductor para la diferenciaci\u00f3n de los gl\u00f3bulos blancos seg\u00fan su tama\u00f1o y la complejidad de los gr\u00e1nulos<\/div>\n<div>\u00b7 El algoritmo de cl\u00faster patentado permite separar los grupos de c\u00e9lulas con una gran precisi\u00f3n<\/div>\n<div>\u00b7 La intuitiva informaci\u00f3n de marcaci\u00f3n ayuda a detectar las muestras an\u00f3malas<\/div>\n<div><\/div>\n<\/div>\n<\/div>\n<div>\n<p id=\"f0db4ed2-5374-1e66-e5ae-6798c11c5e91\" class=\" \"><strong>Rendimiento r\u00e1pido y mayor automatizaci\u00f3n de la revisi\u00f3n<\/strong><\/p>\n<div id=\"1cde7c4e-74da-2c11-5e68-9a4a6dd1a485\" class=\"list ad \">\n<div>\u00b7 El cargador autom\u00e1tico de 50 tubos permite una carga continua<\/div>\n<div>\u00b7 Admite muestras de sangre completa y de sangre capilar<\/div>\n<div>\u00b7 Rendimiento de 90 tests por hora<\/div>\n<div>\u00b7 Test STAT en modo de vial abierto<\/div>\n<div><\/div>\n<\/div>\n<\/div>\n<div>\n<p id=\"9a2c8b94-c5fa-a746-a5c9-4236e6b7937f\" class=\" \"><strong>Operaci\u00f3n por pantalla t\u00e1ctil<\/strong><\/p>\n<div id=\"eec72472-f2a8-0ccc-55f9-c0f494903504\" class=\"list ad \">\n<div>\u00b7 Gran pantalla t\u00e1ctil en color por accesso de las funciones rutinarias<\/div>\n<div>\u00b7 el software DMS est\u00e1ndar mejora la gesti\u00f3n de datos<\/div>\n<div>\u00b7 Admite la conexi\u00f3n LIS bidireccional<\/div>\n<div><\/div>\n<\/div>\n<\/div>\n<div>\n<p id=\"e7b2f83e-b786-3e70-f794-4c30fd0d9f6c\" class=\" \"><strong>Potencia de diagn\u00f3stico mejorada<\/strong><\/p>\n<div id=\"1c8f83d2-b4db-4712-8e1b-44bd418f5471\" class=\"list ad \">\n<div>\u00b7 Las reglas de repetici\u00f3n de ex\u00e1menes permiten extraer las muestras an\u00f3malas para su subsiguiente comprobaci\u00f3n<\/div>\n<div>\u00b7 Soporta los resultados microsc\u00f3picos por entrada en el informe final.<\/div>\n<div>\n<hr \/>\n<\/div>\n<\/div>\n<\/div>\n","protected":false},"excerpt":{"rendered":"<hr \/>\n<p><span style=\"color: #000000;\">El analizador autom\u00e1tico para hematolog\u00eda BC-5800 establece una nueva referencia en los laboratorios de mediano tama\u00f1o. En respuesta al aumento de la demanda con respecto a lecturas de gran calidad y a la necesidad de tomar unas decisiones de diagn\u00f3stico precisas, el analizador BC-5800 proporciona un m\u00e9todo de tintado qu\u00edmico fiable, un completo men\u00fa diferencial de cinco poblaciones y par\u00e1metros de personalizaci\u00f3n de reglas de repetici\u00f3n de ex\u00e1menes. Gracias a su alta velocidad de 90 tests por hora y al funcionamiento de la pantalla t\u00e1ctil, el BC-5800 puede servir como estaci\u00f3n de trabajo integral y agilizar el flujo de trabajo habitual de un laboratorio de hematolog\u00eda.<\/span><\/p>\n<hr \/>\n<p>&nbsp;<\/p>\n","protected":false},"featured_media":354,"comment_status":"open","ping_status":"closed","template":"","meta":[],"_links":{"self":[{"href":"https:\/\/corequimicas.com.mx\/index.php\/wp-json\/wp\/v2\/product\/353"}],"collection":[{"href":"https:\/\/corequimicas.com.mx\/index.php\/wp-json\/wp\/v2\/product"}],"about":[{"href":"https:\/\/corequimicas.com.mx\/index.php\/wp-json\/wp\/v2\/types\/product"}],"replies":[{"embeddable":true,"href":"https:\/\/corequimicas.com.mx\/index.php\/wp-json\/wp\/v2\/comments?post=353"}],"wp:featuredmedia":[{"embeddable":true,"href":"https:\/\/corequimicas.com.mx\/index.php\/wp-json\/wp\/v2\/media\/354"}],"wp:attachment":[{"href":"https:\/\/corequimicas.com.mx\/index.php\/wp-json\/wp\/v2\/media?parent=353"}],"curies":[{"name":"wp","href":"https:\/\/api.w.org\/{rel}","templated":true}]}}