{"id":357,"date":"2020-12-08T15:26:43","date_gmt":"2020-12-08T15:26:43","guid":{"rendered":"https:\/\/corequimicas.com.mx\/?post_type=product&#038;p=357"},"modified":"2020-12-08T15:26:46","modified_gmt":"2020-12-08T15:26:46","slug":"cell-dyn-emerald-abbott","status":"publish","type":"product","link":"https:\/\/corequimicas.com.mx\/index.php\/producto\/cell-dyn-emerald-abbott\/","title":{"rendered":"Cell-Dyn Emerald-Abbott"},"content":{"rendered":"<hr \/>\n<p>Tama\u00f1o peque\u00f1o, resultados r\u00e1pidos<br \/>\nDiferenciaci\u00f3n de leucocitos en 3 partes.<br \/>\n18 par\u00e1metros y tres histogramas.<br \/>\nImpedancia para WBC, RBC, y plaquetas.<br \/>\nEspectrometr\u00eda de absorbancia para Hb,<br \/>\nHemoglobina sin cianuro.<br \/>\n57 muestras \/ hora.<br \/>\nAlmacena 1,500 resultados.<br \/>\nAlmacenamiento USB hasta 60,000 resultados.<br \/>\n9.8 \u03bcL de muestra.<br \/>\nMonitor t\u00e1ctil a color.<br \/>\nPuertos USB, RS232 y TCP IP<\/p>\n<hr \/>\n<p>&nbsp;<\/p>\n","protected":false},"excerpt":{"rendered":"<hr \/>\n<h6><span style=\"color: #000000;\">UN INSTRUMENTO DE HEMATOLOG\u00cdA R\u00c1PIDO Y EFICIENTE<\/span><\/h6>\n<p><span style=\"color: #000000;\">Para los profesionales del laboratorio de un hospital o de una cl\u00ednica de peque\u00f1o tama\u00f1o, la necesidad de aumentar la eficiencia y la productividad (es decir, de realizar tareas r\u00e1pidamente con mayores limitaciones de espacio) es m\u00e1s acuciante que nunca.<\/span><\/p>\n<p><span style=\"color: #000000;\">CELL-DYN Emerald proporciona m\u00e9todos y tecnolog\u00edas probados, entre los que se incluyen impedancia electr\u00f3nica, espectrofotometr\u00eda de absorci\u00f3n, v\u00e1lvulas electr\u00f3nicas, reactivo de lisado sin cianuro, pantalla t\u00e1ctil LCD a color y puertos USB.<\/span><\/p>\n<hr \/>\n<p>&nbsp;<\/p>\n","protected":false},"featured_media":358,"comment_status":"open","ping_status":"closed","template":"","meta":[],"_links":{"self":[{"href":"https:\/\/corequimicas.com.mx\/index.php\/wp-json\/wp\/v2\/product\/357"}],"collection":[{"href":"https:\/\/corequimicas.com.mx\/index.php\/wp-json\/wp\/v2\/product"}],"about":[{"href":"https:\/\/corequimicas.com.mx\/index.php\/wp-json\/wp\/v2\/types\/product"}],"replies":[{"embeddable":true,"href":"https:\/\/corequimicas.com.mx\/index.php\/wp-json\/wp\/v2\/comments?post=357"}],"wp:featuredmedia":[{"embeddable":true,"href":"https:\/\/corequimicas.com.mx\/index.php\/wp-json\/wp\/v2\/media\/358"}],"wp:attachment":[{"href":"https:\/\/corequimicas.com.mx\/index.php\/wp-json\/wp\/v2\/media?parent=357"}],"curies":[{"name":"wp","href":"https:\/\/api.w.org\/{rel}","templated":true}]}}