{"id":359,"date":"2020-12-08T15:36:38","date_gmt":"2020-12-08T15:36:38","guid":{"rendered":"https:\/\/corequimicas.com.mx\/?post_type=product&#038;p=359"},"modified":"2020-12-08T15:36:40","modified_gmt":"2020-12-08T15:36:40","slug":"cell-dyn-ruby","status":"publish","type":"product","link":"https:\/\/corequimicas.com.mx\/index.php\/producto\/cell-dyn-ruby\/","title":{"rendered":"Cell-Dyn Ruby"},"content":{"rendered":"<hr \/>\n<div id=\"vodori_input_StampDecorator_3\" data-dojo-type=\"vodori.input.StampDecorator\" data-dojo-props=\"\" data-qa-id=\"vodori.input.StampDecorator dijit._Widget dijit._FocusMixin dijit._OnDijitClickMixin dijit._WidgetBase\">\n<table border=\"0\">\n<tbody>\n<tr>\n<td><strong>Rendimiento m\u00e1ximo (modo de carga autom\u00e1tica)<\/strong><\/td>\n<td colspan=\"2\">Hemograma completo con diferencial: Hasta 84\u00a0pruebas\/hora<\/td>\n<\/tr>\n<tr>\n<td><strong>Volumen de muestra<\/strong><\/td>\n<td colspan=\"2\">Modo abierto: 150\u00a0\u03bcL, cargador de muestras: 230 \u03bcL<\/td>\n<\/tr>\n<tr>\n<td><strong>Reactivos<\/strong><\/td>\n<td colspan=\"2\">Solo 4 reactivos incluidos reticulocitos<\/td>\n<\/tr>\n<tr>\n<td rowspan=\"3\"><strong>Tecnolog\u00eda<\/strong><\/td>\n<td><strong>Leucocitos y diferencial<\/strong><\/td>\n<td>An\u00e1lisis de varias gr\u00e1ficas de dispersi\u00f3n con MAPSS \u00f3ptico de 4 \u00e1ngulos<\/td>\n<\/tr>\n<tr>\n<td><strong>Trombocitos<\/strong><\/td>\n<td>An\u00e1lisis \u00f3ptico de doble \u00e1ngulo, sin reactivo adicional, sin requisitos de pruebas reflejas<\/td>\n<\/tr>\n<tr>\n<td><strong>Reticulocitos<\/strong><\/td>\n<td>Nuevo m\u00e9todo de azul de metileno conforme a NCCLS, t\u00e9cnica de tinci\u00f3n supravital<\/td>\n<\/tr>\n<tr>\n<td rowspan=\"10\"><strong>Intervalos de medici\u00f3n anal\u00edtica<\/strong><\/td>\n<td><strong>Leucocitos<\/strong><\/td>\n<td>0,02 a 246,8\u00a0x\u00a010<sup>3<\/sup>\/\u03bcL<\/td>\n<\/tr>\n<tr>\n<td><strong>Eritrocitos<\/strong><\/td>\n<td>0,00 a 7,50\u00a0x\u00a010<sup>6<\/sup>\/\u03bcL<\/td>\n<\/tr>\n<tr>\n<td><strong>Hemoglobina<\/strong><\/td>\n<td>0,0 a 25,0\u00a0g\/dl<\/td>\n<\/tr>\n<tr>\n<td><strong>Hematocrito<\/strong><\/td>\n<td>8,3 a 79,8\u00a0%<\/td>\n<\/tr>\n<tr>\n<td><strong>Volumen corpuscular medio<\/strong><\/td>\n<td>58 a 139\u00a0fl<\/td>\n<\/tr>\n<tr>\n<td><strong>Amplitud de distribuci\u00f3n eritrocitaria<\/strong><\/td>\n<td>10,0 a 29,8\u00a0%<\/td>\n<\/tr>\n<tr>\n<td><strong>Trombocitos<\/strong><\/td>\n<td>0,0 a 3000\u00a0x\u00a010<sup>3<\/sup>\/\u03bcL<\/td>\n<\/tr>\n<tr>\n<td><strong>Volumen plaquetario medio<\/strong><\/td>\n<td>4,3 a 17,2\u00a0fl<\/td>\n<\/tr>\n<tr>\n<td><strong>Reticulocitos<\/strong><\/td>\n<td>0,2 a 22,9\u00a0%<\/td>\n<\/tr>\n<tr>\n<td><strong>Gesti\u00f3n de datos<\/strong><\/td>\n<td>Sistema operativo basado en Windows<sup>\u00ae<\/sup>. Anotaciones de resultados basadas en reglas. Paquete de control de calidad completo en el sistema. Gr\u00e1ficos de Levey-Jennings. Promedios m\u00f3viles. Reglas de Westgard. 10\u00a0000 resultados almacenados con gr\u00e1ficos. Gu\u00eda en l\u00ednea de calibraci\u00f3n autom\u00e1tica.<\/td>\n<\/tr>\n<tr>\n<td><strong>Centro de control del sistema<\/strong><\/td>\n<td colspan=\"2\">Un \u00fanico ordenador con monitor con pantalla t\u00e1ctil en color, teclado y rat\u00f3n<\/td>\n<\/tr>\n<tr>\n<td><strong>Dimensiones (Al\u00a0x\u00a0An\u00a0x\u00a0Pr)<\/strong><\/td>\n<td colspan=\"2\">\n<ul>\n<li>Altura: 49,9\u00a0cm (19,25\u00a0pulgadas)<\/li>\n<li>Anchura: 86,4\u00a0cm (34\u00a0pulgadas)<\/li>\n<li>Profundidad: 76,8\u00a0cm (30,25\u00a0pulgadas)<\/li>\n<\/ul>\n<\/td>\n<\/tr>\n<tr>\n<td><strong>Peso<\/strong><\/td>\n<td colspan=\"2\">105,2\u00a0kg (232\u00a0lb)<\/td>\n<\/tr>\n<tr>\n<td><strong>Requisitos el\u00e9ctricos*<\/strong><\/td>\n<td colspan=\"2\">\u00a0100\u00a0\u2013\u00a0240\u00a0V de CA, 50\/60\u00a0Hz<\/td>\n<\/tr>\n<tr>\n<td><strong>Consumo de energ\u00eda m\u00e1ximo*<\/strong><\/td>\n<td colspan=\"2\">550\u00a0W<\/td>\n<\/tr>\n<tr>\n<td colspan=\"3\"><em>*Solo el analizador.<\/em><strong><br \/>\n<\/strong><\/td>\n<\/tr>\n<\/tbody>\n<\/table>\n<\/div>\n<p id=\"vodori_input_StampDecorator_4\" data-dojo-type=\"vodori.input.StampDecorator\" data-dojo-props=\"\" data-qa-id=\"vodori.input.StampDecorator dijit._Widget dijit._FocusMixin dijit._OnDijitClickMixin dijit._WidgetBase\">\n<p id=\"vodori_input_StampDecorator_5\" data-dojo-type=\"vodori.input.StampDecorator\" data-dojo-props=\"\" data-qa-id=\"vodori.input.StampDecorator dijit._Widget dijit._FocusMixin dijit._OnDijitClickMixin dijit._WidgetBase\"><strong>Reactivos<\/strong><\/p>\n<div id=\"vodori_input_StampDecorator_6\" class=\"overflow-fix\" data-dojo-type=\"vodori.input.StampDecorator\" data-dojo-props=\"\" data-qa-id=\"vodori.input.StampDecorator dijit._Widget dijit._FocusMixin dijit._OnDijitClickMixin dijit._WidgetBase\">\n<table border=\"0\">\n<tbody>\n<tr>\n<td>DESCRIPCIONES DE REACTIVOS<\/td>\n<td>TAMA\u00d1O Y N\u00daMERO DE LISTA<\/td>\n<\/tr>\n<tr>\n<td>Lisado para leucocitos<\/td>\n<td>Cubitainer de 3,8\u00a0l (08H52-01)<\/td>\n<\/tr>\n<tr>\n<td>Diluyente\/revestimiento<\/td>\n<td>Cubitainer de 20\u00a0l (01H73-01)<\/td>\n<\/tr>\n<tr>\n<td>Lisado sin cianuro para hemoglobina\/recuento \u00f3ptico de nucleados<\/td>\n<td>Cubitainer de 3,8\u00a0l (03H80-02)<\/td>\n<\/tr>\n<tr>\n<td>Reticulocitos<\/td>\n<td>Tubos de 5,0\u00a0ml, cada uno con 3,7\u00a0ml de reactivo (03H40-01)<\/td>\n<\/tr>\n<\/tbody>\n<\/table>\n<\/div>\n<p id=\"vodori_input_StampDecorator_7\" data-dojo-type=\"vodori.input.StampDecorator\" data-dojo-props=\"\" data-qa-id=\"vodori.input.StampDecorator dijit._Widget dijit._FocusMixin dijit._OnDijitClickMixin dijit._WidgetBase\">\n<p id=\"vodori_input_StampDecorator_8\" data-dojo-type=\"vodori.input.StampDecorator\" data-dojo-props=\"\" data-qa-id=\"vodori.input.StampDecorator dijit._Widget dijit._FocusMixin dijit._OnDijitClickMixin dijit._WidgetBase\"><strong>Controles y calibradores<\/strong><\/p>\n<div id=\"vodori_input_StampDecorator_9\" class=\"overflow-fix\" data-dojo-type=\"vodori.input.StampDecorator\" data-dojo-props=\"\" data-qa-id=\"vodori.input.StampDecorator dijit._Widget dijit._FocusMixin dijit._OnDijitClickMixin dijit._WidgetBase\">\n<table border=\"0\">\n<tbody>\n<tr>\n<td>CONTROL\/CALIBRADOR<\/td>\n<td>ESTABILIDAD<\/td>\n<\/tr>\n<tr>\n<td><strong>CELL-DYN 26 m\u00e1s control<\/strong><\/td>\n<td>Vial abierto: 8\u00a0d\u00edas<\/td>\n<\/tr>\n<tr>\n<td><strong>CELL-DYN reticulocitos m\u00e1s control<\/strong><\/td>\n<td>Vial abierto: 14\u00a0d\u00edas<\/td>\n<\/tr>\n<tr>\n<td><strong>CELL-DYN 29 m\u00e1s control (con reticulocitos)<\/strong><\/td>\n<td>Vial abierto: 7\u00a0d\u00edas<\/td>\n<\/tr>\n<tr>\n<td><strong>CELL-DYN HemCal m\u00e1s calibrador<\/strong><\/td>\n<td>Vial abierto: 5\u00a0d\u00edas<\/td>\n<\/tr>\n<\/tbody>\n<\/table>\n<hr \/>\n<p>&nbsp;<\/p>\n<\/div>\n","protected":false},"excerpt":{"rendered":"<hr \/>\n<h6><span style=\"color: #000000;\">CELL-DYN RUBY LE OFRECE LOS RESULTADOS QUE NECESITA R\u00c1PIDAMENTE<\/span><\/h6>\n<p><span style=\"color: #000000;\">CELL-DYN Ruby ofrece un rendimiento excelente, superior al de otros sistemas similares, y proporciona resultados de gran calidad gracias a su rendimiento fiable. Permite procesar m\u00e1s en menos tiempo gracias a sus capacidades avanzadas para laboratorios de tama\u00f1o medio.<\/span><\/p>\n<h6><span style=\"color: #000000;\">LA DISMINUCI\u00d3N DEL TIEMPO SE TRADUCE EN M\u00c1S RECURSOS PARA TAREAS CR\u00cdTICAS<\/span><\/h6>\n<p><span style=\"color: #000000;\">CELL-DYN Ruby reduce la necesidad de revisar con el microscopio los frotis de sangre y de repetir las pruebas. La tecnolog\u00eda \u00f3ptica permite reasignar recursos y, en \u00faltima instancia, mejorar la eficiencia del laboratorio.<\/span><\/p>\n<h6><\/h6>\n<h6><span style=\"color: #000000;\">UNIFORMIDAD CUANDO Y DONDE REALMENTE IMPORTA<\/span><\/h6>\n<p><span style=\"color: #000000;\">CELL-DYN Ruby permite mejorar la eficiencia proporcionando anotaciones basadas en reglas que\u00a0estandarizan los procesos de laboratorio. De esta forma, se consigue una manipulaci\u00f3n coherente de los resultados por parte de todo el personal\u00a0del laboratorio.<\/span><\/p>\n<h6><span style=\"color: #000000;\">SOFTWARE INTUITIVO Y SENCILLO QUE OFRECE COMODIDAD Y FLEXIBILIDAD<\/span><\/h6>\n<p><span style=\"color: #000000;\">La interfaz de la pantalla t\u00e1ctil es sencilla, f\u00e1cil de utilizar y ofrece vistas personalizables y consejos \u00faltiles que optimizan la experiencia del operador. Se han automatizado tareas rutinarias, como el mantenimiento y la monitorizaci\u00f3n del reactivo, y el software proporciona asistencia para las tareas no rutinarias, como la calibraci\u00f3n. El mantenimiento es f\u00e1cil de realizar con ayuda de los v\u00eddeos incluidos en el sistema.<\/span><\/p>\n<h6><span style=\"color: #000000;\">RECUENTOS \u00d3PTICOS DE TROMBOCITOS PRECISOS A LA PRIMERA<\/span><\/h6>\n<p><span style=\"color: #000000;\">El recuento \u00f3ptico de trombocitos de dos \u00e1ngulos de CELL-DYN Ruby enumera y determina el tama\u00f1o de forma precisa para garantizar resultados notificables a la primera, por lo que reduce las pruebas adicionales.<\/span><\/p>\n<hr \/>\n<h6><span style=\"color: #000000;\">EFICIENCIA EN LAS OPERACIONES DEL LABORATORIO<\/span><\/h6>\n<p><span style=\"color: #000000;\">Solo son necesarios tres reactivos\u00a0para realizar un hemograma completo con un an\u00e1lisis diferencial \u00f3ptico en 5 partes, por lo que los operadores dispondr\u00e1n de m\u00e1s tiempo para ofrecer atenci\u00f3n al paciente.<\/span><\/p>\n<h6><span style=\"color: #000000;\">PRECISI\u00d3N Y EXACTITUD<\/span><\/h6>\n<p><span style=\"color: #000000;\">La tecnolog\u00eda de medici\u00f3n \u00f3ptica tridimensional de eritrocitos de CELL-DYN Ruby garantiza un rendimiento fiable y preciso en la carga de trabajo de hematolog\u00eda.<\/span><\/p>\n<hr \/>\n<p>&nbsp;<\/p>\n","protected":false},"featured_media":360,"comment_status":"open","ping_status":"closed","template":"","meta":[],"_links":{"self":[{"href":"https:\/\/corequimicas.com.mx\/index.php\/wp-json\/wp\/v2\/product\/359"}],"collection":[{"href":"https:\/\/corequimicas.com.mx\/index.php\/wp-json\/wp\/v2\/product"}],"about":[{"href":"https:\/\/corequimicas.com.mx\/index.php\/wp-json\/wp\/v2\/types\/product"}],"replies":[{"embeddable":true,"href":"https:\/\/corequimicas.com.mx\/index.php\/wp-json\/wp\/v2\/comments?post=359"}],"wp:featuredmedia":[{"embeddable":true,"href":"https:\/\/corequimicas.com.mx\/index.php\/wp-json\/wp\/v2\/media\/360"}],"wp:attachment":[{"href":"https:\/\/corequimicas.com.mx\/index.php\/wp-json\/wp\/v2\/media?parent=359"}],"curies":[{"name":"wp","href":"https:\/\/api.w.org\/{rel}","templated":true}]}}