{"id":370,"date":"2020-12-09T15:04:18","date_gmt":"2020-12-09T15:04:18","guid":{"rendered":"https:\/\/corequimicas.com.mx\/?post_type=product&#038;p=370"},"modified":"2020-12-09T15:04:22","modified_gmt":"2020-12-09T15:04:22","slug":"vision-hema","status":"publish","type":"product","link":"https:\/\/corequimicas.com.mx\/index.php\/producto\/vision-hema\/","title":{"rendered":"Vision Hema\u00ae"},"content":{"rendered":"<hr \/>\n<p><em><strong>Interfaz flexible que permite utilizar el sistema de forma sencilla y pr\u00e1ctica.<\/strong><\/em><\/p>\n<p>Cualquier usuario puede utilizar la interfaz flexible de Visi\u00f3n Hema\u00ae en minutos. Su amplia variedad de funciones le permite conservar el estilo de trabajo al que est\u00e1<br \/>\nacostumbrado.<\/p>\n<p><strong><em>Escaneo, identificaci\u00f3n y pre clasificaci\u00f3n Autom\u00e1ticos.<\/em><\/strong><\/p>\n<p>Visi\u00f3n Hema\u00ae escanea de forma autom\u00e1tica una muestra microsc\u00f3pica, recopila datos para an\u00e1lisis, clasifica las c\u00e9lulas sangu\u00edneas y guarda los resultados en la base de datos.<\/p>\n<p><strong><em>Validaci\u00f3n de WBC, RBC y plaquetas<\/em><\/strong><\/p>\n<p>El especialista se libera del mon\u00f3tono trabajo rutinario. Los resultados de los an\u00e1lisis se muestran en galer\u00edas de c\u00e9lulas y se disponen en grupos. Lo \u00fanico que queda por hacer<br \/>\nes revisar y comprobar los resultados.<\/p>\n<p><strong><em>An\u00e1lisis e interpretaci\u00f3n de los resultados.<\/em><\/strong><\/p>\n<p>Los resultados de los an\u00e1lisis finales se presentan en forma de tablas y gr\u00e1ficos. El sistema lleva a cabo el an\u00e1lisis morfol\u00f3gico de las c\u00e9lulas sangu\u00edneas (tama\u00f1o, ubicaci\u00f3n, cantidad y otros par\u00e1metros).<\/p>\n<p><strong><em>Generaci\u00f3n de informes.<\/em><\/strong><\/p>\n<p>El informe se genera seg\u00fan los resultados de los an\u00e1lisis, los cuales podr\u00e1 imprimir o enviar a sus colegas por correo electr\u00f3nico.<\/p>\n<p><strong><em>Base de datos para guardar archivos.<\/em><\/strong><\/p>\n<p>El sistema guarda todos los datos autom\u00e1ticamente, sin posibilidades de perder informaci\u00f3n valiosa. Herramientas de gesti\u00f3n de datos avanzadas, como el filtrado y la<br \/>\nclasificaci\u00f3n, le ayudar\u00e1n a no perder tiempo en el proceso de b\u00fasqueda.<\/p>\n<hr \/>\n<p>&nbsp;<\/p>\n","protected":false},"excerpt":{"rendered":"<hr \/>\n<p><span style=\"color: #000000;\">Sistemas para el an\u00e1lisis de c\u00e9lulas sangu\u00edneas por imagen.<\/span><\/p>\n<hr \/>\n<p>&nbsp;<\/p>\n","protected":false},"featured_media":371,"comment_status":"open","ping_status":"closed","template":"","meta":[],"_links":{"self":[{"href":"https:\/\/corequimicas.com.mx\/index.php\/wp-json\/wp\/v2\/product\/370"}],"collection":[{"href":"https:\/\/corequimicas.com.mx\/index.php\/wp-json\/wp\/v2\/product"}],"about":[{"href":"https:\/\/corequimicas.com.mx\/index.php\/wp-json\/wp\/v2\/types\/product"}],"replies":[{"embeddable":true,"href":"https:\/\/corequimicas.com.mx\/index.php\/wp-json\/wp\/v2\/comments?post=370"}],"wp:featuredmedia":[{"embeddable":true,"href":"https:\/\/corequimicas.com.mx\/index.php\/wp-json\/wp\/v2\/media\/371"}],"wp:attachment":[{"href":"https:\/\/corequimicas.com.mx\/index.php\/wp-json\/wp\/v2\/media?parent=370"}],"curies":[{"name":"wp","href":"https:\/\/api.w.org\/{rel}","templated":true}]}}