{"id":377,"date":"2020-12-09T15:16:12","date_gmt":"2020-12-09T15:16:12","guid":{"rendered":"https:\/\/corequimicas.com.mx\/?post_type=product&#038;p=377"},"modified":"2020-12-09T15:16:19","modified_gmt":"2020-12-09T15:16:19","slug":"af-genital-system","status":"publish","type":"product","link":"https:\/\/corequimicas.com.mx\/index.php\/producto\/af-genital-system\/","title":{"rendered":"AF Genital System"},"content":{"rendered":"<hr \/>\n<p>AF GENITAL SYSTEM se inocula con la suspensi\u00f3n de la muestra cl\u00ednica y se incuba a 36 \u00b1 1 \u00b0 C durante 18-24 horas.<\/p>\n<p>Los resultados de las pruebas se leen convenientemente evaluando los cambios de color en los pozos.<\/p>\n<p><strong>El sistema genital AF ofrece cuatro tipos de resultados en un panel:<\/strong><\/p>\n<ul>\n<li>Recuento de micoplasma urogenital<\/li>\n<li>Identificaci\u00f3n de Mycoplasma hominis y Ureaplasma urealyticum<\/li>\n<li>Pruebas de susceptibilidad de micoplasma urogenital<\/li>\n<li>Cribado bacteriano y f\u00fangico<\/li>\n<\/ul>\n<h3>Recuento de micoplasma urogenital<\/h3>\n<p>El crecimiento de micoplasma est\u00e1 indicado por el cambio de color amarillo a rojo en los pocillos 1 a 3.<\/p>\n<div class=\"row\">\n<div class=\"col-sm-4\">\n<p><img src=\"https:\/\/www.liofilchem.com\/images\/prodotti-evidenza\/af-genital-system\/conta-micoplasmi-urogenitali.png\" alt=\"Conta micoplasmi urogenitali\" \/><\/p>\n<\/div>\n<div class=\"col-sm-4\">\n<p><img src=\"https:\/\/www.liofilchem.com\/images\/prodotti-evidenza\/af-genital-system\/conta-micoplasmi.png\" alt=\"Conta microplasmi\" \/><\/p>\n<\/div>\n<div class=\"col-sm-4\">\n<p><img src=\"https:\/\/www.liofilchem.com\/images\/prodotti-evidenza\/af-genital-system\/crescita-micoplasmi.png\" alt=\"Crescita microplasmi\" \/><\/p>\n<\/div>\n<\/div>\n<h3><\/h3>\n<h3>Identificaci\u00f3n de Mycoplasma hominis y Ureaplasma urealyticum<\/h3>\n<p>El crecimiento se indica mediante un cambio de color amarillo a rojo en los pocillos 4 y 5.<\/p>\n<div class=\"row\">\n<div class=\"col-sm-4\">\n<figure><img src=\"https:\/\/www.liofilchem.com\/images\/prodotti-evidenza\/af-genital-system\/mycoplasma-hominis.png\" alt=\"Microplasma hominis\" \/><figcaption>Microplasma hominis<\/figcaption><\/figure>\n<\/div>\n<div class=\"col-sm-4\">\n<figure><img src=\"https:\/\/www.liofilchem.com\/images\/prodotti-evidenza\/af-genital-system\/ureaplasma-urealyticum.png\" alt=\"Ureaplasma urealyticum\" \/><figcaption>Ureaplasma urealyticum<\/figcaption><\/figure>\n<\/div>\n<div class=\"col-sm-4\">\n<figure><img src=\"https:\/\/www.liofilchem.com\/images\/prodotti-evidenza\/af-genital-system\/mycoplasma-hominis-ureaplasma-urealyticum.png\" alt=\"Mycoplasma hominis Ureaplasma urealyticum\" \/><figcaption>Mycoplasma hominis Ureaplasma urealyticum<\/figcaption><\/figure>\n<\/div>\n<\/div>\n<h3>Pruebas de susceptibilidad de micoplasma urogenital<\/h3>\n<p>El crecimiento se indica mediante un cambio de color amarillo a rojo en los pozos 7 a 15.<\/p>\n<div class=\"row\">\n<div class=\"col-sm-4\">\n<figure><img src=\"https:\/\/www.liofilchem.com\/images\/prodotti-evidenza\/af-genital-system\/sensibilita.png\" alt=\"Sensibilit\u00e0\" \/><figcaption>Sensibilit\u00e0<\/figcaption><\/figure>\n<\/div>\n<div class=\"col-sm-4\">\n<figure><img src=\"https:\/\/www.liofilchem.com\/images\/prodotti-evidenza\/af-genital-system\/sensibilita-intermedia.png\" alt=\"Sensibilit\u00e0 intermedia\" \/><figcaption>Sensibilit\u00e0 intermedia<\/figcaption><\/figure>\n<\/div>\n<div class=\"col-sm-4\">\n<figure><img src=\"https:\/\/www.liofilchem.com\/images\/prodotti-evidenza\/af-genital-system\/resistenza.png\" alt=\"Resistencia\" \/><figcaption>Resistencia<\/figcaption><\/figure>\n<\/div>\n<\/div>\n<h3>Cribado bacteriano y f\u00fangico<\/h3>\n<p>Interpretaci\u00f3n por cambio de color claro en los pozos:<\/p>\n<ul>\n<li>Escherichia coli<\/li>\n<li>Proteus spp.\u00a0\/ Providencia spp.<\/li>\n<li>Pseudomonas spp.<\/li>\n<li>Gardnerella vaginalis<\/li>\n<li>Staphylococcus aureus<\/li>\n<li>Enterococcus faecalis<\/li>\n<li>Neisseria gonorrhoeae<\/li>\n<li>Streptococcus agalactiae (Gruppo B)<\/li>\n<li>Candida spp.<\/li>\n<\/ul>\n<div class=\"row\">\n<div class=\"col-sm-4\">\n<p><img src=\"https:\/\/www.liofilchem.com\/images\/prodotti-evidenza\/af-genital-system\/nuovo-terreno.png\" alt=\"Nuovo terreno\" \/><\/p>\n<\/div>\n<div class=\"col-sm-8\">\n<p>Nuevo medio cromog\u00e9nico para detectar Streptococcus agalactiae del Grupo B<\/p>\n<\/div>\n<\/div>\n<h3>Nuevo medio cromog\u00e9nico para detectar Streptococcus agalactiae del Grupo B<\/h3>\n<p>Al igual que todos los sistemas de identificaci\u00f3n microbiol\u00f3gica Liofilchem\u00ae, el Sistema Genital AF tiene los grandes beneficios de:<\/p>\n<ol>\n<li>realizar una detecci\u00f3n microbiol\u00f3gica simult\u00e1nea de varios microorganismos en un panel compacto;<\/li>\n<li>reducci\u00f3n de costos en horas hombre y consumibles de laboratorio;<\/li>\n<li>que no requieren instrumentos de laboratorio complejos debido a su extraordinaria facilidad de uso.<\/li>\n<\/ol>\n<p>La amplia selecci\u00f3n microbiol\u00f3gica de los sistemas de identificaci\u00f3n Liofilchem\u00ae permite obtener una visi\u00f3n general completa de la poblaci\u00f3n microbiana en la muestra, con la posibilidad de realizar an\u00e1lisis de confirmaci\u00f3n sucesivos solo para los microorganismos que resultaron positivos en el sistema.<\/p>\n<p>Las pruebas de confirmaci\u00f3n bioqu\u00edmica, inmunoserol\u00f3gica y microsc\u00f3pica o la prueba de susceptibilidad despu\u00e9s del examen pueden iniciarse simplemente tomando una gota de caldo de cultivo del pozo del microorganismo para confirmar.<\/p>\n<hr \/>\n<p>&nbsp;<\/p>\n","protected":false},"excerpt":{"rendered":"<hr \/>\n<p><span style=\"color: #000000;\">A.F. Genital System, panel detector de pat\u00f3genos urogenitales. Fabricado por nuestra representada Liofilchem srl, consiste en<span class=\"s1\">\u00a0un panel de 24 pocillos que contienen substratos bioqu\u00edmicos y f\u00e1rmacos antimicrobianos para la detecci\u00f3n, presunta identificaci\u00f3n y pruebas de susceptibilidad antibi\u00f3tica espec\u00edfica de microorganismos, a partir de muestras urogenitales (exudado vaginal, uretral y\u00a0fluido seminal).\u00a0<\/span><\/span><\/p>\n<hr \/>\n<p>&nbsp;<\/p>\n","protected":false},"featured_media":378,"comment_status":"open","ping_status":"closed","template":"","meta":[],"_links":{"self":[{"href":"https:\/\/corequimicas.com.mx\/index.php\/wp-json\/wp\/v2\/product\/377"}],"collection":[{"href":"https:\/\/corequimicas.com.mx\/index.php\/wp-json\/wp\/v2\/product"}],"about":[{"href":"https:\/\/corequimicas.com.mx\/index.php\/wp-json\/wp\/v2\/types\/product"}],"replies":[{"embeddable":true,"href":"https:\/\/corequimicas.com.mx\/index.php\/wp-json\/wp\/v2\/comments?post=377"}],"wp:featuredmedia":[{"embeddable":true,"href":"https:\/\/corequimicas.com.mx\/index.php\/wp-json\/wp\/v2\/media\/378"}],"wp:attachment":[{"href":"https:\/\/corequimicas.com.mx\/index.php\/wp-json\/wp\/v2\/media?parent=377"}],"curies":[{"name":"wp","href":"https:\/\/api.w.org\/{rel}","templated":true}]}}