{"id":381,"date":"2020-12-10T14:55:21","date_gmt":"2020-12-10T14:55:21","guid":{"rendered":"https:\/\/corequimicas.com.mx\/?post_type=product&#038;p=381"},"modified":"2020-12-10T14:55:26","modified_gmt":"2020-12-10T14:55:26","slug":"enteropluri-test","status":"publish","type":"product","link":"https:\/\/corequimicas.com.mx\/index.php\/producto\/enteropluri-test\/","title":{"rendered":"EnteroPluri-Test"},"content":{"rendered":"<hr \/>\n<h3>Principio del m\u00e9todo:<\/h3>\n<p>EnteroPluri-Test hace posible la identificaci\u00f3n de Enterobacteriaceae y otras bacterias gram negativas, oxidasa negativas aisladas de muestras cl\u00ednicas y ambientales.\u00a0La identificaci\u00f3n se basa en pruebas bioqu\u00edmicas realizadas en medios de cultivo que contienen sustratos espec\u00edficos.\u00a0La combinaci\u00f3n de permisos positivos y negativos para identificar bacterias usando el Libro de c\u00f3digos.<\/p>\n<p>&nbsp;<\/p>\n<table class=\"table table-bordered tab-prod\">\n<thead>\n<tr>\n<th>Descripci\u00f3n<\/th>\n<th>embalaje<\/th>\n<th><\/th>\n<\/tr>\n<\/thead>\n<tbody>\n<tr>\n<td rowspan=\"2\">Sistema de\u00a0<strong><em>prueba<\/em><\/strong><strong>\u00a0EnteroPluri-<\/strong>\u00a0con 12 medios de agar por in\u00f3culo simult\u00e1neo para la\u00a0identificaci\u00f3n de\u00a0<em>Enterobacteriaceae<\/em>\u00a0.<\/td>\n<td>10<\/td>\n<td><\/td>\n<\/tr>\n<tr>\n<td>25<\/td>\n<td><\/td>\n<\/tr>\n<tr>\n<td>VP TEST EP<br \/>\nKOH y soluciones de alfa-naftol para la prueba Voges Proskauer.<\/td>\n<td>100\/200<\/td>\n<td><\/td>\n<\/tr>\n<tr>\n<td rowspan=\"2\">KOVAC\u2019S \u2013 REAGENT<br \/>\nSoluci\u00f3n de reactivos para la prueba de indol.<\/td>\n<td>400\/500<\/td>\n<td><\/td>\n<\/tr>\n<tr>\n<td>800\/1000<\/td>\n<td><\/td>\n<\/tr>\n<tr>\n<td>EnteroPluri-Test LIBRO DE C\u00d3DIGOS<br \/>\nLibro de c\u00f3digos bacterianos para la identificaci\u00f3n de Enterobacteriaceae utilizando EnteroPluri-Test.<\/td>\n<td>1 libro<\/td>\n<td><\/td>\n<\/tr>\n<\/tbody>\n<\/table>\n<hr \/>\n<p>&nbsp;<\/p>\n","protected":false},"excerpt":{"rendered":"<hr \/>\n<p><span style=\"color: #000000;\">EnteroPluri-Test es un sistema de 12 sectores que contiene medios de cultivo especiales que permiten la identificaci\u00f3n de Enterobacteriaceae y otras bacterias gram negativas, oxidasa negativas.\u00a0El sistema permite la inoculaci\u00f3n simult\u00e1nea de todos los medios presentes en los sectores y la ejecuci\u00f3n de 15 reacciones bioqu\u00edmicas.\u00a0El microorganismo se identifica evaluando el cambio de color de los diferentes medios de cultivo despu\u00e9s de 18-24 horas de incubaci\u00f3n a 36 \u00b1 1 \u00b0 C y mediante un n\u00famero de c\u00f3digo obtenido de la interpretaci\u00f3n de la reacci\u00f3n bioqu\u00edmica.<\/span><\/p>\n<hr \/>\n<p>&nbsp;<\/p>\n","protected":false},"featured_media":382,"comment_status":"open","ping_status":"closed","template":"","meta":[],"_links":{"self":[{"href":"https:\/\/corequimicas.com.mx\/index.php\/wp-json\/wp\/v2\/product\/381"}],"collection":[{"href":"https:\/\/corequimicas.com.mx\/index.php\/wp-json\/wp\/v2\/product"}],"about":[{"href":"https:\/\/corequimicas.com.mx\/index.php\/wp-json\/wp\/v2\/types\/product"}],"replies":[{"embeddable":true,"href":"https:\/\/corequimicas.com.mx\/index.php\/wp-json\/wp\/v2\/comments?post=381"}],"wp:featuredmedia":[{"embeddable":true,"href":"https:\/\/corequimicas.com.mx\/index.php\/wp-json\/wp\/v2\/media\/382"}],"wp:attachment":[{"href":"https:\/\/corequimicas.com.mx\/index.php\/wp-json\/wp\/v2\/media?parent=381"}],"curies":[{"name":"wp","href":"https:\/\/api.w.org\/{rel}","templated":true}]}}