{"id":385,"date":"2020-12-10T15:26:15","date_gmt":"2020-12-10T15:26:15","guid":{"rendered":"https:\/\/corequimicas.com.mx\/?post_type=product&#038;p=385"},"modified":"2026-05-01T17:54:13","modified_gmt":"2026-05-01T17:54:13","slug":"nissui-ec-blue-quant","status":"publish","type":"product","link":"https:\/\/corequimicas.com.mx\/index.php\/producto\/nissui-ec-blue-quant\/","title":{"rendered":"Nissui-Ec Blue Quant"},"content":{"rendered":"<hr \/>\n<div class=\"details-container\">\n<p>El dise\u00f1o \u00fanico e innovador de la EC BlueQuant \/ MPN permite un procesamiento r\u00e1pido y confiable de las pruebas de MPN: f\u00e1cil de operar y sin ning\u00fan equipo adicional, excepto una incubadora.\u00a0El m\u00e9todo se basa en el m\u00e9todo estandarizado de MPN que utiliza al menos tres niveles de diluci\u00f3n diferentes en incrementos de 10 y 5 compartimentos por diluci\u00f3n.\u00a0Las pruebas con EC BlueQuant \/ MPN no requieren una serie de diluciones.\u00a0Al verter la mezcla, debido al dise\u00f1o especial, los compartimentos se llenan de tal manera que se garantice la diluci\u00f3n en serie correcta.\u00a0Despu\u00e9s de incubar la muestra durante 24 horas a aproximadamente 35 \u00b0 C, el resultado puede leerse en el dispositivo y convertirse a ufc \/ ml utilizando tablas est\u00e1ndar ISO (por ejemplo, DIN EN ISO 9308-2: 2014-06).<\/p>\n<\/div>\n<div class=\"feature-container\">\n<div class=\"\"><\/div>\n<div>La presencia de\u00a0<i>E. coli<\/i>\u00a0se puede detectar f\u00e1cilmente por la aparici\u00f3n de fluorescencia bajo luz UV (ver EC-Blue Mini UV lamp Art. No. KK49.1).\u00a0Aproximadamente el 95% de todas las\u00a0cepas de\u00a0<i>E. coli<\/i>\u00a0producen la enzima \u00df-glucuronidasa, que reacciona con un sustrato enzim\u00e1tico contenido en Azul CE para liberar un colorante fluorescente.<\/div>\n<div>\n<hr \/>\n<\/div>\n<\/div>\n","protected":false},"excerpt":{"rendered":"<hr \/>\n<ul>\n<li><span style=\"color: #000000;\">Conjunto de 18 c\u00e1maras EC BlueQuant \/ MPN incl.\u00a0tapa<\/span><\/li>\n<li><span style=\"color: #000000;\">Resultados reproducibles y precisos<\/span><\/li>\n<li><span style=\"color: #000000;\">L\u00edmite de detecci\u00f3n 1 ufc \/ 100 ml<\/span><\/li>\n<li><span style=\"color: #000000;\">No se requiere diluci\u00f3n previa<\/span><\/li>\n<li><span style=\"color: #000000;\">Resultado de la prueba despu\u00e9s de 24 horas.<\/span><\/li>\n<li><span style=\"color: #000000;\">Cuantificaci\u00f3n simult\u00e1nea de coliformes y\u00a0<i>E. coli<\/i><\/span><\/li>\n<li><span style=\"color: #000000;\">Tambi\u00e9n es adecuado para agua clorada y turbia.<\/span><\/li>\n<\/ul>\n<hr \/>\n<p>&nbsp;<\/p>\n","protected":false},"featured_media":386,"comment_status":"open","ping_status":"closed","template":"","meta":[],"_links":{"self":[{"href":"https:\/\/corequimicas.com.mx\/index.php\/wp-json\/wp\/v2\/product\/385"}],"collection":[{"href":"https:\/\/corequimicas.com.mx\/index.php\/wp-json\/wp\/v2\/product"}],"about":[{"href":"https:\/\/corequimicas.com.mx\/index.php\/wp-json\/wp\/v2\/types\/product"}],"replies":[{"embeddable":true,"href":"https:\/\/corequimicas.com.mx\/index.php\/wp-json\/wp\/v2\/comments?post=385"}],"wp:featuredmedia":[{"embeddable":true,"href":"https:\/\/corequimicas.com.mx\/index.php\/wp-json\/wp\/v2\/media\/386"}],"wp:attachment":[{"href":"https:\/\/corequimicas.com.mx\/index.php\/wp-json\/wp\/v2\/media?parent=385"}],"curies":[{"name":"wp","href":"https:\/\/api.w.org\/{rel}","templated":true}]}}