{"id":392,"date":"2020-12-10T15:37:32","date_gmt":"2020-12-10T15:37:32","guid":{"rendered":"https:\/\/corequimicas.com.mx\/?post_type=product&#038;p=392"},"modified":"2020-12-10T15:37:42","modified_gmt":"2020-12-10T15:37:42","slug":"3m-clean-trace","status":"publish","type":"product","link":"https:\/\/corequimicas.com.mx\/index.php\/producto\/3m-clean-trace\/","title":{"rendered":"3M\u2122 Clean-Trace\u2122"},"content":{"rendered":"<hr \/>\n<table class=\"MMM--dat MMM--pdpTabVr SNAPS--SpecTbl-Mt15\">\n<tbody>\n<tr class=\"MMM--dat-row\">\n<td>\n<div class=\"MMM--dat-cell SNAPS-specAdjust\"><span class=\"MMM--txt_bold\">Cantidad<\/span><\/div>\n<\/td>\n<td>\n<div class=\"MMM--dat-cell dat-cell_specDefinition SNAPS-specAdjust SNAPS--SpecTbl-RowCols SNAPS--SpecTbl-Overflow\"><span class=\"MMM--txt_bold\">1 unidad<\/span><\/div>\n<\/td>\n<\/tr>\n<tr class=\"MMM--dat-row\">\n<td>\n<div class=\"MMM--dat-cell SNAPS-specAdjust\"><span class=\"MMM--txt_bold\">Industria Recomendada<\/span><\/div>\n<\/td>\n<td>\n<div class=\"MMM--dat-cell dat-cell_specDefinition SNAPS-specAdjust SNAPS--SpecTbl-RowCols SNAPS--SpecTbl-Overflow\"><span class=\"MMM--txt_bold\">Panader\u00eda<\/span><span class=\"MMM--txt_bold\">, Bebidas y Agua Embotellada<\/span><span class=\"MMM--txt_bold\">, Confiter\u00eda<\/span><span class=\"MMM--txt_bold\">, L\u00e1cteos<\/span><span class=\"MMM--txt_bold\">, Huevo<\/span><span class=\"MMM--txt_bold\">, Frutas y Vegetales<\/span><span class=\"MMM--txt_bold\">, Granos y Semillas<\/span><span class=\"MMM--txt_bold\">, Carne<\/span><span class=\"MMM--txt_bold\">, Nutrac\u00e9uticos<\/span><span class=\"MMM--txt_bold\">, Alimentos para Mascotas y Alimentaci\u00f3n Animal<\/span><span class=\"MMM--txt_bold\">, Aves de corral<\/span><span class=\"MMM--txt_bold\">, Alimentos Preparados y Procesados<\/span><span class=\"MMM--txt_bold\">, Pescados y Mariscos<\/span><\/div>\n<\/td>\n<\/tr>\n<tr class=\"MMM--dat-row\">\n<td>\n<div class=\"MMM--dat-cell SNAPS-specAdjust\"><span class=\"MMM--txt_bold\">Marca<\/span><\/div>\n<\/td>\n<td>\n<div class=\"MMM--dat-cell dat-cell_specDefinition SNAPS-specAdjust SNAPS--SpecTbl-RowCols SNAPS--SpecTbl-Overflow\"><span class=\"MMM--txt_bold\">Clean-Trace\u2122<\/span><\/div>\n<\/td>\n<\/tr>\n<tr class=\"MMM--dat-row\">\n<td>\n<div class=\"MMM--dat-cell SNAPS-specAdjust\"><span class=\"MMM--txt_bold\">Tipo de Producto<\/span><\/div>\n<\/td>\n<td>\n<div class=\"MMM--dat-cell dat-cell_specDefinition SNAPS-specAdjust SNAPS--SpecTbl-RowCols SNAPS--SpecTbl-Overflow\"><span class=\"MMM--txt_bold\">Instrumento<\/span><\/div>\n<\/td>\n<\/tr>\n<\/tbody>\n<\/table>\n<hr \/>\n<p>&nbsp;<\/p>\n","protected":false},"excerpt":{"rendered":"<hr \/>\n<p class=\"MMM--hdg MMM--hdg_1 hdg_contentDetailTitle\"><span style=\"color: #000000;\"><strong>3M\u2122 Clean-Trace\u2122 Sistema de Control y Manejo del Monitoreo de la Higiene LM1, 1 unidad<\/strong><\/span><\/p>\n<ul class=\"MMM--pdpList SNAPS--bullets js--bnftsPdPList\">\n<li><span style=\"color: #000000;\">Resultados en tiempo real, tan solo 10 segundos.<\/span><\/li>\n<li><span style=\"color: #000000;\">Obtenga resultados en 3 simples pasos: 1. Recolectar muestra con hisopo, 2. Introducir en el equipo 3M\u2122 Clean-Trace\u2122 Lumin\u00f3metro para el an\u00e1lisis de la muestra. 3. Interpretar los resultados.<\/span><\/li>\n<li><span style=\"color: #000000;\">Dise\u00f1o ergon\u00f3mico que permite la operaci\u00f3n con una sola mano.<\/span><\/li>\n<li><span style=\"color: #000000;\">Sistema con el mayor grado de repetibilidad y consistencia. Menor coeficiente de variaci\u00f3n.<\/span><\/li>\n<\/ul>\n<hr \/>\n<p>&nbsp;<\/p>\n","protected":false},"featured_media":393,"comment_status":"open","ping_status":"closed","template":"","meta":[],"_links":{"self":[{"href":"https:\/\/corequimicas.com.mx\/index.php\/wp-json\/wp\/v2\/product\/392"}],"collection":[{"href":"https:\/\/corequimicas.com.mx\/index.php\/wp-json\/wp\/v2\/product"}],"about":[{"href":"https:\/\/corequimicas.com.mx\/index.php\/wp-json\/wp\/v2\/types\/product"}],"replies":[{"embeddable":true,"href":"https:\/\/corequimicas.com.mx\/index.php\/wp-json\/wp\/v2\/comments?post=392"}],"wp:featuredmedia":[{"embeddable":true,"href":"https:\/\/corequimicas.com.mx\/index.php\/wp-json\/wp\/v2\/media\/393"}],"wp:attachment":[{"href":"https:\/\/corequimicas.com.mx\/index.php\/wp-json\/wp\/v2\/media?parent=392"}],"curies":[{"name":"wp","href":"https:\/\/api.w.org\/{rel}","templated":true}]}}