{"id":394,"date":"2020-12-10T15:43:35","date_gmt":"2020-12-10T15:43:35","guid":{"rendered":"https:\/\/corequimicas.com.mx\/?post_type=product&#038;p=394"},"modified":"2020-12-10T15:43:40","modified_gmt":"2020-12-10T15:43:40","slug":"food-system","status":"publish","type":"product","link":"https:\/\/corequimicas.com.mx\/index.php\/producto\/food-system\/","title":{"rendered":"Food System"},"content":{"rendered":"<hr \/>\n<div class=\"row\">\n<div class=\"col-sm-12 col-md-8\">\n<p><strong>Food System<\/strong>\u00a0ofrece la detecci\u00f3n simult\u00e1nea y la identificaci\u00f3n presunta de:<\/p>\n<ul>\n<li>Salmonella spp.<\/li>\n<li>Proteus \/ Providencia spp.<\/li>\n<li>Pseudomonas spp.<\/li>\n<li>Staphylococcus aureus<\/li>\n<li>Escherichia coli<\/li>\n<li>Bacillus cereus<\/li>\n<li>Listeria spp.<\/li>\n<li>levaduras y mohos.<\/li>\n<\/ul>\n<\/div>\n<\/div>\n<hr \/>\n<div class=\"row\">\n<div class=\"col-sm-12 col-md-8\">\n<p>El sistema se inocula con una suspensi\u00f3n de muestra de alimento y se incuba a 36 \u00b0 C durante 18-24 horas.<\/p>\n<p>Las pruebas de detecci\u00f3n e identificaci\u00f3n presuntiva de los microorganismos presentes en la muestra se interpretan evaluando el cambio de color en los pocillos.<\/p>\n<\/div>\n<div class=\"col-sm-12 col-md-4\">\n<p><img src=\"https:\/\/www.liofilchem.com\/images\/prodotti-evidenza\/food-system\/food-system-test.png\" alt=\"Prueba de Food Sistem\" \/><\/p>\n<\/div>\n<\/div>\n<hr \/>\n<div class=\"row\">\n<div class=\"col-sm-12 col-md-4\">\n<p><img src=\"https:\/\/www.liofilchem.com\/images\/prodotti-evidenza\/food-system\/food-system-metodica.png\" alt=\"Metodica Food System\" \/><\/p>\n<\/div>\n<div class=\"col-sm-12 col-md-8\">\n<p>Las pruebas de confirmaci\u00f3n bioqu\u00edmicas, inmunoserol\u00f3gicas y microsc\u00f3picas despu\u00e9s del cribado se pueden realizar tomando una gota de caldo de cultivo del pozo del microorganismo a confirmar.<\/p>\n<\/div>\n<\/div>\n<hr \/>\n<p>Al igual que todos los sistemas de identificaci\u00f3n microbiol\u00f3gica Liofilchem\u00ae, el Food System tiene los grandes beneficios de:<\/p>\n<ul>\n<li>Realizar una detecci\u00f3n microbiol\u00f3gica simult\u00e1nea de varios microorganismos en un panel compacto.<\/li>\n<li>Reducci\u00f3n de costos en mano de obra y consumibles de laboratorio<\/li>\n<li>que no requieren instrumentos de laboratorio complejos debido a su extraordinaria facilidad de uso.<\/li>\n<\/ul>\n<hr \/>\n<p>&nbsp;<\/p>\n","protected":false},"excerpt":{"rendered":"<hr \/>\n<p><span style=\"color: #000000;\">Les presentamos\u00a0<em><strong>Food System, panel para la detecci\u00f3n e identificaci\u00f3n de pat\u00f3genos en alimentos<\/strong><\/em>. Consiste en un panel de 24 pocillos que contienen medios de cultivo con sustratos bioqu\u00edmicos desecados para la b\u00fasqueda e identificaci\u00f3n presuntiva de microorganismos provenientes de productos c\u00e1rnicos, pescados, l\u00e1cticos y otros tipos de alimentos.<\/span><\/p>\n<p><span style=\"color: #000000;\">Permite buscar e identificar simult\u00e1neamente\u00a0<em>Salmonella<\/em>\u00a0spp., Citrobacter spp.,\u00a0<em>Proteus<\/em>\u00a0spp. \/\u00a0<em>Providencia<\/em>\u00a0spp.,\u00a0<em>Pseudomonas<\/em>\u00a0spp.,\u00a0<em>Staphylococcus<\/em>\u00a0<em>aureus<\/em>,\u00a0<em>Eschericia<\/em>\u00a0<em>coli<\/em>,\u00a0<em>Bacillus<\/em>\u00a0<em>cereus<\/em>,\u00a0<em>Listeria<\/em>\u00a0spp., y hongos y levaduras. Adem\u00e1s est\u00e1 validado de acuerdo a la norma ISO 16140 para la detecci\u00f3n de\u00a0<em>Salmonella<\/em>\u00a0spp., y\u00a0<em>Listeria<\/em>\u00a0spp. Vamos a conocerlo con m\u00e1s detalle.<\/span><\/p>\n<hr \/>\n<p>&nbsp;<\/p>\n","protected":false},"featured_media":395,"comment_status":"open","ping_status":"closed","template":"","meta":[],"_links":{"self":[{"href":"https:\/\/corequimicas.com.mx\/index.php\/wp-json\/wp\/v2\/product\/394"}],"collection":[{"href":"https:\/\/corequimicas.com.mx\/index.php\/wp-json\/wp\/v2\/product"}],"about":[{"href":"https:\/\/corequimicas.com.mx\/index.php\/wp-json\/wp\/v2\/types\/product"}],"replies":[{"embeddable":true,"href":"https:\/\/corequimicas.com.mx\/index.php\/wp-json\/wp\/v2\/comments?post=394"}],"wp:featuredmedia":[{"embeddable":true,"href":"https:\/\/corequimicas.com.mx\/index.php\/wp-json\/wp\/v2\/media\/395"}],"wp:attachment":[{"href":"https:\/\/corequimicas.com.mx\/index.php\/wp-json\/wp\/v2\/media?parent=394"}],"curies":[{"name":"wp","href":"https:\/\/api.w.org\/{rel}","templated":true}]}}