{"id":398,"date":"2020-12-10T15:59:59","date_gmt":"2020-12-10T15:59:59","guid":{"rendered":"https:\/\/corequimicas.com.mx\/?post_type=product&#038;p=398"},"modified":"2020-12-10T16:00:06","modified_gmt":"2020-12-10T16:00:06","slug":"luminometro-pd-30","status":"publish","type":"product","link":"https:\/\/corequimicas.com.mx\/index.php\/producto\/luminometro-pd-30\/","title":{"rendered":"LUMIN\u00d3METRO PD-30"},"content":{"rendered":"<hr \/>\n<ul>\n<li>Autodiagn\u00f3stico. Con funci\u00f3n de autocontrol de una posible contaminaci\u00f3n de la cubeta de medici\u00f3n. Esta funci\u00f3n controla la forma activa de limpieza de la cubeta de medici\u00f3n.<\/li>\n<li>Compensaci\u00f3n de temperatura. Funciona en rango de 10\u00baC a 40\u00baC.<\/li>\n<li>Elecci\u00f3n de entre 8 idiomas.<\/li>\n<li>Software de an\u00e1lisis de datos por usuario, que permite planes de procesamiento para diversos usuarios.<\/li>\n<li>Software de an\u00e1lisis de datos por ubicaci\u00f3n. El lugar donde se lleva a cabo el an\u00e1lisis aparece en la pantalla seg\u00fan la correspondiente programaci\u00f3n.<\/li>\n<li>Manejo sencillo y seguro.<\/li>\n<li>Medici\u00f3n simult\u00e1nea patentada de\u00a0AMP,\u00a0ADP\u00a0y\u00a0ATP\u00a0para una mayor sensibilidad.<\/li>\n<li>El aparato m\u00e1s ligero y peque\u00f1o del mundo.<\/li>\n<li>M\u00e9todos de precisi\u00f3n extremadamente r\u00e1pidos y precisos.<\/li>\n<li>2000 espacios de almacenamiento<\/li>\n<li>400 modos<\/li>\n<li>Medici\u00f3n en RLU \u2013 Unidades Relativas de Luz<\/li>\n<li>Listo para usarse entre solo 8 segundos<\/li>\n<li>Transmisi\u00f3n de datos al ordenador por medio de un USB<\/li>\n<li>Documentaci\u00f3n de los resultados<\/li>\n<li>\u00a0Emisi\u00f3n gr\u00e1fica de los datos<\/li>\n<li>Software basado en Excel de f\u00e1cil manejo<\/li>\n<li>Definici\u00f3n de valores l\u00edmite propios para supervisar de forma individual puntos de control<\/li>\n<li>Marcaci\u00f3n CE y producido seg\u00fan la ISO 9001<\/li>\n<li>Cumple con la DIN 10214: 2009-12<\/li>\n<\/ul>\n<hr \/>\n<p>&nbsp;<\/p>\n","protected":false},"excerpt":{"rendered":"<hr \/>\n<p><span style=\"color: #000000;\">Lumin\u00f3metro Lumitester para control de higiene y detecci\u00f3n ultrasensible con mayor sensibilidad de medici\u00f3n simult\u00e1nea de\u00a0AMP,\u00a0ADP\u00a0y\u00a0ATP.<\/span><\/p>\n<hr \/>\n<p>&nbsp;<\/p>\n","protected":false},"featured_media":399,"comment_status":"open","ping_status":"closed","template":"","meta":[],"_links":{"self":[{"href":"https:\/\/corequimicas.com.mx\/index.php\/wp-json\/wp\/v2\/product\/398"}],"collection":[{"href":"https:\/\/corequimicas.com.mx\/index.php\/wp-json\/wp\/v2\/product"}],"about":[{"href":"https:\/\/corequimicas.com.mx\/index.php\/wp-json\/wp\/v2\/types\/product"}],"replies":[{"embeddable":true,"href":"https:\/\/corequimicas.com.mx\/index.php\/wp-json\/wp\/v2\/comments?post=398"}],"wp:featuredmedia":[{"embeddable":true,"href":"https:\/\/corequimicas.com.mx\/index.php\/wp-json\/wp\/v2\/media\/399"}],"wp:attachment":[{"href":"https:\/\/corequimicas.com.mx\/index.php\/wp-json\/wp\/v2\/media?parent=398"}],"curies":[{"name":"wp","href":"https:\/\/api.w.org\/{rel}","templated":true}]}}