{"id":402,"date":"2020-12-10T16:12:22","date_gmt":"2020-12-10T16:12:22","guid":{"rendered":"https:\/\/corequimicas.com.mx\/?post_type=product&#038;p=402"},"modified":"2020-12-10T16:12:27","modified_gmt":"2020-12-10T16:12:27","slug":"system-plus","status":"publish","type":"product","link":"https:\/\/corequimicas.com.mx\/index.php\/producto\/system-plus\/","title":{"rendered":"System Plus"},"content":{"rendered":"<hr \/>\n<div id=\"comp-ipkseywa\" class=\"txtNew\" data-packed=\"true\">\n<h3 class=\"font_2\"><span class=\"color_23\">Beneficios<\/span><\/h3>\n<\/div>\n<div id=\"comp-ipksrqc5\" class=\"txtNew\" data-packed=\"true\">\n<ul class=\"color_15 font_8\">\n<li>\n<p class=\"font_8\"><span class=\"color_15\">Inoculaci\u00f3n directa desde superficies.<\/span><\/p>\n<\/li>\n<li>\n<p class=\"font_8\"><span class=\"color_15\">Pr\u00e1ctico dise\u00f1o para dos pruebas en una sola galer\u00eda.<\/span><\/p>\n<\/li>\n<li>\n<p class=\"font_8\"><span class=\"color_15\">Resultados listos de 18-24 horas.<\/span><\/p>\n<\/li>\n<li>\n<p class=\"font_8\"><span class=\"color_15\">Cambios de color claros y bien definidos.<\/span><\/p>\n<\/li>\n<li>\n<p class=\"font_8\"><span class=\"color_15\">Interpretaci\u00f3n f\u00e1cil.<\/span><\/p>\n<\/li>\n<\/ul>\n<\/div>\n<div id=\"comp-ipksxrvu\" class=\"txtNew\" data-packed=\"true\">\n<h3 class=\"font_2\"><span class=\"color_23\">Recuento bacteriano<\/span><\/h3>\n<\/div>\n<div id=\"comp-ipksg6vk\" class=\"ca1\" title=\"\" data-is-responsive=\"false\" data-display-mode=\"fill\" data-content-padding-horizontal=\"0\" data-content-padding-vertical=\"0\" data-exact-height=\"132\">\n<div id=\"comp-ipksg6vklink\" class=\"ca1link\"><img id=\"comp-ipksg6vkimgimage\" src=\"https:\/\/static.wixstatic.com\/media\/3e559d_4c5e059b80f04888b02097099524331f~mv2.png\/v1\/fill\/w_431,h_130,al_c,lg_1,q_85,usm_0.33_1.00_0.00\/3e559d_4c5e059b80f04888b02097099524331f~mv2.webp\" alt=\"\" data-type=\"image\" \/><\/div>\n<\/div>\n<div id=\"comp-ipksyhbd\" class=\"txtNew\" data-packed=\"true\">\n<h3 class=\"font_2\"><span class=\"color_23\">Identificaci\u00f3n<\/span><\/h3>\n<\/div>\n<div id=\"comp-ipksg6vk2\" class=\"ca1\" title=\"\" data-is-responsive=\"false\" data-display-mode=\"fill\" data-content-padding-horizontal=\"0\" data-content-padding-vertical=\"0\" data-exact-height=\"638\">\n<div id=\"comp-ipksg6vk2link\" class=\"ca1link\"><img id=\"comp-ipksg6vk2imgimage\" src=\"https:\/\/static.wixstatic.com\/media\/3e559d_8fcb113c5ba544ce97640487c24c880b~mv2.png\/v1\/fill\/w_384,h_638,al_c,lg_1,q_85,usm_0.33_1.00_0.00\/3e559d_8fcb113c5ba544ce97640487c24c880b~mv2.webp\" alt=\"\" data-type=\"image\" \/><\/div>\n<div>\n<hr \/>\n<\/div>\n<\/div>\n","protected":false},"excerpt":{"rendered":"<hr \/>\n<div class=\"woocommerce-product-details__short-description\">\n<p class=\"font_2\"><span style=\"color: #000000;\"><strong><span class=\"color_23\">HACCP System Plus-Liofilchem<\/span><\/strong><\/span><\/p>\n<p class=\"font_8\"><span style=\"color: #000000;\">Recuento bacteriano total e identicaci\u00f3n directa de los principales<\/span><\/p>\n<p class=\"font_8\"><span style=\"color: #000000;\">microorganismos pat\u00f3genos de supercies de la siguiente manera:<\/span><\/p>\n<p class=\"font_8\"><span class=\"wixGuard\" style=\"color: #000000;\">\u200b<\/span><\/p>\n<p class=\"font_8\"><span style=\"color: #000000;\">Contaminaci\u00f3n microbiana baja (4-50 CFU\/cm2)<\/span><\/p>\n<p class=\"font_8\"><span style=\"color: #000000;\">Contaminaci\u00f3n microbiana moderada (50-500 CFU\/cm2)<\/span><\/p>\n<p class=\"font_8\"><span style=\"color: #000000;\">Contaminaci\u00f3n microbiana alta (&gt;500 CFU\/cm2)<\/span><\/p>\n<p class=\"font_8\"><span class=\"wixGuard\" style=\"color: #000000;\">\u200b<\/span><\/p>\n<p class=\"font_8\"><span class=\"color_23\" style=\"color: #000000;\">Identificaci\u00f3n microbiana:<\/span><\/p>\n<p class=\"font_8\"><span class=\"wixGuard\" style=\"color: #000000;\">\u200b<\/span><\/p>\n<p class=\"font_8\"><span style=\"color: #000000;\">Salmonella spp.<\/span><\/p>\n<p class=\"font_8\"><span style=\"color: #000000;\">Citrobacter spp.<\/span><\/p>\n<p class=\"font_8\"><span style=\"color: #000000;\">Proteus spp.\/ Providencia spp.<\/span><\/p>\n<p class=\"font_8\"><span style=\"color: #000000;\">Escherichia coli<\/span><\/p>\n<p class=\"font_8\"><span style=\"color: #000000;\">Pseudomonas spp.<\/span><\/p>\n<p class=\"font_8\"><span style=\"color: #000000;\">Listeria spp.<\/span><\/p>\n<p class=\"font_8\"><span style=\"color: #000000;\">Staphylococcus aureus<\/span><\/p>\n<p class=\"font_8\"><span style=\"color: #000000;\">Hongos y Levaduras<\/span><\/p>\n<\/div>\n<div class=\"product_meta\"><span class=\"posted_in\" style=\"color: #000000;\">Categor\u00eda:\u00a0<a style=\"color: #000000;\" href=\"https:\/\/www.dqi.com.mx\/categoria-producto\/equipo-m-sanitaria\/\" rel=\"tag\">Equipo M. Sanitaria<\/a><\/span><\/div>\n<div>\n<hr \/>\n<\/div>\n","protected":false},"featured_media":403,"comment_status":"open","ping_status":"closed","template":"","meta":[],"_links":{"self":[{"href":"https:\/\/corequimicas.com.mx\/index.php\/wp-json\/wp\/v2\/product\/402"}],"collection":[{"href":"https:\/\/corequimicas.com.mx\/index.php\/wp-json\/wp\/v2\/product"}],"about":[{"href":"https:\/\/corequimicas.com.mx\/index.php\/wp-json\/wp\/v2\/types\/product"}],"replies":[{"embeddable":true,"href":"https:\/\/corequimicas.com.mx\/index.php\/wp-json\/wp\/v2\/comments?post=402"}],"wp:featuredmedia":[{"embeddable":true,"href":"https:\/\/corequimicas.com.mx\/index.php\/wp-json\/wp\/v2\/media\/403"}],"wp:attachment":[{"href":"https:\/\/corequimicas.com.mx\/index.php\/wp-json\/wp\/v2\/media?parent=402"}],"curies":[{"name":"wp","href":"https:\/\/api.w.org\/{rel}","templated":true}]}}